{"id":11945,"date":"2025-05-20T08:19:54","date_gmt":"2025-05-20T08:19:54","guid":{"rendered":"https:\/\/quizzical-davinci.89-31-73-59.plesk.page\/pianta\/cotinus-coggyra-royal-purple\/"},"modified":"2025-07-24T08:48:42","modified_gmt":"2025-07-24T08:48:42","slug":"cotinus-coggyra-royal-purple","status":"publish","type":"product","link":"https:\/\/vivaiobaronti.com\/fr\/pianta\/cotinus-coggyra-royal-purple\/","title":{"rendered":"COTINUS COGGYRA \u00ab\u00a0ROYAL PURPLE\u00a0\u00bb"},"content":{"rendered":"<p><span style=\"font-weight: 400\">Le Cotinus coggygria &lsquo;Royal Purple&rsquo;, aussi appel\u00e9 arbre \u00e0 brouillard, est un arbuste ornemental au grand impact visuel. Il est appr\u00e9ci\u00e9 pour son feuillage violet profond et ses inflorescences l\u00e9g\u00e8res et vaporeuses qui enveloppent la plante d&rsquo;un spectaculaire brouillard color\u00e9 en \u00e9t\u00e9. Id\u00e9al en isol\u00e9 pour un effet sc\u00e9nique, ou en association avec des plantes herbac\u00e9es ornementales, des rosiers ou des gramin\u00e9es, le Royal Purple est parfait pour les jardins modernes et naturels, gr\u00e2ce \u00e0 son faible entretien et \u00e0 sa grande r\u00e9sistance \u00e0 la s\u00e9cheresse.<\/span><\/p>\n","protected":false},"excerpt":{"rendered":"<p>Le Cotinus coggygria &lsquo;Royal Purple&rsquo;, aussi appel\u00e9 arbre \u00e0 brouillard, est un arbuste ornemental au grand impact visuel. Il est appr\u00e9ci\u00e9 pour son feuillage violet profond et ses inflorescences l\u00e9g\u00e8res et vaporeuses qui enveloppent la plante d&rsquo;un spectaculaire brouillard color\u00e9 en \u00e9t\u00e9. Id\u00e9al en isol\u00e9 pour un effet sc\u00e9nique, ou en association avec des plantes [&hellip;]<\/p>\n","protected":false},"featured_media":0,"template":"","meta":{"_acf_changed":false},"product_brand":[],"product_cat":[134,167],"product_tag":[],"class_list":{"0":"post-11945","1":"product","2":"type-product","3":"status-publish","5":"product_cat-plantes","6":"product_cat-demi-tige","7":"pa_forma-demi-tige","9":"first","10":"instock","11":"purchasable","12":"product-type-variable"},"acf":[],"_links":{"self":[{"href":"https:\/\/vivaiobaronti.com\/fr\/wp-json\/wp\/v2\/product\/11945","targetHints":{"allow":["GET"]}}],"collection":[{"href":"https:\/\/vivaiobaronti.com\/fr\/wp-json\/wp\/v2\/product"}],"about":[{"href":"https:\/\/vivaiobaronti.com\/fr\/wp-json\/wp\/v2\/types\/product"}],"wp:attachment":[{"href":"https:\/\/vivaiobaronti.com\/fr\/wp-json\/wp\/v2\/media?parent=11945"}],"wp:term":[{"taxonomy":"product_brand","embeddable":true,"href":"https:\/\/vivaiobaronti.com\/fr\/wp-json\/wp\/v2\/product_brand?post=11945"},{"taxonomy":"product_cat","embeddable":true,"href":"https:\/\/vivaiobaronti.com\/fr\/wp-json\/wp\/v2\/product_cat?post=11945"},{"taxonomy":"product_tag","embeddable":true,"href":"https:\/\/vivaiobaronti.com\/fr\/wp-json\/wp\/v2\/product_tag?post=11945"}],"curies":[{"name":"wp","href":"https:\/\/api.w.org\/{rel}","templated":true}]}}