{"id":11879,"date":"2025-05-20T08:19:54","date_gmt":"2025-05-20T08:19:54","guid":{"rendered":"https:\/\/quizzical-davinci.89-31-73-59.plesk.page\/pianta\/cordyline-southern-splendor\/"},"modified":"2025-07-24T08:48:42","modified_gmt":"2025-07-24T08:48:42","slug":"cordyline-southern-splendor","status":"publish","type":"product","link":"https:\/\/vivaiobaronti.com\/fr\/pianta\/cordyline-southern-splendor\/","title":{"rendered":"CORDYLINE SOUTHERN SPLENDOR"},"content":{"rendered":"<p><span style=\"font-weight: 400\">Cette vari\u00e9t\u00e9 peut atteindre une hauteur maximale d&rsquo;environ 2 m\u00e8tres et une largeur d&rsquo;environ 1 m\u00e8tre. Ses feuilles persistantes ont une forme \u00e9troite et allong\u00e9e, semblable \u00e0 une \u00e9p\u00e9e, avec des extr\u00e9mit\u00e9s effil\u00e9es et une l\u00e9g\u00e8re courbure sur les feuilles plus matures. Elles mesurent entre 40 et 90 cm de long et 3 \u00e0 7 cm de large \u00e0 la base. La floraison, qui a lieu en \u00e9t\u00e9 sur les sp\u00e9cimens adultes, est constitu\u00e9e de panicules denses et abondantes, de 60 \u00e0 100 cm de long, qui portent de petites fleurs blanches, parfum\u00e9es et riches en nectar. Apr\u00e8s la floraison, chaque branche peut se diviser en deux. Les fruits sont des baies blanches et arrondies, tr\u00e8s appr\u00e9ci\u00e9es des oiseaux. En vieillissant, la plante d\u00e9veloppe une \u00e9corce grise et fissur\u00e9e, avec un curieux aspect li\u00e9geux et une consistance spongieuse.<\/span> <span style=\"font-weight: 400\">Gr\u00e2ce \u00e0 sa r\u00e9sistance au vent et aux embruns, cette Cordyline est particuli\u00e8rement adapt\u00e9e aux zones c\u00f4ti\u00e8res. On peut l&rsquo;utiliser avec succ\u00e8s comme plante de massif, comme petit arbre d&rsquo;ornement pour l&rsquo;alignement, comme brise-vent ou m\u00eame comme sp\u00e9cimen isol\u00e9 dans les jardins au climat doux. Il trouve son habitat id\u00e9al le long des c\u00f4tes atlantique et m\u00e9diterran\u00e9enne et tol\u00e8re des temp\u00e9ratures allant jusqu&rsquo;\u00e0 -7 \u00b0C. Cela lui permet d&rsquo;\u00eatre cultiv\u00e9 m\u00eame dans les r\u00e9gions plus froides, \u00e0 condition de le placer dans de grands pots et de le d\u00e9placer dans un environnement prot\u00e9g\u00e9, comme une v\u00e9randa, pendant l&rsquo;hiver.<\/p>\n","protected":false},"excerpt":{"rendered":"<p>Cette vari\u00e9t\u00e9 peut atteindre une hauteur maximale d&rsquo;environ 2 m\u00e8tres et une largeur d&rsquo;environ 1 m\u00e8tre. Ses feuilles persistantes ont une forme \u00e9troite et allong\u00e9e, semblable \u00e0 une \u00e9p\u00e9e, avec des extr\u00e9mit\u00e9s effil\u00e9es et une l\u00e9g\u00e8re courbure sur les feuilles plus matures. Elles mesurent entre 40 et 90 cm de long et 3 \u00e0 7 [&hellip;]<\/p>\n","protected":false},"featured_media":5732,"template":"","meta":{"_acf_changed":false},"product_brand":[],"product_cat":[134,166],"product_tag":[],"class_list":{"0":"post-11879","1":"product","2":"type-product","3":"status-publish","4":"has-post-thumbnail","6":"product_cat-plantes","7":"product_cat-arbuste","8":"pa_forma-arbuste","10":"first","11":"instock","12":"purchasable","13":"product-type-variable"},"acf":[],"_links":{"self":[{"href":"https:\/\/vivaiobaronti.com\/fr\/wp-json\/wp\/v2\/product\/11879","targetHints":{"allow":["GET"]}}],"collection":[{"href":"https:\/\/vivaiobaronti.com\/fr\/wp-json\/wp\/v2\/product"}],"about":[{"href":"https:\/\/vivaiobaronti.com\/fr\/wp-json\/wp\/v2\/types\/product"}],"wp:featuredmedia":[{"embeddable":true,"href":"https:\/\/vivaiobaronti.com\/fr\/wp-json\/wp\/v2\/media\/5732"}],"wp:attachment":[{"href":"https:\/\/vivaiobaronti.com\/fr\/wp-json\/wp\/v2\/media?parent=11879"}],"wp:term":[{"taxonomy":"product_brand","embeddable":true,"href":"https:\/\/vivaiobaronti.com\/fr\/wp-json\/wp\/v2\/product_brand?post=11879"},{"taxonomy":"product_cat","embeddable":true,"href":"https:\/\/vivaiobaronti.com\/fr\/wp-json\/wp\/v2\/product_cat?post=11879"},{"taxonomy":"product_tag","embeddable":true,"href":"https:\/\/vivaiobaronti.com\/fr\/wp-json\/wp\/v2\/product_tag?post=11879"}],"curies":[{"name":"wp","href":"https:\/\/api.w.org\/{rel}","templated":true}]}}