{"id":11875,"date":"2025-05-20T08:19:54","date_gmt":"2025-05-20T08:19:54","guid":{"rendered":"https:\/\/quizzical-davinci.89-31-73-59.plesk.page\/pianta\/cordyline-paso-doble\/"},"modified":"2025-10-01T09:38:50","modified_gmt":"2025-10-01T09:38:50","slug":"cordyline-paso-doble","status":"publish","type":"product","link":"https:\/\/vivaiobaronti.com\/fr\/pianta\/cordyline-paso-doble\/","title":{"rendered":"CORDYLINE PASO DOBLE"},"content":{"rendered":"<p><span style=\"font-weight: 400\">La Cordyline &lsquo;Paso Doble&rsquo; est un hybride de Cordyline banksii et se distingue comme l&rsquo;une des vari\u00e9t\u00e9s les plus vives, avec ses feuilles rose intense et lumineux. Le feuillage se d\u00e9veloppe en rosette compacte, bien dress\u00e9e et pr\u00e8s du sol, conf\u00e9rant \u00e0 la plante un aspect extr\u00eamement d\u00e9coratif, m\u00eame pendant les mois d&rsquo;hiver. Gr\u00e2ce \u00e0 sa vivacit\u00e9 chromatique, cette vari\u00e9t\u00e9 est parfaite pour embellir terrasses, balcons ou massifs de fleurs d&rsquo;une touche exotique. Sous les climats doux, notamment dans les zones c\u00f4ti\u00e8res, elle peut \u00eatre cultiv\u00e9e en pleine terre\u00a0; elle pousse \u00e9galement bien dans de grands pots, parfaits pour les espaces abrit\u00e9s comme les v\u00e9randas pendant la saison froide. Fruit d&rsquo;une r\u00e9cente s\u00e9lection horticole, &lsquo;Paso Doble&rsquo; allie les caract\u00e9ristiques de la Cordyline australis \u00e0 celles de la Cordyline banksii, une esp\u00e8ce moins connue, \u00e0 croissance lente et moins rustique. Ces plantes vivaces, appartenant \u00e0 la famille des Agavaceae, sont originaires de Nouvelle-Z\u00e9lande et poussent spontan\u00e9ment dans des environnements tr\u00e8s vari\u00e9s, notamment en lisi\u00e8re de for\u00eat, sur les bords de rivi\u00e8re, dans les clairi\u00e8res et dans les zones humides proches des mar\u00e9cages. La croissance du Paso Doble est mod\u00e9r\u00e9e et la plante forme initialement une dense rosette de feuilles. Avec le temps, elle d\u00e9veloppe une structure arborescente avec un tronc court et quelques branches, chacune couronn\u00e9e de touffes de feuilles. En dix ans, elle peut atteindre environ 1,5 m\u00e8tre de haut et 1 m\u00e8tre de large, atteignant un maximum de 2,25 m\u00e8tres dans les deux sens. Les feuilles sont persistantes, longues et \u00e9troites, l\u00e9g\u00e8rement courb\u00e9es, aux extr\u00e9mit\u00e9s pointues et \u00e0 nombreuses nervures parall\u00e8les. Elles mesurent entre 40 et 70 cm de long et entre 3 et 6 cm \u00e0 la base. Leur couleur m\u00eale des nuances de rose, de pourpre, de rouge et de violet, dispos\u00e9es comme de larges coups de pinceau, ce qui rend la plante tr\u00e8s pittoresque. La floraison a lieu entre septembre et octobre, mais uniquement sur les sp\u00e9cimens matures. Chaque branche peut se ramifier davantage apr\u00e8s la floraison. Les fleurs, petites et cr\u00e8me, sont parfum\u00e9es et riches en nectar, rassembl\u00e9es en panicules denses pouvant atteindre 60 cm de long. <\/span><span style=\"font-weight: 400\">Tol\u00e9rante au vent et au sel, et peu exigeante en eau une fois bien enracin\u00e9e, cette vari\u00e9t\u00e9 est particuli\u00e8rement adapt\u00e9e aux environnements c\u00f4tiers, comme ceux de l&rsquo;Atlantique et de la M\u00e9diterran\u00e9e. Elle peut supporter de courtes p\u00e9riodes de froid, jusqu&rsquo;\u00e0 des temp\u00e9ratures comprises entre -5 \u00b0C et -7 \u00b0C. Dans les r\u00e9gions plus froides, il est pr\u00e9f\u00e9rable de la cultiver dans de grands pots et de les d\u00e9placer dans des endroits abrit\u00e9s pendant les mois d&rsquo;hiver, comme une v\u00e9randa ou un patio abrit\u00e9.<\/span><\/p>\n","protected":false},"excerpt":{"rendered":"<p>La Cordyline &lsquo;Paso Doble&rsquo; est un hybride de Cordyline banksii et se distingue comme l&rsquo;une des vari\u00e9t\u00e9s les plus vives, avec ses feuilles rose intense et lumineux. Le feuillage se d\u00e9veloppe en rosette compacte, bien dress\u00e9e et pr\u00e8s du sol, conf\u00e9rant \u00e0 la plante un aspect extr\u00eamement d\u00e9coratif, m\u00eame pendant les mois d&rsquo;hiver. Gr\u00e2ce \u00e0 [&hellip;]<\/p>\n","protected":false},"featured_media":61866,"template":"","meta":{"_acf_changed":false},"product_brand":[],"product_cat":[134,166],"product_tag":[],"class_list":{"0":"post-11875","1":"product","2":"type-product","3":"status-publish","4":"has-post-thumbnail","6":"product_cat-plantes","7":"product_cat-arbuste","8":"pa_forma-arbuste","10":"first","11":"instock","12":"purchasable","13":"product-type-variable"},"acf":[],"_links":{"self":[{"href":"https:\/\/vivaiobaronti.com\/fr\/wp-json\/wp\/v2\/product\/11875","targetHints":{"allow":["GET"]}}],"collection":[{"href":"https:\/\/vivaiobaronti.com\/fr\/wp-json\/wp\/v2\/product"}],"about":[{"href":"https:\/\/vivaiobaronti.com\/fr\/wp-json\/wp\/v2\/types\/product"}],"wp:featuredmedia":[{"embeddable":true,"href":"https:\/\/vivaiobaronti.com\/fr\/wp-json\/wp\/v2\/media\/61866"}],"wp:attachment":[{"href":"https:\/\/vivaiobaronti.com\/fr\/wp-json\/wp\/v2\/media?parent=11875"}],"wp:term":[{"taxonomy":"product_brand","embeddable":true,"href":"https:\/\/vivaiobaronti.com\/fr\/wp-json\/wp\/v2\/product_brand?post=11875"},{"taxonomy":"product_cat","embeddable":true,"href":"https:\/\/vivaiobaronti.com\/fr\/wp-json\/wp\/v2\/product_cat?post=11875"},{"taxonomy":"product_tag","embeddable":true,"href":"https:\/\/vivaiobaronti.com\/fr\/wp-json\/wp\/v2\/product_tag?post=11875"}],"curies":[{"name":"wp","href":"https:\/\/api.w.org\/{rel}","templated":true}]}}