{"id":11873,"date":"2025-05-20T08:19:54","date_gmt":"2025-05-20T08:19:54","guid":{"rendered":"https:\/\/quizzical-davinci.89-31-73-59.plesk.page\/pianta\/cordyline-australis-torbay-dazzler\/"},"modified":"2025-07-24T08:48:42","modified_gmt":"2025-07-24T08:48:42","slug":"cordyline-australis-torbay-dazzler","status":"publish","type":"product","link":"https:\/\/vivaiobaronti.com\/fr\/pianta\/cordyline-australis-torbay-dazzler\/","title":{"rendered":"CORDYLINE AUSTRALIS TORBAY DAZZLER"},"content":{"rendered":"<p><span style=\"font-weight: 400\">La Cordyline Australis &lsquo;Torbay Dazzler&rsquo; est une plante vivace originaire de Nouvelle-Z\u00e9lande, appartenant \u00e0 la famille des Asparagaceae, adapt\u00e9e \u00e0 la culture en ext\u00e9rieur comme en int\u00e9rieur. Elle se pr\u00e9sente comme une plante persistante au port compact et arbustif, dont la hauteur d\u00e9passe rarement un m\u00e8tre et demi. De sa tige courte et robuste se d\u00e9veloppent de longues feuilles ruban\u00e9es au centre, initialement dress\u00e9es puis recourb\u00e9es vers l&rsquo;extr\u00e9mit\u00e9. Son feuillage se distingue par sa couleur vert vif, bord\u00e9e de jaune, qui renforce sa valeur ornementale. En \u00e9t\u00e9, la plante produit des inflorescences panicul\u00e9es compos\u00e9es de petites fleurs blanc cr\u00e8me, r\u00e9put\u00e9es pour leur parfum intense et agr\u00e9able. Cette vari\u00e9t\u00e9 est id\u00e9ale comme \u00e9l\u00e9ment d\u00e9coratif, aussi bien en appartement que dans les jardins ou les massifs, o\u00f9 le climat hivernal reste doux. Elle pr\u00e9f\u00e8re les expositions ensoleill\u00e9es, mais s&rsquo;adapte \u00e9galement aux zones mi-ombrag\u00e9es, et tol\u00e8re bien les diff\u00e9rentes expositions.<\/p>\n","protected":false},"excerpt":{"rendered":"<p>La Cordyline Australis &lsquo;Torbay Dazzler&rsquo; est une plante vivace originaire de Nouvelle-Z\u00e9lande, appartenant \u00e0 la famille des Asparagaceae, adapt\u00e9e \u00e0 la culture en ext\u00e9rieur comme en int\u00e9rieur. Elle se pr\u00e9sente comme une plante persistante au port compact et arbustif, dont la hauteur d\u00e9passe rarement un m\u00e8tre et demi. De sa tige courte et robuste se [&hellip;]<\/p>\n","protected":false},"featured_media":0,"template":"","meta":{"_acf_changed":false},"product_brand":[],"product_cat":[134,166],"product_tag":[],"class_list":{"0":"post-11873","1":"product","2":"type-product","3":"status-publish","5":"product_cat-plantes","6":"product_cat-arbuste","7":"pa_forma-arbuste","9":"first","10":"instock","11":"purchasable","12":"product-type-variable"},"acf":[],"_links":{"self":[{"href":"https:\/\/vivaiobaronti.com\/fr\/wp-json\/wp\/v2\/product\/11873","targetHints":{"allow":["GET"]}}],"collection":[{"href":"https:\/\/vivaiobaronti.com\/fr\/wp-json\/wp\/v2\/product"}],"about":[{"href":"https:\/\/vivaiobaronti.com\/fr\/wp-json\/wp\/v2\/types\/product"}],"wp:attachment":[{"href":"https:\/\/vivaiobaronti.com\/fr\/wp-json\/wp\/v2\/media?parent=11873"}],"wp:term":[{"taxonomy":"product_brand","embeddable":true,"href":"https:\/\/vivaiobaronti.com\/fr\/wp-json\/wp\/v2\/product_brand?post=11873"},{"taxonomy":"product_cat","embeddable":true,"href":"https:\/\/vivaiobaronti.com\/fr\/wp-json\/wp\/v2\/product_cat?post=11873"},{"taxonomy":"product_tag","embeddable":true,"href":"https:\/\/vivaiobaronti.com\/fr\/wp-json\/wp\/v2\/product_tag?post=11873"}],"curies":[{"name":"wp","href":"https:\/\/api.w.org\/{rel}","templated":true}]}}