{"id":11871,"date":"2025-05-20T08:19:54","date_gmt":"2025-05-20T08:19:54","guid":{"rendered":"https:\/\/quizzical-davinci.89-31-73-59.plesk.page\/pianta\/cordyline-australis-red-star\/"},"modified":"2025-07-24T08:48:42","modified_gmt":"2025-07-24T08:48:42","slug":"cordyline-australis-red-star","status":"publish","type":"product","link":"https:\/\/vivaiobaronti.com\/fr\/pianta\/cordyline-australis-red-star\/","title":{"rendered":"CORDYLINE AUSTRALIS \u00ab\u00a0RED STAR\u00a0\u00bb"},"content":{"rendered":"<p>Cordyline australis &lsquo;Red Star&rsquo; est une esp\u00e8ce vivace originaire de Nouvelle-Z\u00e9lande, appartenant \u00e0 la famille des Asparagaceae. C&rsquo;est une plante persistante au port vigoureux, qui d\u00e9veloppe avec le temps une tige dress\u00e9e, pouvant atteindre 2 \u00e0 3 m\u00e8tres de hauteur. Ses feuilles, fines et allong\u00e9es, lanc\u00e9ol\u00e9es, sont rouge pourpre avec des nuances vert clair. Initialement droites, elles ont tendance \u00e0 s&rsquo;incurver vers l&rsquo;extr\u00e9mit\u00e9, cr\u00e9ant un effet ornemental tr\u00e8s \u00e9l\u00e9gant. En \u00e9t\u00e9, elle produit des inflorescences panicul\u00e9es ramifi\u00e9es, compos\u00e9es de nombreuses petites fleurs cr\u00e8me, connues pour leur parfum intense. Appr\u00e9ci\u00e9e pour l&rsquo;aspect d\u00e9coratif de son feuillage, la Cordyline australis &lsquo;Red Star&rsquo; est souvent utilis\u00e9e comme \u00e9l\u00e9ment de d\u00e9coration int\u00e9rieure et ext\u00e9rieure, dans les jardins et les massifs, gr\u00e2ce \u00e0 sa bonne tol\u00e9rance aux basses temp\u00e9ratures, \u00e0 condition qu&rsquo;elles ne descendent pas en dessous de z\u00e9ro. Elle pr\u00e9f\u00e8re les climats doux et les expositions ensoleill\u00e9es, mais s&rsquo;adapte \u00e9galement bien aux zones partiellement expos\u00e9es. De plus, il s&rsquo;av\u00e8re \u00e9galement adapt\u00e9 aux zones c\u00f4ti\u00e8res, gr\u00e2ce \u00e0 sa r\u00e9sistance \u00e0 la salinit\u00e9.<\/p>\n","protected":false},"excerpt":{"rendered":"<p>Cordyline australis &lsquo;Red Star&rsquo; est une esp\u00e8ce vivace originaire de Nouvelle-Z\u00e9lande, appartenant \u00e0 la famille des Asparagaceae. C&rsquo;est une plante persistante au port vigoureux, qui d\u00e9veloppe avec le temps une tige dress\u00e9e, pouvant atteindre 2 \u00e0 3 m\u00e8tres de hauteur. Ses feuilles, fines et allong\u00e9es, lanc\u00e9ol\u00e9es, sont rouge pourpre avec des nuances vert clair. Initialement [&hellip;]<\/p>\n","protected":false},"featured_media":25888,"template":"","meta":{"_acf_changed":false},"product_brand":[],"product_cat":[134,166],"product_tag":[],"class_list":{"0":"post-11871","1":"product","2":"type-product","3":"status-publish","4":"has-post-thumbnail","6":"product_cat-plantes","7":"product_cat-arbuste","8":"pa_forma-arbuste","10":"first","11":"instock","12":"purchasable","13":"product-type-variable"},"acf":[],"_links":{"self":[{"href":"https:\/\/vivaiobaronti.com\/fr\/wp-json\/wp\/v2\/product\/11871","targetHints":{"allow":["GET"]}}],"collection":[{"href":"https:\/\/vivaiobaronti.com\/fr\/wp-json\/wp\/v2\/product"}],"about":[{"href":"https:\/\/vivaiobaronti.com\/fr\/wp-json\/wp\/v2\/types\/product"}],"wp:featuredmedia":[{"embeddable":true,"href":"https:\/\/vivaiobaronti.com\/fr\/wp-json\/wp\/v2\/media\/25888"}],"wp:attachment":[{"href":"https:\/\/vivaiobaronti.com\/fr\/wp-json\/wp\/v2\/media?parent=11871"}],"wp:term":[{"taxonomy":"product_brand","embeddable":true,"href":"https:\/\/vivaiobaronti.com\/fr\/wp-json\/wp\/v2\/product_brand?post=11871"},{"taxonomy":"product_cat","embeddable":true,"href":"https:\/\/vivaiobaronti.com\/fr\/wp-json\/wp\/v2\/product_cat?post=11871"},{"taxonomy":"product_tag","embeddable":true,"href":"https:\/\/vivaiobaronti.com\/fr\/wp-json\/wp\/v2\/product_tag?post=11871"}],"curies":[{"name":"wp","href":"https:\/\/api.w.org\/{rel}","templated":true}]}}