{"id":11869,"date":"2025-05-20T08:19:47","date_gmt":"2025-05-20T08:19:47","guid":{"rendered":"https:\/\/quizzical-davinci.89-31-73-59.plesk.page\/pianta\/cordyline-australis-peko\/"},"modified":"2025-07-24T08:48:33","modified_gmt":"2025-07-24T08:48:33","slug":"cordyline-australis-peko","status":"publish","type":"product","link":"https:\/\/vivaiobaronti.com\/fr\/pianta\/cordyline-australis-peko\/","title":{"rendered":"CORDYLINE AUSTRALIS \u00ab\u00a0PEKO\u00a0\u00bb"},"content":{"rendered":"<p><span style=\"font-weight: 400\">La Cordyline Australis &lsquo;Peko&rsquo; est une plante vivace originaire de Nouvelle-Z\u00e9lande, appartenant \u00e0 la famille des Asparagaceae, adapt\u00e9e \u00e0 la culture en ext\u00e9rieur comme en int\u00e9rieur. Elle se pr\u00e9sente sous la forme d&rsquo;un arbuste persistant, capable de se d\u00e9velopper progressivement jusqu&rsquo;\u00e0 atteindre 2 m\u00e8tres de hauteur. La plante se caract\u00e9rise par une tige courte et robuste, d&rsquo;o\u00f9 se d\u00e9veloppent au centre de longues feuilles en forme de ruban\u00a0: d&rsquo;abord dress\u00e9es, elles tendent ensuite \u00e0 s&rsquo;arquer vers les extr\u00e9mit\u00e9s, pr\u00e9sentant des nuances de vert clair enrichies d&rsquo;\u00e9l\u00e9gantes nuances de rose.<\/span> <span style=\"font-weight: 400\">Appr\u00e9ci\u00e9e pour son aspect d\u00e9coratif et les contrastes chromatiques de son feuillage, cette vari\u00e9t\u00e9 est id\u00e9ale pour d\u00e9corer les espaces int\u00e9rieurs d&rsquo;une touche exotique, mais est \u00e9galement largement utilis\u00e9e dans les espaces ext\u00e9rieurs tels que les massifs de fleurs ou les jardins. Elle r\u00e9siste bien aux basses temp\u00e9ratures, \u00e0 condition qu&rsquo;elles ne descendent pas en dessous de z\u00e9ro, et pr\u00e9f\u00e8re un climat temp\u00e9r\u00e9.<\/span><\/p>\n","protected":false},"excerpt":{"rendered":"<p>La Cordyline Australis &lsquo;Peko&rsquo; est une plante vivace originaire de Nouvelle-Z\u00e9lande, appartenant \u00e0 la famille des Asparagaceae, adapt\u00e9e \u00e0 la culture en ext\u00e9rieur comme en int\u00e9rieur. Elle se pr\u00e9sente sous la forme d&rsquo;un arbuste persistant, capable de se d\u00e9velopper progressivement jusqu&rsquo;\u00e0 atteindre 2 m\u00e8tres de hauteur. La plante se caract\u00e9rise par une tige courte et [&hellip;]<\/p>\n","protected":false},"featured_media":61861,"template":"","meta":{"_acf_changed":false},"product_brand":[],"product_cat":[134,166],"product_tag":[],"class_list":{"0":"post-11869","1":"product","2":"type-product","3":"status-publish","4":"has-post-thumbnail","6":"product_cat-plantes","7":"product_cat-arbuste","8":"pa_forma-arbuste","10":"first","11":"instock","12":"purchasable","13":"product-type-variable"},"acf":[],"_links":{"self":[{"href":"https:\/\/vivaiobaronti.com\/fr\/wp-json\/wp\/v2\/product\/11869","targetHints":{"allow":["GET"]}}],"collection":[{"href":"https:\/\/vivaiobaronti.com\/fr\/wp-json\/wp\/v2\/product"}],"about":[{"href":"https:\/\/vivaiobaronti.com\/fr\/wp-json\/wp\/v2\/types\/product"}],"wp:featuredmedia":[{"embeddable":true,"href":"https:\/\/vivaiobaronti.com\/fr\/wp-json\/wp\/v2\/media\/61861"}],"wp:attachment":[{"href":"https:\/\/vivaiobaronti.com\/fr\/wp-json\/wp\/v2\/media?parent=11869"}],"wp:term":[{"taxonomy":"product_brand","embeddable":true,"href":"https:\/\/vivaiobaronti.com\/fr\/wp-json\/wp\/v2\/product_brand?post=11869"},{"taxonomy":"product_cat","embeddable":true,"href":"https:\/\/vivaiobaronti.com\/fr\/wp-json\/wp\/v2\/product_cat?post=11869"},{"taxonomy":"product_tag","embeddable":true,"href":"https:\/\/vivaiobaronti.com\/fr\/wp-json\/wp\/v2\/product_tag?post=11869"}],"curies":[{"name":"wp","href":"https:\/\/api.w.org\/{rel}","templated":true}]}}