{"id":11867,"date":"2025-05-20T08:19:47","date_gmt":"2025-05-20T08:19:47","guid":{"rendered":"https:\/\/quizzical-davinci.89-31-73-59.plesk.page\/pianta\/cordyline-australis-charlie-boy\/"},"modified":"2025-07-24T08:48:33","modified_gmt":"2025-07-24T08:48:33","slug":"cordyline-australis-charlie-boy","status":"publish","type":"product","link":"https:\/\/vivaiobaronti.com\/fr\/pianta\/cordyline-australis-charlie-boy\/","title":{"rendered":"CORDYLINE AUSTRALIS \u00ab\u00a0CHARLIE BOY\u00a0\u00bb"},"content":{"rendered":"<p><span style=\"font-weight: 400\">La Cordyline Australis Charlie Boy \u00ae\u00ef\u00b8 est une plante ornementale aux multiples qualit\u00e9s\u00a0: fascinante, polyvalente et capable d&rsquo;apporter une touche d&rsquo;exotisme o\u00f9 qu&rsquo;elle soit plac\u00e9e. Gr\u00e2ce \u00e0 son esth\u00e9tique particuli\u00e8re, sa r\u00e9sistance aux temp\u00e9ratures douces et sa facilit\u00e9 d&rsquo;entretien, elle repr\u00e9sente un excellent choix pour les amateurs de jardinage et pour ceux qui souhaitent embellir avec \u00e9l\u00e9gance leurs espaces int\u00e9rieurs ou ext\u00e9rieurs. La couleur caract\u00e9ristique de son feuillage fait de cette vari\u00e9t\u00e9 de Dracena la plante id\u00e9ale pour enrichir les rocailles, les petites bordures et les compositions d\u00e9coratives, en pleine terre comme en pot. Elle convient \u00e9galement \u00e0 la culture en int\u00e9rieur non chauff\u00e9, comme les entr\u00e9es, les v\u00e9randas ou les jardins d&rsquo;hiver.<\/span><\/p>\n","protected":false},"excerpt":{"rendered":"<p>La Cordyline Australis Charlie Boy \u00ae\u00ef\u00b8 est une plante ornementale aux multiples qualit\u00e9s\u00a0: fascinante, polyvalente et capable d&rsquo;apporter une touche d&rsquo;exotisme o\u00f9 qu&rsquo;elle soit plac\u00e9e. Gr\u00e2ce \u00e0 son esth\u00e9tique particuli\u00e8re, sa r\u00e9sistance aux temp\u00e9ratures douces et sa facilit\u00e9 d&rsquo;entretien, elle repr\u00e9sente un excellent choix pour les amateurs de jardinage et pour ceux qui souhaitent embellir [&hellip;]<\/p>\n","protected":false},"featured_media":0,"template":"","meta":{"_acf_changed":false},"product_brand":[],"product_cat":[134,166],"product_tag":[],"class_list":{"0":"post-11867","1":"product","2":"type-product","3":"status-publish","5":"product_cat-plantes","6":"product_cat-arbuste","7":"pa_forma-arbuste","9":"first","10":"instock","11":"purchasable","12":"product-type-variable"},"acf":[],"_links":{"self":[{"href":"https:\/\/vivaiobaronti.com\/fr\/wp-json\/wp\/v2\/product\/11867","targetHints":{"allow":["GET"]}}],"collection":[{"href":"https:\/\/vivaiobaronti.com\/fr\/wp-json\/wp\/v2\/product"}],"about":[{"href":"https:\/\/vivaiobaronti.com\/fr\/wp-json\/wp\/v2\/types\/product"}],"wp:attachment":[{"href":"https:\/\/vivaiobaronti.com\/fr\/wp-json\/wp\/v2\/media?parent=11867"}],"wp:term":[{"taxonomy":"product_brand","embeddable":true,"href":"https:\/\/vivaiobaronti.com\/fr\/wp-json\/wp\/v2\/product_brand?post=11867"},{"taxonomy":"product_cat","embeddable":true,"href":"https:\/\/vivaiobaronti.com\/fr\/wp-json\/wp\/v2\/product_cat?post=11867"},{"taxonomy":"product_tag","embeddable":true,"href":"https:\/\/vivaiobaronti.com\/fr\/wp-json\/wp\/v2\/product_tag?post=11867"}],"curies":[{"name":"wp","href":"https:\/\/api.w.org\/{rel}","templated":true}]}}