{"id":11865,"date":"2025-05-20T08:19:47","date_gmt":"2025-05-20T08:19:47","guid":{"rendered":"https:\/\/quizzical-davinci.89-31-73-59.plesk.page\/pianta\/cedrus-deodara\/"},"modified":"2026-02-03T09:06:10","modified_gmt":"2026-02-03T09:06:10","slug":"cedrus-deodara","status":"publish","type":"product","link":"https:\/\/vivaiobaronti.com\/fr\/pianta\/cedrus-deodara\/","title":{"rendered":"CEDRUS DEODARA PENDULA"},"content":{"rendered":"<p><span style=\"font-weight: 400\">Le c\u00e8dre de l&rsquo;Himalaya est un conif\u00e8re originaire des versants occidentaux de la cha\u00eene himalayenne, naturellement pr\u00e9sent dans des r\u00e9gions comme l&rsquo;est de l&rsquo;Afghanistan, le nord du Pakistan, le Cachemire, le Tibet, le N\u00e9pal et le nord de l&rsquo;Inde. Le nom \u00ab\u00a0deodara\u00a0\u00bb vient du sanskrit devadar, qui signifie \u00ab\u00a0arbre des dieux\u00a0\u00bb, en r\u00e9f\u00e9rence au lien spirituel avec les montagnes sacr\u00e9es de l&rsquo;Himalaya. Cette vari\u00e9t\u00e9 retombante se distingue par sa forme \u00e9l\u00e9gante et inhabituelle\u00a0: elle peut atteindre 8 \u00e0 10\u00a0m\u00e8tres de hauteur, avec de longues branches flexibles qui s&rsquo;enroulent autour du tronc. M\u00eame la cime de l&rsquo;arbre, lorsqu&rsquo;elle d\u00e9passe 3 \u00e0 4\u00a0m\u00e8tres, a tendance \u00e0 se courber l\u00e9g\u00e8rement, cr\u00e9ant une silhouette unique et irr\u00e9guli\u00e8re, id\u00e9ale pour cr\u00e9er des points de mire saisissants dans les jardins.<\/span><\/p>\n","protected":false},"excerpt":{"rendered":"<p>Le c\u00e8dre de l&rsquo;Himalaya est un conif\u00e8re originaire des versants occidentaux de la cha\u00eene himalayenne, naturellement pr\u00e9sent dans des r\u00e9gions comme l&rsquo;est de l&rsquo;Afghanistan, le nord du Pakistan, le Cachemire, le Tibet, le N\u00e9pal et le nord de l&rsquo;Inde. Le nom \u00ab\u00a0deodara\u00a0\u00bb vient du sanskrit devadar, qui signifie \u00ab\u00a0arbre des dieux\u00a0\u00bb, en r\u00e9f\u00e9rence au lien [&hellip;]<\/p>\n","protected":false},"featured_media":61856,"template":"","meta":{"_acf_changed":false},"product_brand":[],"product_cat":[134,169,166],"product_tag":[],"class_list":{"0":"post-11865","1":"product","2":"type-product","3":"status-publish","4":"has-post-thumbnail","6":"product_cat-plantes","7":"product_cat-mini-tige","8":"product_cat-arbuste","9":"pa_forma-arbuste","10":"pa_forma-cespuglio","11":"pa_forma-mini-tige","13":"first","14":"instock","15":"purchasable","16":"product-type-variable"},"acf":[],"_links":{"self":[{"href":"https:\/\/vivaiobaronti.com\/fr\/wp-json\/wp\/v2\/product\/11865","targetHints":{"allow":["GET"]}}],"collection":[{"href":"https:\/\/vivaiobaronti.com\/fr\/wp-json\/wp\/v2\/product"}],"about":[{"href":"https:\/\/vivaiobaronti.com\/fr\/wp-json\/wp\/v2\/types\/product"}],"wp:featuredmedia":[{"embeddable":true,"href":"https:\/\/vivaiobaronti.com\/fr\/wp-json\/wp\/v2\/media\/61856"}],"wp:attachment":[{"href":"https:\/\/vivaiobaronti.com\/fr\/wp-json\/wp\/v2\/media?parent=11865"}],"wp:term":[{"taxonomy":"product_brand","embeddable":true,"href":"https:\/\/vivaiobaronti.com\/fr\/wp-json\/wp\/v2\/product_brand?post=11865"},{"taxonomy":"product_cat","embeddable":true,"href":"https:\/\/vivaiobaronti.com\/fr\/wp-json\/wp\/v2\/product_cat?post=11865"},{"taxonomy":"product_tag","embeddable":true,"href":"https:\/\/vivaiobaronti.com\/fr\/wp-json\/wp\/v2\/product_tag?post=11865"}],"curies":[{"name":"wp","href":"https:\/\/api.w.org\/{rel}","templated":true}]}}