{"id":11863,"date":"2025-05-20T08:19:47","date_gmt":"2025-05-20T08:19:47","guid":{"rendered":"https:\/\/quizzical-davinci.89-31-73-59.plesk.page\/pianta\/cedrus-deodara-feelin-blue\/"},"modified":"2025-07-24T08:48:33","modified_gmt":"2025-07-24T08:48:33","slug":"cedrus-deodara-feelin-blue","status":"publish","type":"product","link":"https:\/\/vivaiobaronti.com\/fr\/pianta\/cedrus-deodara-feelin-blue\/","title":{"rendered":"CEDRUS DEODARA FEELIN\u00a0\u00bb BLUE"},"content":{"rendered":"<p><span style=\"font-weight: 400\">Le C\u00e8dre de l&rsquo;Himalaya ou C\u00e8dre de l&rsquo;Himalaya est un arbuste vivace d&rsquo;ext\u00e9rieur originaire de Hollande et appartenant \u00e0 la famille des Pinac\u00e9es. C&rsquo;est un conif\u00e8re persistant, couvre-sol et au port retombant. Cultiv\u00e9 sans tuteur, ses branches ont tendance \u00e0 tomber au sol et \u00e0 s&rsquo;\u00e9taler. Il atteint une hauteur de 2 \u00e0 3 m\u00e8tres et se caract\u00e9rise par un tronc brun, dens\u00e9ment ramifi\u00e9 d\u00e8s la base, et des feuilles en forme d&rsquo;aiguilles vert-bleu.<\/span><\/p>\n","protected":false},"excerpt":{"rendered":"<p>Le C\u00e8dre de l&rsquo;Himalaya ou C\u00e8dre de l&rsquo;Himalaya est un arbuste vivace d&rsquo;ext\u00e9rieur originaire de Hollande et appartenant \u00e0 la famille des Pinac\u00e9es. C&rsquo;est un conif\u00e8re persistant, couvre-sol et au port retombant. Cultiv\u00e9 sans tuteur, ses branches ont tendance \u00e0 tomber au sol et \u00e0 s&rsquo;\u00e9taler. Il atteint une hauteur de 2 \u00e0 3 m\u00e8tres [&hellip;]<\/p>\n","protected":false},"featured_media":61851,"template":"","meta":{"_acf_changed":false},"product_brand":[],"product_cat":[134,169,166],"product_tag":[],"class_list":{"0":"post-11863","1":"product","2":"type-product","3":"status-publish","4":"has-post-thumbnail","6":"product_cat-plantes","7":"product_cat-mini-tige","8":"product_cat-arbuste","9":"pa_forma-arbuste","10":"pa_forma-cespuglio","11":"pa_forma-mini-tige","13":"first","14":"instock","15":"purchasable","16":"product-type-variable"},"acf":[],"_links":{"self":[{"href":"https:\/\/vivaiobaronti.com\/fr\/wp-json\/wp\/v2\/product\/11863","targetHints":{"allow":["GET"]}}],"collection":[{"href":"https:\/\/vivaiobaronti.com\/fr\/wp-json\/wp\/v2\/product"}],"about":[{"href":"https:\/\/vivaiobaronti.com\/fr\/wp-json\/wp\/v2\/types\/product"}],"wp:featuredmedia":[{"embeddable":true,"href":"https:\/\/vivaiobaronti.com\/fr\/wp-json\/wp\/v2\/media\/61851"}],"wp:attachment":[{"href":"https:\/\/vivaiobaronti.com\/fr\/wp-json\/wp\/v2\/media?parent=11863"}],"wp:term":[{"taxonomy":"product_brand","embeddable":true,"href":"https:\/\/vivaiobaronti.com\/fr\/wp-json\/wp\/v2\/product_brand?post=11863"},{"taxonomy":"product_cat","embeddable":true,"href":"https:\/\/vivaiobaronti.com\/fr\/wp-json\/wp\/v2\/product_cat?post=11863"},{"taxonomy":"product_tag","embeddable":true,"href":"https:\/\/vivaiobaronti.com\/fr\/wp-json\/wp\/v2\/product_tag?post=11863"}],"curies":[{"name":"wp","href":"https:\/\/api.w.org\/{rel}","templated":true}]}}