{"id":11861,"date":"2025-05-20T08:19:47","date_gmt":"2025-05-20T08:19:47","guid":{"rendered":"https:\/\/quizzical-davinci.89-31-73-59.plesk.page\/pianta\/cedrus-atlantica-glauca\/"},"modified":"2025-07-24T08:48:33","modified_gmt":"2025-07-24T08:48:33","slug":"cedrus-atlantica-glauca","status":"publish","type":"product","link":"https:\/\/vivaiobaronti.com\/fr\/pianta\/cedrus-atlantica-glauca\/","title":{"rendered":"CEDRUS ATLANTICA \u00ab\u00a0GLAUCA\u00a0\u00bb"},"content":{"rendered":"<p><span style=\"font-weight: 400\">Le c\u00e8dre de l&rsquo;Atlas appartient \u00e0 la famille des Pinac\u00e9es et doit son nom \u00e0 ses origines montagneuses, dans les r\u00e9gions de l&rsquo;Atlas, entre le Maroc et l&rsquo;Alg\u00e9rie. \u00c9galement connu sous le nom de c\u00e8dre argent\u00e9 pour la teinte caract\u00e9ristique de ses feuilles, il existe dans une variante suggestive appel\u00e9e \u00ab\u00a0bleu pleureur\u00a0\u00bb, appr\u00e9ci\u00e9e pour sa forme retombante et sinueuse. Ce conif\u00e8re ornemental, \u00e0 l&rsquo;allure \u00e9l\u00e9gante, poss\u00e8de des branches flexibles couvertes d&rsquo;aiguilles d&rsquo;un bleu argent\u00e9 fascinant, id\u00e9ales pour embellir les rocailles, les bordures ou les jardini\u00e8res d\u00e9coratives. Gr\u00e2ce \u00e0 la possibilit\u00e9 de modeler sa croissance \u00e0 l&rsquo;aide de tuteurs, il s&rsquo;adapte facilement \u00e0 divers contextes, m\u00eame les plus restreints. Sa croissance lente et son aspect distinctif en font un choix raffin\u00e9 pour ceux qui souhaitent ajouter une touche d&rsquo;\u00e9l\u00e9gance et d&rsquo;originalit\u00e9 \u00e0 leur espace vert.<\/span><\/p>\n","protected":false},"excerpt":{"rendered":"<p>Le c\u00e8dre de l&rsquo;Atlas appartient \u00e0 la famille des Pinac\u00e9es et doit son nom \u00e0 ses origines montagneuses, dans les r\u00e9gions de l&rsquo;Atlas, entre le Maroc et l&rsquo;Alg\u00e9rie. \u00c9galement connu sous le nom de c\u00e8dre argent\u00e9 pour la teinte caract\u00e9ristique de ses feuilles, il existe dans une variante suggestive appel\u00e9e \u00ab\u00a0bleu pleureur\u00a0\u00bb, appr\u00e9ci\u00e9e pour sa [&hellip;]<\/p>\n","protected":false},"featured_media":61841,"template":"","meta":{"_acf_changed":false},"product_brand":[],"product_cat":[134,166],"product_tag":[],"class_list":{"0":"post-11861","1":"product","2":"type-product","3":"status-publish","4":"has-post-thumbnail","6":"product_cat-plantes","7":"product_cat-arbuste","8":"pa_forma-arbuste","10":"first","11":"instock","12":"purchasable","13":"product-type-variable"},"acf":[],"_links":{"self":[{"href":"https:\/\/vivaiobaronti.com\/fr\/wp-json\/wp\/v2\/product\/11861","targetHints":{"allow":["GET"]}}],"collection":[{"href":"https:\/\/vivaiobaronti.com\/fr\/wp-json\/wp\/v2\/product"}],"about":[{"href":"https:\/\/vivaiobaronti.com\/fr\/wp-json\/wp\/v2\/types\/product"}],"wp:featuredmedia":[{"embeddable":true,"href":"https:\/\/vivaiobaronti.com\/fr\/wp-json\/wp\/v2\/media\/61841"}],"wp:attachment":[{"href":"https:\/\/vivaiobaronti.com\/fr\/wp-json\/wp\/v2\/media?parent=11861"}],"wp:term":[{"taxonomy":"product_brand","embeddable":true,"href":"https:\/\/vivaiobaronti.com\/fr\/wp-json\/wp\/v2\/product_brand?post=11861"},{"taxonomy":"product_cat","embeddable":true,"href":"https:\/\/vivaiobaronti.com\/fr\/wp-json\/wp\/v2\/product_cat?post=11861"},{"taxonomy":"product_tag","embeddable":true,"href":"https:\/\/vivaiobaronti.com\/fr\/wp-json\/wp\/v2\/product_tag?post=11861"}],"curies":[{"name":"wp","href":"https:\/\/api.w.org\/{rel}","templated":true}]}}