{"id":11793,"date":"2025-05-20T08:19:47","date_gmt":"2025-05-20T08:19:47","guid":{"rendered":"https:\/\/quizzical-davinci.89-31-73-59.plesk.page\/pianta\/buddleja-davidii-flutterby-red\/"},"modified":"2025-07-24T08:48:33","modified_gmt":"2025-07-24T08:48:33","slug":"buddleja-davidii-flutterby-red","status":"publish","type":"product","link":"https:\/\/vivaiobaronti.com\/fr\/pianta\/buddleja-davidii-flutterby-red\/","title":{"rendered":"BUDDLEJA DAVIDII \u00ab\u00a0FLUTTERBY RED\u00a0\u00bb"},"content":{"rendered":"<p>Buddleja davidii &lsquo;Flutterby Red&rsquo; est une vari\u00e9t\u00e9 compacte et st\u00e9rile qui se distingue par sa production abondante et durable de panicules d&rsquo;un violet rouge vif, intens\u00e9ment parfum\u00e9es et tr\u00e8s attractives pour les papillons, les abeilles et autres insectes pollinisateurs. Ses feuilles lanc\u00e9ol\u00e9es, l\u00e9g\u00e8rement duveteuses, sont vert gris\u00e2tre, cr\u00e9ant un \u00e9l\u00e9gant contraste avec les fleurs. La floraison s&rsquo;\u00e9tend du milieu de l&rsquo;\u00e9t\u00e9 au d\u00e9but de l&rsquo;automne, avec un renouvellement continu sur les nouvelles branches. La plante a un port soign\u00e9 et bien ramifi\u00e9, une croissance \u00e9quilibr\u00e9e et un feuillage dense. L&rsquo;absence de production de graines rend cette vari\u00e9t\u00e9 non invasive, id\u00e9ale pour une utilisation ornementale, m\u00eame en milieu am\u00e9nag\u00e9 ou contr\u00f4l\u00e9.<\/p>\n","protected":false},"excerpt":{"rendered":"<p>Buddleja davidii &lsquo;Flutterby Red&rsquo; est une vari\u00e9t\u00e9 compacte et st\u00e9rile qui se distingue par sa production abondante et durable de panicules d&rsquo;un violet rouge vif, intens\u00e9ment parfum\u00e9es et tr\u00e8s attractives pour les papillons, les abeilles et autres insectes pollinisateurs. Ses feuilles lanc\u00e9ol\u00e9es, l\u00e9g\u00e8rement duveteuses, sont vert gris\u00e2tre, cr\u00e9ant un \u00e9l\u00e9gant contraste avec les fleurs. La [&hellip;]<\/p>\n","protected":false},"featured_media":0,"template":"","meta":{"_acf_changed":false},"product_brand":[],"product_cat":[134,166],"product_tag":[],"class_list":{"0":"post-11793","1":"product","2":"type-product","3":"status-publish","5":"product_cat-plantes","6":"product_cat-arbuste","7":"pa_forma-arbuste","9":"first","10":"instock","11":"purchasable","12":"product-type-variable"},"acf":[],"_links":{"self":[{"href":"https:\/\/vivaiobaronti.com\/fr\/wp-json\/wp\/v2\/product\/11793","targetHints":{"allow":["GET"]}}],"collection":[{"href":"https:\/\/vivaiobaronti.com\/fr\/wp-json\/wp\/v2\/product"}],"about":[{"href":"https:\/\/vivaiobaronti.com\/fr\/wp-json\/wp\/v2\/types\/product"}],"wp:attachment":[{"href":"https:\/\/vivaiobaronti.com\/fr\/wp-json\/wp\/v2\/media?parent=11793"}],"wp:term":[{"taxonomy":"product_brand","embeddable":true,"href":"https:\/\/vivaiobaronti.com\/fr\/wp-json\/wp\/v2\/product_brand?post=11793"},{"taxonomy":"product_cat","embeddable":true,"href":"https:\/\/vivaiobaronti.com\/fr\/wp-json\/wp\/v2\/product_cat?post=11793"},{"taxonomy":"product_tag","embeddable":true,"href":"https:\/\/vivaiobaronti.com\/fr\/wp-json\/wp\/v2\/product_tag?post=11793"}],"curies":[{"name":"wp","href":"https:\/\/api.w.org\/{rel}","templated":true}]}}