{"id":11695,"date":"2025-05-20T08:19:47","date_gmt":"2025-05-20T08:19:47","guid":{"rendered":"https:\/\/quizzical-davinci.89-31-73-59.plesk.page\/pianta\/buddleja-davidii-butterfly-candy-little-purple\/"},"modified":"2025-07-24T08:48:33","modified_gmt":"2025-07-24T08:48:33","slug":"buddleja-davidii-butterfly-candy-little-purple","status":"publish","type":"product","link":"https:\/\/vivaiobaronti.com\/fr\/pianta\/buddleja-davidii-butterfly-candy-little-purple\/","title":{"rendered":"BUDDLEJA DAVIDII \u00ab\u00a0BUTTERFLY CANDY LITTLE\u00a0\u00bb PURPLE"},"content":{"rendered":"<p>La Buddleja est un arbuste persistant aux branches l\u00e9g\u00e8rement arqu\u00e9es, connu pour sa croissance rapide et sa structure compacte et r\u00e9sistante, capable de tol\u00e9rer m\u00eame les temp\u00e9ratures rigoureuses. Ses fleurs d\u00e9gagent un parfum doux rappelant le miel et la vanille, attirant de nombreux papillons \u2014 d\u2019o\u00f9 son nom commun \u00ab arbre \u00e0 papillons \u00bb.<\/p>\n<p>Originaire de Chine, la Buddleja a \u00e9t\u00e9 introduite en Europe en 1893 et s\u2019est rapidement r\u00e9pandue gr\u00e2ce \u00e0 sa remarquable adaptabilit\u00e9 \u00e0 diff\u00e9rents types de sols, avec une pr\u00e9f\u00e9rence pour les sols calcaires. Il s&rsquo;agit d&rsquo;une petite plante \u00e0 port arrondi qui ne d\u00e9passe pas 80 cm de hauteur. Cette vari\u00e9t\u00e9 d\u00e9veloppe une v\u00e9g\u00e9tation tr\u00e8s ramifi\u00e9e, avec de courtes pousses dress\u00e9es, offrant une structure \u00e9quilibr\u00e9e.<\/p>\n<p>La p\u00e9riode id\u00e9ale pour la plantation est l\u2019automne. Elle ne n\u00e9cessite pas de soins particuliers, ce qui en fait une plante peu exigeante ; toutefois, il est essentiel de la planter dans un sol bien drain\u00e9, sans stagnation d\u2019eau, et en plein soleil. La Buddleja appr\u00e9cie l\u2019eau surtout pendant la floraison, mais elle souffre de l\u2019humidit\u00e9 stagnante, en particulier durant les mois froids.<\/p>\n<p>C\u2019est une esp\u00e8ce \u00e0 feuillage caduc, tr\u00e8s r\u00e9sistante et g\u00e9n\u00e9reuse en floraison. Ses feuilles sont lanc\u00e9ol\u00e9es, vert moyen \u00e0 fonc\u00e9, avec un revers gris\u00e2tre qui donne \u00e0 la plante un aspect l\u00e9g\u00e8rement argent\u00e9. Bien entretenue, elle prend une forme arrondie avec des branches arqu\u00e9es. La floraison appara\u00eet sur les nouvelles pousses \u00e0 partir de l\u2019\u00e9t\u00e9, avec des fleurs intens\u00e9ment parfum\u00e9es.<\/p>\n","protected":false},"excerpt":{"rendered":"<p>La Buddleja est un arbuste persistant aux branches l\u00e9g\u00e8rement arqu\u00e9es, connu pour sa croissance rapide et sa structure compacte et r\u00e9sistante, capable de tol\u00e9rer m\u00eame les temp\u00e9ratures rigoureuses. Ses fleurs d\u00e9gagent un parfum doux rappelant le miel et la vanille, attirant de nombreux papillons \u2014 d\u2019o\u00f9 son nom commun \u00ab arbre \u00e0 papillons \u00bb. Originaire [&hellip;]<\/p>\n","protected":false},"featured_media":5628,"template":"","meta":{"_acf_changed":false},"product_brand":[],"product_cat":[134,166],"product_tag":[],"class_list":{"0":"post-11695","1":"product","2":"type-product","3":"status-publish","4":"has-post-thumbnail","6":"product_cat-plantes","7":"product_cat-arbuste","8":"pa_forma-arbuste","10":"first","11":"instock","12":"purchasable","13":"product-type-variable"},"acf":[],"_links":{"self":[{"href":"https:\/\/vivaiobaronti.com\/fr\/wp-json\/wp\/v2\/product\/11695","targetHints":{"allow":["GET"]}}],"collection":[{"href":"https:\/\/vivaiobaronti.com\/fr\/wp-json\/wp\/v2\/product"}],"about":[{"href":"https:\/\/vivaiobaronti.com\/fr\/wp-json\/wp\/v2\/types\/product"}],"wp:featuredmedia":[{"embeddable":true,"href":"https:\/\/vivaiobaronti.com\/fr\/wp-json\/wp\/v2\/media\/5628"}],"wp:attachment":[{"href":"https:\/\/vivaiobaronti.com\/fr\/wp-json\/wp\/v2\/media?parent=11695"}],"wp:term":[{"taxonomy":"product_brand","embeddable":true,"href":"https:\/\/vivaiobaronti.com\/fr\/wp-json\/wp\/v2\/product_brand?post=11695"},{"taxonomy":"product_cat","embeddable":true,"href":"https:\/\/vivaiobaronti.com\/fr\/wp-json\/wp\/v2\/product_cat?post=11695"},{"taxonomy":"product_tag","embeddable":true,"href":"https:\/\/vivaiobaronti.com\/fr\/wp-json\/wp\/v2\/product_tag?post=11695"}],"curies":[{"name":"wp","href":"https:\/\/api.w.org\/{rel}","templated":true}]}}