{"id":11557,"date":"2025-05-20T08:19:47","date_gmt":"2025-05-20T08:19:47","guid":{"rendered":"https:\/\/quizzical-davinci.89-31-73-59.plesk.page\/pianta\/buddleja-davidii-fiore-rosa\/"},"modified":"2025-07-24T08:48:25","modified_gmt":"2025-07-24T08:48:25","slug":"buddleja-davidii-fiore-rosa","status":"publish","type":"product","link":"https:\/\/vivaiobaronti.com\/fr\/pianta\/buddleja-davidii-fiore-rosa\/","title":{"rendered":"BUDDLEJA DAVIDII &#8211; FIORE ROSA"},"content":{"rendered":"<p>La Buddleja est un arbuste persistant aux branches l\u00e9g\u00e8rement arqu\u00e9es, connu pour sa croissance rapide et sa structure compacte et r\u00e9sistante, capable de tol\u00e9rer m\u00eame des temp\u00e9ratures rigoureuses. Ses fleurs d\u00e9gagent un parfum doux rappelant le miel et la vanille, attirant de nombreux papillons \u2014 d\u2019o\u00f9 son nom commun de \u00ab arbre \u00e0 papillons \u00bb.<\/p>\n<p>Originaire de Chine, la Buddleja a \u00e9t\u00e9 introduite en Europe en 1893, se r\u00e9pandant rapidement gr\u00e2ce \u00e0 sa remarquable capacit\u00e9 d\u2019adaptation \u00e0 diff\u00e9rents types de sols, avec une pr\u00e9f\u00e9rence pour les sols calcaires. Cet arbuste peut d\u00e9passer deux m\u00e8tres de hauteur et se d\u00e9veloppe rapidement. L\u2019automne est la p\u00e9riode id\u00e9ale pour la plantation. Elle ne demande que peu d\u2019entretien, ce qui en fait une plante peu exigeante ; il est n\u00e9anmoins essentiel qu\u2019elle soit plant\u00e9e dans un sol bien drain\u00e9, sans stagnation d\u2019eau, et en plein soleil. La Buddleja appr\u00e9cie l\u2019eau surtout pendant la floraison, mais souffre de l\u2019humidit\u00e9 stagnante, notamment pendant les mois froids.<\/p>\n<p>C\u2019est une esp\u00e8ce \u00e0 feuillage caduc, tr\u00e8s r\u00e9sistante et g\u00e9n\u00e9reuse en floraison. Ses feuilles sont lanc\u00e9ol\u00e9es, de couleur vert moyen \u00e0 fonc\u00e9, avec un revers gris\u00e2tre, donnant \u00e0 la plante un aspect l\u00e9g\u00e8rement argent\u00e9. Si elle est bien entretenue, elle prend une forme arrondie avec des branches arqu\u00e9es. La floraison a lieu sur les nouvelles pousses \u00e0 partir de l\u2019\u00e9t\u00e9, avec des fleurs intens\u00e9ment parfum\u00e9es.<\/p>\n","protected":false},"excerpt":{"rendered":"<p>La Buddleja est un arbuste persistant aux branches l\u00e9g\u00e8rement arqu\u00e9es, connu pour sa croissance rapide et sa structure compacte et r\u00e9sistante, capable de tol\u00e9rer m\u00eame des temp\u00e9ratures rigoureuses. Ses fleurs d\u00e9gagent un parfum doux rappelant le miel et la vanille, attirant de nombreux papillons \u2014 d\u2019o\u00f9 son nom commun de \u00ab arbre \u00e0 papillons \u00bb. [&hellip;]<\/p>\n","protected":false},"featured_media":5947,"template":"","meta":{"_acf_changed":false},"product_brand":[],"product_cat":[134,169],"product_tag":[],"class_list":{"0":"post-11557","1":"product","2":"type-product","3":"status-publish","4":"has-post-thumbnail","6":"product_cat-plantes","7":"product_cat-mini-tige","8":"pa_forma-mini-tige","10":"first","11":"instock","12":"purchasable","13":"product-type-variable"},"acf":[],"_links":{"self":[{"href":"https:\/\/vivaiobaronti.com\/fr\/wp-json\/wp\/v2\/product\/11557","targetHints":{"allow":["GET"]}}],"collection":[{"href":"https:\/\/vivaiobaronti.com\/fr\/wp-json\/wp\/v2\/product"}],"about":[{"href":"https:\/\/vivaiobaronti.com\/fr\/wp-json\/wp\/v2\/types\/product"}],"wp:featuredmedia":[{"embeddable":true,"href":"https:\/\/vivaiobaronti.com\/fr\/wp-json\/wp\/v2\/media\/5947"}],"wp:attachment":[{"href":"https:\/\/vivaiobaronti.com\/fr\/wp-json\/wp\/v2\/media?parent=11557"}],"wp:term":[{"taxonomy":"product_brand","embeddable":true,"href":"https:\/\/vivaiobaronti.com\/fr\/wp-json\/wp\/v2\/product_brand?post=11557"},{"taxonomy":"product_cat","embeddable":true,"href":"https:\/\/vivaiobaronti.com\/fr\/wp-json\/wp\/v2\/product_cat?post=11557"},{"taxonomy":"product_tag","embeddable":true,"href":"https:\/\/vivaiobaronti.com\/fr\/wp-json\/wp\/v2\/product_tag?post=11557"}],"curies":[{"name":"wp","href":"https:\/\/api.w.org\/{rel}","templated":true}]}}