{"id":11357,"date":"2025-05-20T08:19:47","date_gmt":"2025-05-20T08:19:47","guid":{"rendered":"https:\/\/quizzical-davinci.89-31-73-59.plesk.page\/pianta\/arbutus-unedo\/"},"modified":"2025-07-24T08:48:25","modified_gmt":"2025-07-24T08:48:25","slug":"arbutus-unedo","status":"publish","type":"product","link":"https:\/\/vivaiobaronti.com\/fr\/pianta\/arbutus-unedo\/","title":{"rendered":"ARBUTUS UNEDO"},"content":{"rendered":"<p><span style=\"font-weight: 400;\">L&rsquo;arbousier (<\/span><i><span style=\"font-weight: 400;\">Arbutus unedo<\/span><\/i><span style=\"font-weight: 400;\">) est un arbre fruitier persistant appartenant \u00e0 la famille des \u00c9ricac\u00e9es. On le trouve couramment dans les pays riverains de la M\u00e9diterran\u00e9e occidentale et le long des c\u00f4tes sud de l&rsquo;Irlande. Il fait partie de la v\u00e9g\u00e9tation typique du maquis et de la for\u00eat m\u00e9diterran\u00e9enne. L&rsquo;une de ses caract\u00e9ristiques les plus distinctives est la pr\u00e9sence simultan\u00e9e, sur un m\u00eame sp\u00e9cimen, de fleurs et de fruits d\u00e9j\u00e0 m\u00fbrs. Cela est d\u00fb \u00e0 son cycle v\u00e9g\u00e9tatif particulier\u00a0: la floraison a lieu \u00e0 la m\u00eame p\u00e9riode que la maturation des fruits produits par les fleurs de l&rsquo;ann\u00e9e pr\u00e9c\u00e9dente. La plante peut avoir une forme arbustive ou pousser comme un v\u00e9ritable arbre, atteignant jusqu&rsquo;\u00e0 10\u00a0m\u00e8tres de hauteur. C&rsquo;est une esp\u00e8ce \u00e0 feuilles larges et persistantes, tr\u00e8s ramifi\u00e9e, dont les jeunes branches pr\u00e9sentent une couleur rouge\u00e2tre caract\u00e9ristique, ce qui augmente sa valeur ornementale. Sa croissance pr\u00e9sente un port naturel harmonieux et ordonn\u00e9. Son \u00e9corce, sombre et r\u00e9sistante, a tendance \u00e0 s&rsquo;\u00e9cailler en petites \u00e9cailles. Tr\u00e8s vivace, cette plante peut vivre des si\u00e8cles. Dans des environnements favorables, elle peut se d\u00e9velopper rapidement. Parmi les esp\u00e8ces m\u00e9diterran\u00e9ennes, elle est l&rsquo;une des plus r\u00e9sistantes aux incendies\u00a0: apr\u00e8s le passage du feu, elle se r\u00e9g\u00e9n\u00e8re rapidement gr\u00e2ce \u00e0 l&rsquo;\u00e9mission de nouveaux rejets. Bien qu&rsquo;elle s&rsquo;adapte \u00e0 diff\u00e9rents types de sols, elle pousse de pr\u00e9f\u00e9rence sur des sols acides ou subacides.<\/p>\n","protected":false},"excerpt":{"rendered":"<p>L&rsquo;arbousier (Arbutus unedo) est un arbre fruitier persistant appartenant \u00e0 la famille des \u00c9ricac\u00e9es. On le trouve couramment dans les pays riverains de la M\u00e9diterran\u00e9e occidentale et le long des c\u00f4tes sud de l&rsquo;Irlande. Il fait partie de la v\u00e9g\u00e9tation typique du maquis et de la for\u00eat m\u00e9diterran\u00e9enne. L&rsquo;une de ses caract\u00e9ristiques les plus distinctives [&hellip;]<\/p>\n","protected":false},"featured_media":8169,"template":"","meta":{"_acf_changed":false},"product_brand":[],"product_cat":[134,166],"product_tag":[],"class_list":{"0":"post-11357","1":"product","2":"type-product","3":"status-publish","4":"has-post-thumbnail","6":"product_cat-plantes","7":"product_cat-arbuste","8":"pa_forma-arbuste","10":"first","11":"instock","12":"purchasable","13":"product-type-variable"},"acf":[],"_links":{"self":[{"href":"https:\/\/vivaiobaronti.com\/fr\/wp-json\/wp\/v2\/product\/11357","targetHints":{"allow":["GET"]}}],"collection":[{"href":"https:\/\/vivaiobaronti.com\/fr\/wp-json\/wp\/v2\/product"}],"about":[{"href":"https:\/\/vivaiobaronti.com\/fr\/wp-json\/wp\/v2\/types\/product"}],"wp:featuredmedia":[{"embeddable":true,"href":"https:\/\/vivaiobaronti.com\/fr\/wp-json\/wp\/v2\/media\/8169"}],"wp:attachment":[{"href":"https:\/\/vivaiobaronti.com\/fr\/wp-json\/wp\/v2\/media?parent=11357"}],"wp:term":[{"taxonomy":"product_brand","embeddable":true,"href":"https:\/\/vivaiobaronti.com\/fr\/wp-json\/wp\/v2\/product_brand?post=11357"},{"taxonomy":"product_cat","embeddable":true,"href":"https:\/\/vivaiobaronti.com\/fr\/wp-json\/wp\/v2\/product_cat?post=11357"},{"taxonomy":"product_tag","embeddable":true,"href":"https:\/\/vivaiobaronti.com\/fr\/wp-json\/wp\/v2\/product_tag?post=11357"}],"curies":[{"name":"wp","href":"https:\/\/api.w.org\/{rel}","templated":true}]}}