{"id":11353,"date":"2025-05-20T08:19:47","date_gmt":"2025-05-20T08:19:47","guid":{"rendered":"https:\/\/quizzical-davinci.89-31-73-59.plesk.page\/pianta\/abelia-x-grandiflora\/"},"modified":"2025-07-24T08:48:25","modified_gmt":"2025-07-24T08:48:25","slug":"abelia-x-grandiflora","status":"publish","type":"product","link":"https:\/\/vivaiobaronti.com\/fr\/pianta\/abelia-x-grandiflora\/","title":{"rendered":"ABELIA X GRANDIFLORA"},"content":{"rendered":"<p><span style=\"font-weight: 400\">Ce sont des arbustes persistants ou semi-persistants, selon la rigueur du climat, originaires d&rsquo;Asie et du Mexique. Ils sont surtout appr\u00e9ci\u00e9s pour leur feuillage d\u00e9coratif et pour leur floraison abondante, qui appara\u00eet sur les jeunes pousses d&rsquo;un rouge violac\u00e9. La floraison d\u00e9bute en juin et se poursuit sans interruption jusqu&rsquo;\u00e0 fin octobre. Les fleurs, tubulaires ou en entonnoir, sont de petite taille mais rassembl\u00e9es en inflorescences voyantes qui poussent \u00e0 l&rsquo;aisselle des feuilles. Les calices violets persistent sur les branches m\u00eame apr\u00e8s la fin de la floraison, contribuant \u00e0 leur effet ornemental. Les ab\u00e9lias s&rsquo;adaptent bien aux sols courants, \u00e0 condition qu&rsquo;ils ne soient pas trop secs, qu&rsquo;ils supportent sans probl\u00e8me la taille et qu&rsquo;ils ne soient pas sujets aux maladies ou aux parasites. La plantation est recommand\u00e9e en septembre-octobre ou mars-avril, de pr\u00e9f\u00e9rence dans des zones ensoleill\u00e9es et bien abrit\u00e9es du vent. Ils sont parfaits pour les bordures, et dans les r\u00e9gions o\u00f9 les gel\u00e9es sont fr\u00e9quentes, il est pr\u00e9f\u00e9rable de les cultiver pr\u00e8s d&rsquo;un mur expos\u00e9 au soleil. Gr\u00e2ce \u00e0 la taille, ces plantes deviennent plus denses et id\u00e9ales pour la cr\u00e9ation de haies. Bien qu&rsquo;une taille r\u00e9guli\u00e8re ne soit pas n\u00e9cessaire, il est utile d&rsquo;\u00e9claircir les branches apr\u00e8s la floraison pour stimuler le d\u00e9veloppement de nouvelles pousses.<\/p>\n","protected":false},"excerpt":{"rendered":"<p>Ce sont des arbustes persistants ou semi-persistants, selon la rigueur du climat, originaires d&rsquo;Asie et du Mexique. Ils sont surtout appr\u00e9ci\u00e9s pour leur feuillage d\u00e9coratif et pour leur floraison abondante, qui appara\u00eet sur les jeunes pousses d&rsquo;un rouge violac\u00e9. La floraison d\u00e9bute en juin et se poursuit sans interruption jusqu&rsquo;\u00e0 fin octobre. Les fleurs, tubulaires [&hellip;]<\/p>\n","protected":false},"featured_media":61834,"template":"","meta":{"_acf_changed":false},"product_brand":[],"product_cat":[134,168],"product_tag":[],"class_list":{"0":"post-11353","1":"product","2":"type-product","3":"status-publish","4":"has-post-thumbnail","6":"product_cat-plantes","7":"product_cat-forme-pyramide","8":"pa_forma-forme-pyramide","10":"first","11":"instock","12":"purchasable","13":"product-type-variable"},"acf":[],"_links":{"self":[{"href":"https:\/\/vivaiobaronti.com\/fr\/wp-json\/wp\/v2\/product\/11353","targetHints":{"allow":["GET"]}}],"collection":[{"href":"https:\/\/vivaiobaronti.com\/fr\/wp-json\/wp\/v2\/product"}],"about":[{"href":"https:\/\/vivaiobaronti.com\/fr\/wp-json\/wp\/v2\/types\/product"}],"wp:featuredmedia":[{"embeddable":true,"href":"https:\/\/vivaiobaronti.com\/fr\/wp-json\/wp\/v2\/media\/61834"}],"wp:attachment":[{"href":"https:\/\/vivaiobaronti.com\/fr\/wp-json\/wp\/v2\/media?parent=11353"}],"wp:term":[{"taxonomy":"product_brand","embeddable":true,"href":"https:\/\/vivaiobaronti.com\/fr\/wp-json\/wp\/v2\/product_brand?post=11353"},{"taxonomy":"product_cat","embeddable":true,"href":"https:\/\/vivaiobaronti.com\/fr\/wp-json\/wp\/v2\/product_cat?post=11353"},{"taxonomy":"product_tag","embeddable":true,"href":"https:\/\/vivaiobaronti.com\/fr\/wp-json\/wp\/v2\/product_tag?post=11353"}],"curies":[{"name":"wp","href":"https:\/\/api.w.org\/{rel}","templated":true}]}}