{"id":11351,"date":"2025-05-20T08:19:47","date_gmt":"2025-05-20T08:19:47","guid":{"rendered":"https:\/\/quizzical-davinci.89-31-73-59.plesk.page\/pianta\/euonymus-elegantissimus-aureus\/"},"modified":"2025-07-24T08:48:58","modified_gmt":"2025-07-24T08:48:58","slug":"euonymus-elegantissimus-aureus","status":"publish","type":"product","link":"https:\/\/vivaiobaronti.com\/fr\/pianta\/euonymus-elegantissimus-aureus\/","title":{"rendered":"EUONYMUS ELEGANTISSIMUS AUREUS"},"content":{"rendered":"<p>Conif\u00e8re compact et ornemental, Euonymus japonicus &lsquo;Elegantissimus Aureus&rsquo; est un cultivar \u00e0 feuillage panach\u00e9 de l&rsquo;esp\u00e8ce E. japonicus, originaire d&rsquo;Extr\u00eame-Orient. Son port arbustif \u00e9rig\u00e9, \u00e0 la v\u00e9g\u00e9tation dense et bien ramifi\u00e9e, se pr\u00eate aussi bien \u00e0 la culture libre qu&rsquo;\u00e0 la formation de haies g\u00e9om\u00e9triques ou de bordures r\u00e9guli\u00e8res.<br \/>\nSon principal atout est son feuillage persistant\u00a0: les feuilles sont ovales, coriaces, aux bords l\u00e9g\u00e8rement dent\u00e9s et d&rsquo;une couleur vive, vert fonc\u00e9 au centre et jaune dor\u00e9 sur les bords. Cette panachure stable conf\u00e8re \u00e0 la plante de l&rsquo;\u00e9clat tout au long de l&rsquo;ann\u00e9e et renforce son int\u00e9r\u00eat ornemental m\u00eame en hiver. La floraison, peu d\u00e9corative, a lieu entre la fin du printemps et le d\u00e9but de l&rsquo;\u00e9t\u00e9, avec de petites fleurs vert jaun\u00e2tre, parfois suivies de capsules de fruits.<br \/>\nIl s&rsquo;adapte bien aux expositions ensoleill\u00e9es ou semi-ombrag\u00e9es, tol\u00e8re les conditions venteuses et salines, et r\u00e9siste \u00e0 la pollution urbaine. Il pr\u00e9f\u00e8re les sols frais mais bien drain\u00e9s et r\u00e9pond tr\u00e8s bien \u00e0 la taille, ce qui stimule son \u00e9paississement et permet un bon contr\u00f4le de sa forme. Il pr\u00e9sente une bonne rusticit\u00e9, m\u00eame s&rsquo;il b\u00e9n\u00e9ficie d&#8217;emplacements abrit\u00e9s dans les climats les plus froids.<br \/>\nSa grande adaptabilit\u00e9 fait de l&rsquo;Elegantissimus Aureus un arbre id\u00e9al pour la cr\u00e9ation de haies basses ou moyennes, de bordures persistantes, de massifs d\u00e9coratifs ou pour la culture en pot, o\u00f9 il offre une valeur d\u00e9corative continue avec un entretien limit\u00e9.<\/p>\n","protected":false},"excerpt":{"rendered":"<p>Conif\u00e8re compact et ornemental, Euonymus japonicus &lsquo;Elegantissimus Aureus&rsquo; est un cultivar \u00e0 feuillage panach\u00e9 de l&rsquo;esp\u00e8ce E. japonicus, originaire d&rsquo;Extr\u00eame-Orient. Son port arbustif \u00e9rig\u00e9, \u00e0 la v\u00e9g\u00e9tation dense et bien ramifi\u00e9e, se pr\u00eate aussi bien \u00e0 la culture libre qu&rsquo;\u00e0 la formation de haies g\u00e9om\u00e9triques ou de bordures r\u00e9guli\u00e8res. Son principal atout est son feuillage [&hellip;]<\/p>\n","protected":false},"featured_media":0,"template":"","meta":{"_acf_changed":false},"product_brand":[],"product_cat":[134,166,167],"product_tag":[],"class_list":{"0":"post-11351","1":"product","2":"type-product","3":"status-publish","5":"product_cat-plantes","6":"product_cat-arbuste","7":"product_cat-demi-tige","8":"pa_forma-arbuste","9":"pa_forma-demi-tige","10":"pa_forma-forme-boule","11":"pa_forma-mini-tige","13":"first","14":"instock","15":"purchasable","16":"product-type-variable"},"acf":[],"_links":{"self":[{"href":"https:\/\/vivaiobaronti.com\/fr\/wp-json\/wp\/v2\/product\/11351","targetHints":{"allow":["GET"]}}],"collection":[{"href":"https:\/\/vivaiobaronti.com\/fr\/wp-json\/wp\/v2\/product"}],"about":[{"href":"https:\/\/vivaiobaronti.com\/fr\/wp-json\/wp\/v2\/types\/product"}],"wp:attachment":[{"href":"https:\/\/vivaiobaronti.com\/fr\/wp-json\/wp\/v2\/media?parent=11351"}],"wp:term":[{"taxonomy":"product_brand","embeddable":true,"href":"https:\/\/vivaiobaronti.com\/fr\/wp-json\/wp\/v2\/product_brand?post=11351"},{"taxonomy":"product_cat","embeddable":true,"href":"https:\/\/vivaiobaronti.com\/fr\/wp-json\/wp\/v2\/product_cat?post=11351"},{"taxonomy":"product_tag","embeddable":true,"href":"https:\/\/vivaiobaronti.com\/fr\/wp-json\/wp\/v2\/product_tag?post=11351"}],"curies":[{"name":"wp","href":"https:\/\/api.w.org\/{rel}","templated":true}]}}