{"id":18522,"date":"2025-05-20T08:21:00","date_gmt":"2025-05-20T08:21:00","guid":{"rendered":"https:\/\/quizzical-davinci.89-31-73-59.plesk.page\/pianta\/xcupressocyparis-leylandii-gold-rider\/"},"modified":"2025-07-24T08:26:54","modified_gmt":"2025-07-24T08:26:54","slug":"xcupressocyparis-leylandii-gold-rider","status":"publish","type":"product","link":"https:\/\/vivaiobaronti.com\/de\/pianta\/xcupressocyparis-leylandii-gold-rider\/","title":{"rendered":"XCUPRESSOCYPARIS LEYLANDII GOLD RIDER"},"content":{"rendered":"<p>Cupressocyparis leylandii &#8218;Gold Rider&#8216; ist eine Zierform der Leyland-Zypresse, einer nat\u00fcrlichen Hybride aus der Familie der Cupressaceae. Diese Sorte zeichnet sich durch ihr goldenes Laub und ihren kompakten Wuchs aus und ist daher besonders beliebt in G\u00e4rten und Landschaften, in denen eine immergr\u00fcne, widerstandsf\u00e4hige Pflanze mit starker optischer Wirkung gefragt ist. Wie andere Leyland-Zypressen w\u00e4chst auch &#8218;Gold Rider&#8216; schnell, ist jedoch kleiner als die klassische Sorte und eignet sich daher ideal f\u00fcr kleine G\u00e4rten und st\u00e4dtische Bereiche. Cupressocyparis leylandii &#8218;Gold Rider&#8216; ist kegelf\u00f6rmig und aufrecht, jedoch kompakter als andere Leyland-Zypressen-Sorten. Sie erreicht eine H\u00f6he von 3-5 Metern und eine Breite von etwa 1,5-2 Metern. Die Pflanze beh\u00e4lt ihren regelm\u00e4\u00dfigen und dichten Wuchs und eignet sich daher ideal f\u00fcr niedrige Hecken, Rabatten oder als Solit\u00e4rpflanze in kleinen G\u00e4rten. Ein weiteres Merkmal dieser Sorte ist ihr schnelles Wachstum, das schon nach kurzer Zeit eine attraktive Zierwirkung erzielt. Die Bl\u00e4tter von &#8218;Gold Rider&#8216; sind das Hauptmerkmal dieser Sorte. Ihr leuchtend goldenes Laub kommt an sonnigen Standorten besonders gut zur Geltung und erzeugt einen leuchtenden und lebendigen Effekt, der das ganze Jahr \u00fcber anh\u00e4lt. In den Wintermonaten kann der goldene Farbton zu einem sanfteren Gelb verblassen, doch die Pflanze beh\u00e4lt ihren Charme. Die f\u00fcr die Gattung Cupressocyparis typischen kleinen und schuppigen Bl\u00e4tter verleihen der Pflanze eine feine Textur und ein elegantes Aussehen. Diese Sorte ist ideal f\u00fcr alle, die eine Pflanze suchen, die ihrem Garten auch in den k\u00e4ltesten Monaten Farbe und Struktur verleiht, da sie ihr goldenes Laub das ganze Jahr \u00fcber beh\u00e4lt. Ihr kompakter Wuchs und die Dichte ihres Laubes machen sie zudem ideal f\u00fcr die Gestaltung von gr\u00fcnen Barrieren, St\u00fctzhecken oder Rabatten, die eine elegante, aber unaufdringliche Optik erfordern. Cupressocyparis leylandii &#8218;Gold Rider&#8216; ist widerstandsf\u00e4hig gegen eine Vielzahl von klimatischen Bedingungen und passt sich problemlos an verschiedene Bodenarten an, sofern diese gut durchl\u00e4ssig sind. F\u00fcr eine optimale Farbe bevorzugt sie sonnige Standorte, vertr\u00e4gt aber auch halbschattige Bereiche. Die Pflanze ist, sobald sie gut angewachsen ist, relativ trockenheitsresistent, profitiert aber von regelm\u00e4\u00dfiger Bew\u00e4sserung w\u00e4hrend Perioden mit gro\u00dfer Hitze oder Trockenheit. Dar\u00fcber hinaus ist sie k\u00e4lte- und frostbest\u00e4ndig, sodass sie sich auch f\u00fcr raueres Klima eignet. Wie andere Sorten der Leyland-Zypresse muss auch &#8218;Gold Rider&#8216; regelm\u00e4\u00dfig beschnitten werden, um ihren kompakten und gesunden Wuchs zu erhalten. Obwohl die Pflanze schnell w\u00e4chst, hilft der Beschnitt, ihre Gr\u00f6\u00dfe zu kontrollieren und ein dichteres Wachstum zu f\u00f6rdern. Zusammenfassend ist Cupressocyparis leylandii &#8218;Gold Rider&#8216; eine sehr vielseitige Ziersypresse, ideal f\u00fcr alle, die eine immergr\u00fcne Pflanze mit Farbe und Struktur suchen, die schnell w\u00e4chst und leicht zu pflegen ist. Perfekt f\u00fcr moderne G\u00e4rten, Rabatten, Hecken oder als Zierpflanze in kleinen bis mittelgro\u00dfen Fl\u00e4chen.<\/p>\n","protected":false},"excerpt":{"rendered":"<p>Cupressocyparis leylandii &#8218;Gold Rider&#8216; ist eine Zierform der Leyland-Zypresse, einer nat\u00fcrlichen Hybride aus der Familie der Cupressaceae. Diese Sorte zeichnet sich durch ihr goldenes Laub und ihren kompakten Wuchs aus und ist daher besonders beliebt in G\u00e4rten und Landschaften, in denen eine immergr\u00fcne, widerstandsf\u00e4hige Pflanze mit starker optischer Wirkung gefragt ist. Wie andere Leyland-Zypressen w\u00e4chst [&hellip;]<\/p>\n","protected":false},"featured_media":18644,"template":"","meta":{"_acf_changed":false},"product_brand":[],"product_cat":[141,144],"product_tag":[],"class_list":{"0":"post-18522","1":"product","2":"type-product","3":"status-publish","4":"has-post-thumbnail","6":"product_cat-pflanzen","7":"product_cat-mini-stamm","8":"pa_forma-mini-stamm","10":"first","11":"instock","12":"purchasable","13":"product-type-variable"},"acf":[],"_links":{"self":[{"href":"https:\/\/vivaiobaronti.com\/de\/wp-json\/wp\/v2\/product\/18522","targetHints":{"allow":["GET"]}}],"collection":[{"href":"https:\/\/vivaiobaronti.com\/de\/wp-json\/wp\/v2\/product"}],"about":[{"href":"https:\/\/vivaiobaronti.com\/de\/wp-json\/wp\/v2\/types\/product"}],"wp:featuredmedia":[{"embeddable":true,"href":"https:\/\/vivaiobaronti.com\/de\/wp-json\/wp\/v2\/media\/18644"}],"wp:attachment":[{"href":"https:\/\/vivaiobaronti.com\/de\/wp-json\/wp\/v2\/media?parent=18522"}],"wp:term":[{"taxonomy":"product_brand","embeddable":true,"href":"https:\/\/vivaiobaronti.com\/de\/wp-json\/wp\/v2\/product_brand?post=18522"},{"taxonomy":"product_cat","embeddable":true,"href":"https:\/\/vivaiobaronti.com\/de\/wp-json\/wp\/v2\/product_cat?post=18522"},{"taxonomy":"product_tag","embeddable":true,"href":"https:\/\/vivaiobaronti.com\/de\/wp-json\/wp\/v2\/product_tag?post=18522"}],"curies":[{"name":"wp","href":"https:\/\/api.w.org\/{rel}","templated":true}]}}