{"id":18520,"date":"2025-05-20T08:21:00","date_gmt":"2025-05-20T08:21:00","guid":{"rendered":"https:\/\/quizzical-davinci.89-31-73-59.plesk.page\/pianta\/xcupressocyparis-leylandii\/"},"modified":"2025-07-24T08:26:54","modified_gmt":"2025-07-24T08:26:54","slug":"xcupressocyparis-leylandii","status":"publish","type":"product","link":"https:\/\/vivaiobaronti.com\/de\/pianta\/xcupressocyparis-leylandii\/","title":{"rendered":"XCUPRESSOCYPARIS LEYLANDII"},"content":{"rendered":"<p><span style=\"font-weight: 400\">Cupressocyparis leylandii, allgemein bekannt als Leyland-Zypresse, ist ein schnell wachsender immergr\u00fcner Baum aus der Familie der Cupressaceae. Diese nat\u00fcrliche Hybride entstand aus der Kreuzung der Zypresse Cupressus macrocarpa und der Zypresse Chamaecyparis nootkatensis. Die urspr\u00fcnglich auf den Britischen Inseln beheimatete Pflanze ist in G\u00e4rten und Stadtlandschaften sehr beliebt, da sie sich hervorragend zur Schaffung von Sichtschutzw\u00e4nden und hochdichten Barrieren eignet.<\/span> <span style=\"font-weight: 400\">Cupressocyparis leylandii hat einen aufrechten, kegelf\u00f6rmigen Wuchs und kann beachtliche H\u00f6hen von 15-20 Metern erreichen. Im ausgewachsenen Zustand erreicht sie eine Breite von 4-6 Metern. Ihr schnelles Wachstum macht sie zur idealen Wahl f\u00fcr alle, die in kurzer Zeit einen hohen Sichtschutz oder eine dichte Hecke w\u00fcnschen. Die Pflanze hat eine dichte Verzweigungsstruktur, wodurch sie sich perfekt f\u00fcr die Gestaltung von gr\u00fcnen Barrieren, Trennw\u00e4nden oder als dekoratives Element in G\u00e4rten und Parks eignet.<\/span> <span style=\"font-weight: 400\">Die Bl\u00e4tter sind schuppenf\u00f6rmig, klein, dunkelgr\u00fcn und spiralf\u00f6rmig entlang der Zweige angeordnet. Dieses Laub bleibt das ganze Jahr \u00fcber gr\u00fcn, auch in den Wintermonaten, was der Pflanze ein sehr dekoratives, immergr\u00fcnes Aussehen verleiht. Cupressocyparis leylandii bl\u00fcht nicht und tr\u00e4gt keine nennenswerten Fr\u00fcchte; ihre Bl\u00e4tter und ihr schnelles Wachstum machen sie jedoch zu einer begehrten Zier- und Nutzpflanze.<\/span> <span style=\"font-weight: 400\">Die Pflanze ist widerstandsf\u00e4hig und eignet sich f\u00fcr eine Vielzahl von B\u00f6den, solange diese gut durchl\u00e4ssig sind. Sie bevorzugt sonnige Standorte, vertr\u00e4gt aber auch leichten Schatten. Sobald die Leyland-Zypresse etabliert ist, ist sie relativ trockenheitsresistent, ben\u00f6tigt aber in trockeneren Perioden regelm\u00e4\u00dfiges Gie\u00dfen, um gesund und kr\u00e4ftig zu wachsen. Trotz ihrer Winterh\u00e4rte kann es in sehr kalten Klimazonen notwendig sein, die Wurzeln vor starkem Frost zu sch\u00fctzen, insbesondere in den ersten Jahren nach der Pflanzung.<\/span> <span style=\"font-weight: 400\">Cupressocyparis leylandii l\u00e4sst sich leicht zur\u00fcckschneiden und beh\u00e4lt so die gew\u00fcnschte Form, insbesondere als Hecke oder Sichtschutz. Regelm\u00e4\u00dfiger R\u00fcckschnitt hilft, das Wachstum einzud\u00e4mmen und ein gepflegtes Erscheinungsbild zu f\u00f6rdern. Allerdings ist auf das schnelle Wachstum zu achten, da \u00fcberm\u00e4\u00dfiger R\u00fcckschnitt die Pflanze schw\u00e4chen kann.<\/span> <span style=\"font-weight: 400\">Diese Art wird wegen ihres schnellen Wachstums und der M\u00f6glichkeit, Sichtschutz, Schallschutz oder ein strukturierendes Element in G\u00e4rten zu bilden, sehr gesch\u00e4tzt. Dar\u00fcber hinaus macht ihre Widerstandsf\u00e4higkeit und die F\u00e4higkeit, unterschiedliche Umweltbedingungen zu tolerieren, sie ideal f\u00fcr den Einsatz in G\u00e4rten, Alleen, Parks und entlang von Grundst\u00fccksgrenzen.<\/span><\/p>\n","protected":false},"excerpt":{"rendered":"<p>Cupressocyparis leylandii, allgemein bekannt als Leyland-Zypresse, ist ein schnell wachsender immergr\u00fcner Baum aus der Familie der Cupressaceae. Diese nat\u00fcrliche Hybride entstand aus der Kreuzung der Zypresse Cupressus macrocarpa und der Zypresse Chamaecyparis nootkatensis. Die urspr\u00fcnglich auf den Britischen Inseln beheimatete Pflanze ist in G\u00e4rten und Stadtlandschaften sehr beliebt, da sie sich hervorragend zur Schaffung von [&hellip;]<\/p>\n","protected":false},"featured_media":25854,"template":"","meta":{"_acf_changed":false},"product_brand":[],"product_cat":[141,144],"product_tag":[],"class_list":{"0":"post-18520","1":"product","2":"type-product","3":"status-publish","4":"has-post-thumbnail","6":"product_cat-pflanzen","7":"product_cat-mini-stamm","8":"pa_forma-mini-stamm","10":"first","11":"instock","12":"purchasable","13":"product-type-variable"},"acf":[],"_links":{"self":[{"href":"https:\/\/vivaiobaronti.com\/de\/wp-json\/wp\/v2\/product\/18520","targetHints":{"allow":["GET"]}}],"collection":[{"href":"https:\/\/vivaiobaronti.com\/de\/wp-json\/wp\/v2\/product"}],"about":[{"href":"https:\/\/vivaiobaronti.com\/de\/wp-json\/wp\/v2\/types\/product"}],"wp:featuredmedia":[{"embeddable":true,"href":"https:\/\/vivaiobaronti.com\/de\/wp-json\/wp\/v2\/media\/25854"}],"wp:attachment":[{"href":"https:\/\/vivaiobaronti.com\/de\/wp-json\/wp\/v2\/media?parent=18520"}],"wp:term":[{"taxonomy":"product_brand","embeddable":true,"href":"https:\/\/vivaiobaronti.com\/de\/wp-json\/wp\/v2\/product_brand?post=18520"},{"taxonomy":"product_cat","embeddable":true,"href":"https:\/\/vivaiobaronti.com\/de\/wp-json\/wp\/v2\/product_cat?post=18520"},{"taxonomy":"product_tag","embeddable":true,"href":"https:\/\/vivaiobaronti.com\/de\/wp-json\/wp\/v2\/product_tag?post=18520"}],"curies":[{"name":"wp","href":"https:\/\/api.w.org\/{rel}","templated":true}]}}