{"id":18518,"date":"2025-05-20T08:21:00","date_gmt":"2025-05-20T08:21:00","guid":{"rendered":"https:\/\/quizzical-davinci.89-31-73-59.plesk.page\/pianta\/xcupressocyparis-leylandii-castlewellan-gold\/"},"modified":"2025-07-24T08:26:54","modified_gmt":"2025-07-24T08:26:54","slug":"xcupressocyparis-leylandii-castlewellan-gold","status":"publish","type":"product","link":"https:\/\/vivaiobaronti.com\/de\/pianta\/xcupressocyparis-leylandii-castlewellan-gold\/","title":{"rendered":"XCUPRESSOCYPARIS LEYLANDII CASTLEWELLAN GOLD"},"content":{"rendered":"<p>Cupressocyparis leylandii &#8218;Castlewellan Gold&#8216; ist eine Sorte der Leyland-Zypresse aus der Familie der Cupressaceae, die f\u00fcr ihr goldgelbes Laub und ihr schnelles Wachstum bekannt ist. Diese Pflanze ist eine Kreuzung aus der Zypresse Cupressus macrocarpa und der Zypresse Chamaecyparis nootkatensis und z\u00e4hlt aufgrund ihres dekorativen Aussehens und ihrer F\u00e4higkeit, \u00e4sthetisch ansprechende gr\u00fcne Barrieren und Sichtschutze zu schaffen, zu den beliebtesten Sorten. Cupressocyparis leylandii &#8218;Castlewellan Gold&#8216; hat einen aufrechten, kegelf\u00f6rmigen Wuchs und kann im ausgewachsenen Zustand eine H\u00f6he von 10-15 Metern und eine Breite von 3-4 Metern erreichen. Sie w\u00e4chst schnell und eignet sich zwar ideal f\u00fcr die Gestaltung dichter Hecken und Sichtschutze, ben\u00f6tigt aber ausreichend Platz, um sich optimal zu entwickeln. Dank ihrer kompakten Form und ihres regelm\u00e4\u00dfigen Wuchses wird sie h\u00e4ufig in G\u00e4rten und Wohngebieten verwendet, um gr\u00fcne Trennw\u00e4nde, nat\u00fcrliche Sichtschutzmauern oder dekorative Rabatten zu schaffen. Die Bl\u00e4tter von &#8218;Castlewellan Gold&#8216; sind eines ihrer charakteristischsten Merkmale. Ihr leuchtendes Goldgelb wird durch die Sonne noch akzentuiert, was diese Sorte besonders in der k\u00e4lteren Jahreszeit interessant macht, wenn andere Pflanzen kahler wirken. Die goldene Farbe kann je nach Sonneneinstrahlung variieren und wird in voller Sonne intensiver und in schattigen Bereichen weicher. Im Winter beh\u00e4lt die Pflanze ihre Farbe, kann aber an schattigen oder k\u00e4lteren Standorten ins Gr\u00fcne \u00fcbergehen. Cupressocyparis leylandii &#8218;Castlewellan Gold&#8216; ist sehr widerstandsf\u00e4hig und passt sich verschiedenen Bodenarten an, bevorzugt jedoch gut durchl\u00e4ssige, fruchtbare und leicht saure B\u00f6den. Sie vertr\u00e4gt auch kargere B\u00f6den gut, ben\u00f6tigt aber eine gute Drainage, um Wurzelf\u00e4ule zu vermeiden. Die Pflanze vertr\u00e4gt sowohl Trockenheit als auch K\u00e4lte und ist daher in verschiedenen Klimazonen besonders winterhart, ben\u00f6tigt jedoch in l\u00e4ngeren Trockenperioden regelm\u00e4\u00dfiges Gie\u00dfen. Der Anbau von X Cupressocyparis leylandii &#8218;Castlewellan Gold&#8216; ist im Allgemeinen unkompliziert, obwohl die Pflanze von einem j\u00e4hrlichen R\u00fcckschnitt profitiert, um ihre dichte, kompakte Form zu erhalten, insbesondere wenn sie als hohe Hecke oder Heckenreihe verwendet wird. Da es sich um eine schnell wachsende Sorte handelt, ist ein regelm\u00e4\u00dfiger R\u00fcckschnitt sinnvoll, um ihre Gr\u00f6\u00dfe zu kontrollieren und sie ordentlich zu halten. Diese Leyland-Zypresse ist ideal f\u00fcr alle, die eine immergr\u00fcne Pflanze suchen, die das ganze Jahr \u00fcber leuchtende Farben bietet und sich schnell zu Hecken formen l\u00e4sst. Sie eignet sich perfekt f\u00fcr moderne G\u00e4rten, Alleen, Rabatten, formelle Hecken und f\u00fcr alle, die eine widerstandsf\u00e4hige, pflegeleichte Pflanze mit hohem Zierwert suchen.<\/p>\n","protected":false},"excerpt":{"rendered":"<p>Cupressocyparis leylandii &#8218;Castlewellan Gold&#8216; ist eine Sorte der Leyland-Zypresse aus der Familie der Cupressaceae, die f\u00fcr ihr goldgelbes Laub und ihr schnelles Wachstum bekannt ist. Diese Pflanze ist eine Kreuzung aus der Zypresse Cupressus macrocarpa und der Zypresse Chamaecyparis nootkatensis und z\u00e4hlt aufgrund ihres dekorativen Aussehens und ihrer F\u00e4higkeit, \u00e4sthetisch ansprechende gr\u00fcne Barrieren und Sichtschutze [&hellip;]<\/p>\n","protected":false},"featured_media":61744,"template":"","meta":{"_acf_changed":false},"product_brand":[],"product_cat":[144,141],"product_tag":[],"class_list":{"0":"post-18518","1":"product","2":"type-product","3":"status-publish","4":"has-post-thumbnail","6":"product_cat-mini-stamm","7":"product_cat-pflanzen","8":"pa_forma-mini-stamm","10":"first","11":"instock","12":"purchasable","13":"product-type-variable"},"acf":[],"_links":{"self":[{"href":"https:\/\/vivaiobaronti.com\/de\/wp-json\/wp\/v2\/product\/18518","targetHints":{"allow":["GET"]}}],"collection":[{"href":"https:\/\/vivaiobaronti.com\/de\/wp-json\/wp\/v2\/product"}],"about":[{"href":"https:\/\/vivaiobaronti.com\/de\/wp-json\/wp\/v2\/types\/product"}],"wp:featuredmedia":[{"embeddable":true,"href":"https:\/\/vivaiobaronti.com\/de\/wp-json\/wp\/v2\/media\/61744"}],"wp:attachment":[{"href":"https:\/\/vivaiobaronti.com\/de\/wp-json\/wp\/v2\/media?parent=18518"}],"wp:term":[{"taxonomy":"product_brand","embeddable":true,"href":"https:\/\/vivaiobaronti.com\/de\/wp-json\/wp\/v2\/product_brand?post=18518"},{"taxonomy":"product_cat","embeddable":true,"href":"https:\/\/vivaiobaronti.com\/de\/wp-json\/wp\/v2\/product_cat?post=18518"},{"taxonomy":"product_tag","embeddable":true,"href":"https:\/\/vivaiobaronti.com\/de\/wp-json\/wp\/v2\/product_tag?post=18518"}],"curies":[{"name":"wp","href":"https:\/\/api.w.org\/{rel}","templated":true}]}}