{"id":18505,"date":"2025-05-20T08:21:00","date_gmt":"2025-05-20T08:21:00","guid":{"rendered":"https:\/\/quizzical-davinci.89-31-73-59.plesk.page\/pianta\/viburnum-tinus-spirit-r-royalty\/"},"modified":"2025-07-24T08:26:54","modified_gmt":"2025-07-24T08:26:54","slug":"viburnum-tinus-spirit-r-royalty","status":"publish","type":"product","link":"https:\/\/vivaiobaronti.com\/de\/pianta\/viburnum-tinus-spirit-r-royalty\/","title":{"rendered":"VIBURNUM TINUS SPIRIT (R-ROYALTY)"},"content":{"rendered":"<p>Viburnum tinus &#8218;Spirit&#8216; ist eine immergr\u00fcne Schneeball-Sorte aus der Familie der Adoxaceae. Sie wird f\u00fcr ihren kompakten Wuchs, ihre duftende Bl\u00fcte und ihre F\u00e4higkeit, den Garten das ganze Jahr \u00fcber zu schm\u00fccken, gesch\u00e4tzt. Dank ihres dichten und gut verzweigten Wuchses, der ihr ein gepflegtes und ordentliches Aussehen verleiht, eignet sie sich ideal f\u00fcr immergr\u00fcne Hecken und Rabatten.<\/p>\n<p>Viburnum tinus &#8218;Spirit&#8216; hat einen runden und kompakten Wuchs und erreicht eine durchschnittliche H\u00f6he und Breite von 1,5\u20132 Metern. Die Pflanze entwickelt eine dichte und gut verzweigte Krone, wodurch sie sich perfekt als Hecke oder als dekoratives Einzelelement in kleinen G\u00e4rten eignet. Ihre kompakte Form und das dichte Laub machen sie auch ideal f\u00fcr die Topfkultur oder zur nat\u00fcrlichen Abgrenzung kleinerer Fl\u00e4chen.<br \/>\nViburnum tinus &#8218;Spirit&#8216; hat gl\u00e4nzende, dunkelgr\u00fcne, ledrige, immergr\u00fcne Bl\u00e4tter, die der Pflanze das ganze Jahr \u00fcber ein gesundes und frisches Aussehen verleihen. Im Winter behalten die Bl\u00e4tter ihre leuchtende Farbe, w\u00e4hrend sie im Herbst r\u00f6tliche oder violette T\u00f6ne annehmen k\u00f6nnen und auch nach der Bl\u00fcte optisch interessant wirken.<br \/>\nDiese Sorte bl\u00fcht vom Sp\u00e4twinter bis zum fr\u00fchen Fr\u00fchling und bildet gro\u00dfe B\u00fcschel kleiner wei\u00dfer Bl\u00fcten, die sich mit der Bl\u00fcte blassrosa verf\u00e4rben. Die Bl\u00fcten duften stark, ziehen Bienen, Schmetterlinge und andere Best\u00e4uber an und heben sich deutlich vom dunkelgr\u00fcnen Laub ab. Nach der Bl\u00fcte bildet Viburnum tinus &#8218;Spirit&#8216; bl\u00e4uliche Beeren, die ein zus\u00e4tzliches dekoratives Element darstellen und Wildv\u00f6geln im Winter Nahrung bieten.<br \/>\nDiese Viburnum-Sorte ist winterhart und pflegeleicht. Sie passt sich vielen B\u00f6den an, sofern diese gut durchl\u00e4ssig und m\u00e4\u00dfig fruchtbar sind. Sie bevorzugt sonnige oder halbschattige Standorte und vertr\u00e4gt Trockenheit, sobald sie sich gut etabliert hat. Wichtig ist jedoch, w\u00e4hrend der ersten Wachstumsphase und in besonders trockenen Perioden auf eine gute Bew\u00e4sserung zu achten. Die robuste Pflanze ist zudem k\u00e4lte- und frostbest\u00e4ndig und eignet sich daher ideal f\u00fcr G\u00e4rten in k\u00fchleren Klimazonen. Viburnum tinus &#8218;Spirit&#8216; eignet sich besonders f\u00fcr die Gestaltung mittelhoher immergr\u00fcner Hecken, bl\u00fchender Rabatten oder als Zierpflanze in kleinen und mittelgro\u00dfen G\u00e4rten. Seine Winterh\u00e4rte, die Sch\u00f6nheit seiner Winterbl\u00fcte und seine F\u00e4higkeit, auch in den k\u00e4ltesten Monaten sein gr\u00fcnes Laub zu behalten, machen ihn zu einer ausgezeichneten Wahl f\u00fcr alle, die eine vielseitige, pflegeleichte und langanhaltend attraktive Pflanze suchen.<\/p>\n","protected":false},"excerpt":{"rendered":"<p>Viburnum tinus &#8218;Spirit&#8216; ist eine immergr\u00fcne Schneeball-Sorte aus der Familie der Adoxaceae. Sie wird f\u00fcr ihren kompakten Wuchs, ihre duftende Bl\u00fcte und ihre F\u00e4higkeit, den Garten das ganze Jahr \u00fcber zu schm\u00fccken, gesch\u00e4tzt. Dank ihres dichten und gut verzweigten Wuchses, der ihr ein gepflegtes und ordentliches Aussehen verleiht, eignet sie sich ideal f\u00fcr immergr\u00fcne Hecken [&hellip;]<\/p>\n","protected":false},"featured_media":25819,"template":"","meta":{"_acf_changed":false},"product_brand":[],"product_cat":[141,144,147,143],"product_tag":[],"class_list":{"0":"post-18505","1":"product","2":"type-product","3":"status-publish","4":"has-post-thumbnail","6":"product_cat-pflanzen","7":"product_cat-mini-stamm","8":"product_cat-strauch","9":"product_cat-halbstamm","10":"pa_forma-halbstamm","11":"pa_forma-mini-stamm","12":"pa_forma-strauch","14":"first","15":"instock","16":"purchasable","17":"product-type-variable"},"acf":[],"_links":{"self":[{"href":"https:\/\/vivaiobaronti.com\/de\/wp-json\/wp\/v2\/product\/18505","targetHints":{"allow":["GET"]}}],"collection":[{"href":"https:\/\/vivaiobaronti.com\/de\/wp-json\/wp\/v2\/product"}],"about":[{"href":"https:\/\/vivaiobaronti.com\/de\/wp-json\/wp\/v2\/types\/product"}],"wp:featuredmedia":[{"embeddable":true,"href":"https:\/\/vivaiobaronti.com\/de\/wp-json\/wp\/v2\/media\/25819"}],"wp:attachment":[{"href":"https:\/\/vivaiobaronti.com\/de\/wp-json\/wp\/v2\/media?parent=18505"}],"wp:term":[{"taxonomy":"product_brand","embeddable":true,"href":"https:\/\/vivaiobaronti.com\/de\/wp-json\/wp\/v2\/product_brand?post=18505"},{"taxonomy":"product_cat","embeddable":true,"href":"https:\/\/vivaiobaronti.com\/de\/wp-json\/wp\/v2\/product_cat?post=18505"},{"taxonomy":"product_tag","embeddable":true,"href":"https:\/\/vivaiobaronti.com\/de\/wp-json\/wp\/v2\/product_tag?post=18505"}],"curies":[{"name":"wp","href":"https:\/\/api.w.org\/{rel}","templated":true}]}}