{"id":18498,"date":"2025-05-20T08:21:00","date_gmt":"2025-05-20T08:21:00","guid":{"rendered":"https:\/\/quizzical-davinci.89-31-73-59.plesk.page\/pianta\/viburnum-tinus-eve-price\/"},"modified":"2025-07-24T08:26:47","modified_gmt":"2025-07-24T08:26:47","slug":"viburnum-tinus-eve-price","status":"publish","type":"product","link":"https:\/\/vivaiobaronti.com\/de\/pianta\/viburnum-tinus-eve-price\/","title":{"rendered":"VIBURNUM TINUS EVE PRICE"},"content":{"rendered":"<p><span style=\"font-weight: 400\">Viburnum tinus &#8218;Eve Price&#8216; ist eine kompakte und dekorative Sorte des immergr\u00fcnen Schneeballs aus der Familie der Adoxaceae, die sich durch ihre reiche Bl\u00fcte im Winter und ihren dichten, runden Wuchs auszeichnet. Diese Sorte wird besonders gesch\u00e4tzt, weil sie das ganze Jahr \u00fcber, selbst in den k\u00e4ltesten Monaten, ein gr\u00fcnes und frisches Aussehen beh\u00e4lt und sich daher ideal f\u00fcr G\u00e4rten eignet, die in der kalten Jahreszeit einen Hauch von Farbe und Vitalit\u00e4t ben\u00f6tigen.<\/span> <span style=\"font-weight: 400\">Viburnum tinus &#8218;Eve Price&#8216; hat einen kompakten und gut verzweigten Wuchs und erreicht im Allgemeinen eine H\u00f6he und Breite von 1 bis 1,5 Metern. Die Pflanze hat eine dichte und rundliche Krone, die durch leichtes Beschneiden leicht in Form gehalten werden kann und sich daher ideal f\u00fcr die Gestaltung niedriger Hecken, Rabatten und K\u00fcbel eignet. Seine immergr\u00fcne Natur macht ihn perfekt f\u00fcr pflegeleichte G\u00e4rten, da er das ganze Jahr \u00fcber seine gleichbleibende Sch\u00f6nheit beh\u00e4lt.<\/span> <span style=\"font-weight: 400\">Die Bl\u00e4tter sind ledrig, dunkelgr\u00fcn und gl\u00e4nzend und verleihen der Pflanze ein h\u00fcbsches und kompaktes Aussehen. Im Herbst k\u00f6nnen sie sich rot oder violett verf\u00e4rben und so vor der neuen Bl\u00fcte einen zus\u00e4tzlichen Farbtupfer setzen. Die Bl\u00fcten, die die Hauptattraktion dieser Sorte sind, erscheinen von Mitte Winter bis zum Fr\u00fchling in Form gro\u00dfer Doldentrauben mit kleinen wei\u00dfen oder leicht rosa Bl\u00fcten. Diese Bl\u00fcten duften stark, ziehen Bienen und Schmetterlinge an und bilden einen angenehmen Kontrast zum immergr\u00fcnen Laub.<\/span> <span style=\"font-weight: 400\">Nach der Bl\u00fcte bildet Viburnum tinus &#8218;Eve Price&#8216; bl\u00e4uliche Beeren, die im Sommer reifen und der Pflanze ein weiteres dekoratives Element verleihen. Obwohl die Beeren f\u00fcr den Menschen nicht essbar sind, stellen sie im Winter eine wichtige Nahrungsquelle f\u00fcr V\u00f6gel dar.<\/span> <span style=\"font-weight: 400\">Diese Schneeballart ist winterhart und robust und bevorzugt sonnige oder halbschattige Standorte. Sie passt sich gut an viele verschiedene B\u00f6den an, bevorzugt aber gut durchl\u00e4ssige und m\u00e4\u00dfig fruchtbare B\u00f6den. Obwohl sie nach dem Anwachsen Trockenperioden vertr\u00e4gt, ist in der ersten Wachstumsphase und in besonders trockenen Perioden eine gute Bew\u00e4sserung wichtig.<\/span> <span style=\"font-weight: 400\">Viburnum tinus &#8218;Eve Price&#8216; ist eine vielseitige Pflanze, die sich perfekt f\u00fcr verschiedene Landschaftsgestaltungen eignet: f\u00fcr immergr\u00fcne Hecken, Blumenrabatten, Steing\u00e4rten oder als Solit\u00e4r in kleineren G\u00e4rten. Ihre K\u00e4lteresistenz und die Sch\u00f6nheit ihrer Winterbl\u00fcten machen sie auch ideal f\u00fcr rauere Klimazonen, in denen andere Pflanzen unter der kalten Jahreszeit leiden k\u00f6nnten.<\/span><\/p>\n","protected":false},"excerpt":{"rendered":"<p>Viburnum tinus &#8218;Eve Price&#8216; ist eine kompakte und dekorative Sorte des immergr\u00fcnen Schneeballs aus der Familie der Adoxaceae, die sich durch ihre reiche Bl\u00fcte im Winter und ihren dichten, runden Wuchs auszeichnet. Diese Sorte wird besonders gesch\u00e4tzt, weil sie das ganze Jahr \u00fcber, selbst in den k\u00e4ltesten Monaten, ein gr\u00fcnes und frisches Aussehen beh\u00e4lt und [&hellip;]<\/p>\n","protected":false},"featured_media":25794,"template":"","meta":{"_acf_changed":false},"product_brand":[],"product_cat":[141,144,147,143],"product_tag":[],"class_list":{"0":"post-18498","1":"product","2":"type-product","3":"status-publish","4":"has-post-thumbnail","6":"product_cat-pflanzen","7":"product_cat-mini-stamm","8":"product_cat-strauch","9":"product_cat-halbstamm","10":"pa_forma-halbstamm","11":"pa_forma-mini-stamm","12":"pa_forma-strauch","14":"first","15":"instock","16":"purchasable","17":"product-type-variable"},"acf":[],"_links":{"self":[{"href":"https:\/\/vivaiobaronti.com\/de\/wp-json\/wp\/v2\/product\/18498","targetHints":{"allow":["GET"]}}],"collection":[{"href":"https:\/\/vivaiobaronti.com\/de\/wp-json\/wp\/v2\/product"}],"about":[{"href":"https:\/\/vivaiobaronti.com\/de\/wp-json\/wp\/v2\/types\/product"}],"wp:featuredmedia":[{"embeddable":true,"href":"https:\/\/vivaiobaronti.com\/de\/wp-json\/wp\/v2\/media\/25794"}],"wp:attachment":[{"href":"https:\/\/vivaiobaronti.com\/de\/wp-json\/wp\/v2\/media?parent=18498"}],"wp:term":[{"taxonomy":"product_brand","embeddable":true,"href":"https:\/\/vivaiobaronti.com\/de\/wp-json\/wp\/v2\/product_brand?post=18498"},{"taxonomy":"product_cat","embeddable":true,"href":"https:\/\/vivaiobaronti.com\/de\/wp-json\/wp\/v2\/product_cat?post=18498"},{"taxonomy":"product_tag","embeddable":true,"href":"https:\/\/vivaiobaronti.com\/de\/wp-json\/wp\/v2\/product_tag?post=18498"}],"curies":[{"name":"wp","href":"https:\/\/api.w.org\/{rel}","templated":true}]}}