{"id":18432,"date":"2025-05-20T08:21:00","date_gmt":"2025-05-20T08:21:00","guid":{"rendered":"https:\/\/quizzical-davinci.89-31-73-59.plesk.page\/pianta\/thuja-occidentalis-smaragd\/"},"modified":"2025-07-24T08:26:47","modified_gmt":"2025-07-24T08:26:47","slug":"thuja-occidentalis-smaragd","status":"publish","type":"product","link":"https:\/\/vivaiobaronti.com\/de\/pianta\/thuja-occidentalis-smaragd\/","title":{"rendered":"THUJA OCCIDENTALIS SMARAGD"},"content":{"rendered":"<p><span style=\"font-weight: 400;\">Thuja occidentalis &#8218;Smaragd&#8216;, allgemein bekannt als Leyland-Zypresse-Smaragd oder Immergr\u00fcne Zypresse-Smaragd, ist eine Thuja-Sorte aus der Familie der Cupressaceae, die f\u00fcr ihre konische Form und ihre leuchtend gr\u00fcne Farbe gesch\u00e4tzt wird, die das ganze Jahr \u00fcber gleich bleibt. Diese Sorte zeichnet sich durch ihre kompakte und schmale Form aus, wodurch sie sich besonders f\u00fcr Hecken, vertikale Begrenzungen oder als dekoratives Element in kleinen und mittelgro\u00dfen G\u00e4rten eignet.<\/span> <span style=\"font-weight: 400;\">Die Pflanze weist ein langsames, aber konstantes Wachstum auf, wodurch sie im ausgewachsenen Zustand eine H\u00f6he von 4-6 Metern und eine Breite von etwa 1,2 Metern erreichen kann. Seine pyramidenf\u00f6rmige und schmale Form macht ihn ideal f\u00fcr die Gestaltung hoher und schmaler gr\u00fcner Barrieren, er kann aber auch als einzelne Zierpflanze oder zur Gestaltung eleganter gr\u00fcner Gruppen verwendet werden.<\/span> <span style=\"font-weight: 400;\">Die Bl\u00e4tter von Thuja occidentalis &#8218;Smaragd&#8216; haben ein tiefes und leuchtendes Gr\u00fcn, das das ganze Jahr \u00fcber seine Lebendigkeit beh\u00e4lt, selbst in den Wintermonaten, wenn viele andere Nadelb\u00e4ume dazu neigen, ihre Farbe zu verlieren oder gelb zu werden. Daher wird er besonders wegen seines gleichbleibend dekorativen Aussehens gesch\u00e4tzt. Die in \u00fcberlappenden Schuppen angeordneten Bl\u00e4tter verleihen der Pflanze ein dichtes und kompaktes Aussehen, sehr ordentlich, was ihre Eleganz unterstreicht. Thuja occidentalis &#8218;Smaragd&#8216; ist eine widerstandsf\u00e4hige und einfach zu kultivierende Sorte, die sich gut an eine Vielzahl von B\u00f6den anpasst, vorzugsweise frische, gut durchl\u00e4ssige und leicht saure. Sie ist eine k\u00e4lteresistente Pflanze und vertr\u00e4gt Temperaturen bis -30 \u00b0C, wodurch sie sich auch f\u00fcr strengere Klimazonen ideal eignet. Dar\u00fcber hinaus vertr\u00e4gt sie Schnitt gut, wodurch die Pflanze ihre gew\u00fcnschte Form beh\u00e4lt und gleichzeitig ihr nat\u00fcrlicher, kegelf\u00f6rmiger Wuchs erhalten bleibt.<\/span> <span style=\"font-weight: 400;\">Diese Thuja bevorzugt volle Sonne oder leichten Schatten. Um die maximale Farbintensit\u00e4t der Bl\u00e4tter zu erzielen, ist ein sonniger Standort empfehlenswert. Sie ben\u00f6tigt keine besondere Pflege, au\u00dfer regelm\u00e4\u00dfigem Gie\u00dfen w\u00e4hrend l\u00e4ngerer Trockenperioden, insbesondere in den ersten Wachstumsjahren. Sie ist zudem widerstandsf\u00e4hig gegen Luftverschmutzung und eignet sich daher ideal f\u00fcr st\u00e4dtische G\u00e4rten oder zur Dekoration von Wohngebieten.<\/span> <span style=\"font-weight: 400;\">Thuja occidentalis &#8218;Smaragd&#8216; eignet sich perfekt f\u00fcr die Gestaltung dichter immergr\u00fcner Hecken, Sichtschutzw\u00e4nde oder als lebendiges Gr\u00fcnelement f\u00fcr formale, moderne oder Landschaftsg\u00e4rten. Ihr kompakter Wuchs und ihr sch\u00f6nes Laub machen sie zu einer beliebten Wahl f\u00fcr vertikale Beete und nat\u00fcrliche Sichtschutze und verleihen jeder Gr\u00fcnfl\u00e4che Eleganz und Struktur.<\/span><\/p>\n","protected":false},"excerpt":{"rendered":"<p>Thuja occidentalis &#8218;Smaragd&#8216;, allgemein bekannt als Leyland-Zypresse-Smaragd oder Immergr\u00fcne Zypresse-Smaragd, ist eine Thuja-Sorte aus der Familie der Cupressaceae, die f\u00fcr ihre konische Form und ihre leuchtend gr\u00fcne Farbe gesch\u00e4tzt wird, die das ganze Jahr \u00fcber gleich bleibt. Diese Sorte zeichnet sich durch ihre kompakte und schmale Form aus, wodurch sie sich besonders f\u00fcr Hecken, vertikale [&hellip;]<\/p>\n","protected":false},"featured_media":8030,"template":"","meta":{"_acf_changed":false},"product_brand":[],"product_cat":[141,144],"product_tag":[],"class_list":{"0":"post-18432","1":"product","2":"type-product","3":"status-publish","4":"has-post-thumbnail","6":"product_cat-pflanzen","7":"product_cat-mini-stamm","8":"pa_forma-mini-stamm","10":"first","11":"instock","12":"purchasable","13":"product-type-variable"},"acf":[],"_links":{"self":[{"href":"https:\/\/vivaiobaronti.com\/de\/wp-json\/wp\/v2\/product\/18432","targetHints":{"allow":["GET"]}}],"collection":[{"href":"https:\/\/vivaiobaronti.com\/de\/wp-json\/wp\/v2\/product"}],"about":[{"href":"https:\/\/vivaiobaronti.com\/de\/wp-json\/wp\/v2\/types\/product"}],"wp:featuredmedia":[{"embeddable":true,"href":"https:\/\/vivaiobaronti.com\/de\/wp-json\/wp\/v2\/media\/8030"}],"wp:attachment":[{"href":"https:\/\/vivaiobaronti.com\/de\/wp-json\/wp\/v2\/media?parent=18432"}],"wp:term":[{"taxonomy":"product_brand","embeddable":true,"href":"https:\/\/vivaiobaronti.com\/de\/wp-json\/wp\/v2\/product_brand?post=18432"},{"taxonomy":"product_cat","embeddable":true,"href":"https:\/\/vivaiobaronti.com\/de\/wp-json\/wp\/v2\/product_cat?post=18432"},{"taxonomy":"product_tag","embeddable":true,"href":"https:\/\/vivaiobaronti.com\/de\/wp-json\/wp\/v2\/product_tag?post=18432"}],"curies":[{"name":"wp","href":"https:\/\/api.w.org\/{rel}","templated":true}]}}