{"id":18422,"date":"2025-05-20T08:20:54","date_gmt":"2025-05-20T08:20:54","guid":{"rendered":"https:\/\/quizzical-davinci.89-31-73-59.plesk.page\/pianta\/rhincosperum-ang-tricolor\/"},"modified":"2025-07-24T08:26:46","modified_gmt":"2025-07-24T08:26:46","slug":"rhincosperum-ang-tricolor","status":"publish","type":"product","link":"https:\/\/vivaiobaronti.com\/de\/pianta\/rhincosperum-ang-tricolor\/","title":{"rendered":"RHINCOSPERUM ANG.TRICOLOR"},"content":{"rendered":"<p>Rhynchospermum asiaticum &#8218;Tricolor&#8216; ist eine Ziersorte asiatischen Ursprungs, die f\u00fcr ihr buntes und kompaktes Laub gesch\u00e4tzt wird. Die immergr\u00fcne, bodendeckende oder kriechende Pflanze unterscheidet sich deutlich von den bekannteren Rhynchospermum-Sorten durch ihr dekoratives Aussehen und nicht durch ihre Bl\u00fcte.<\/p>\n<p>Die Bl\u00e4tter sind klein, ledrig und gl\u00e4nzend, doch ihre \u00fcberraschende Panaschierung macht sie einzigartig: Jedes Blatt weist eine unregelm\u00e4\u00dfige Kombination aus Gr\u00fcn, Creme und Rosa auf. Die neuen Triebe sind oft leuchtend rosa gef\u00e4rbt, verblassen dann zu Cremewei\u00df und schlie\u00dflich zu Gr\u00fcn, wodurch ein \u201eTricolor\u201c-Effekt entsteht, der sich im Laufe der Jahreszeiten st\u00e4ndig ver\u00e4ndert. Dieser Farbkontrast macht die Pflanze auch ohne Bl\u00fcten \u00e4u\u00dferst dekorativ.<\/p>\n<p>Im Gegensatz zum bekannteren Rhynchospermum jasminoides bl\u00fcht &#8218;Tricolor&#8216; deutlich bescheidener und kann im Topf oder im Schatten sogar ganz ausbleiben. Die Bl\u00fcte ist dezent: Kleine, cremewei\u00dfe, sternf\u00f6rmige Bl\u00fcten mit leichtem Duft erscheinen zwischen Sp\u00e4tfr\u00fchling und Sommer.<\/p>\n<p>Die Sorte \u201eTricolor\u201c hat einen ausladenden, kriechenden oder h\u00e4ngenden Wuchs und w\u00e4chst langsam und zur\u00fcckhaltend. Sie eignet sich ideal als Bodendecker f\u00fcr Rabatten oder Blumenbeete, eignet sich aber auch hervorragend f\u00fcr die Topfkultur, wo sie am Rand der Gef\u00e4\u00dfe h\u00e4ngen kann. In Kombination mit Pflanzen mit dunklem Laub oder einfachen Bl\u00fcten verleiht sie der Komposition Helligkeit und farbliche Vielfalt.<\/p>\n<p>Diese rustikale und widerstandsf\u00e4hige Sorte bevorzugt halbschattige oder lichtdurchflutete Standorte, da die Bl\u00e4tter dann leuchtender sind und weniger anf\u00e4llig f\u00fcr Sonnenbrand. Bei direkter Sonneneinstrahlung, insbesondere in den hei\u00dfesten Stunden, kann es zu Randverf\u00e4rbungen oder Verbrennungen kommen. Sie vertr\u00e4gt m\u00e4\u00dfige K\u00e4lte gut, sollte aber in Gebieten mit starkem Frost an einem gesch\u00fctzten Standort oder im K\u00fcbel gepflanzt werden, um sie im Winter zu sch\u00fctzen.<br \/>\nRhynchospermum asiaticum &#8218;Tricolor&#8216; ist eine raffinierte Wahl f\u00fcr alle, die ihrem Garten oder ihrer Terrasse ein dauerhaftes und dekoratives Farbelement verleihen m\u00f6chten, ohne dass ein hoher Pflegeaufwand erforderlich ist. Sein Wert liegt vor allem in der Optik seiner Bl\u00e4tter, die das ganze Jahr \u00fcber \u00e4sthetisch ansprechend sind.<\/p>\n","protected":false},"excerpt":{"rendered":"<p>Rhynchospermum asiaticum &#8218;Tricolor&#8216; ist eine Ziersorte asiatischen Ursprungs, die f\u00fcr ihr buntes und kompaktes Laub gesch\u00e4tzt wird. Die immergr\u00fcne, bodendeckende oder kriechende Pflanze unterscheidet sich deutlich von den bekannteren Rhynchospermum-Sorten durch ihr dekoratives Aussehen und nicht durch ihre Bl\u00fcte. Die Bl\u00e4tter sind klein, ledrig und gl\u00e4nzend, doch ihre \u00fcberraschende Panaschierung macht sie einzigartig: Jedes Blatt [&hellip;]<\/p>\n","protected":false},"featured_media":0,"template":"","meta":{"_acf_changed":false},"product_brand":[],"product_cat":[141,147],"product_tag":[],"class_list":{"0":"post-18422","1":"product","2":"type-product","3":"status-publish","5":"product_cat-pflanzen","6":"product_cat-strauch","7":"pa_forma-strauch","9":"first","10":"instock","11":"purchasable","12":"product-type-variable"},"acf":[],"_links":{"self":[{"href":"https:\/\/vivaiobaronti.com\/de\/wp-json\/wp\/v2\/product\/18422","targetHints":{"allow":["GET"]}}],"collection":[{"href":"https:\/\/vivaiobaronti.com\/de\/wp-json\/wp\/v2\/product"}],"about":[{"href":"https:\/\/vivaiobaronti.com\/de\/wp-json\/wp\/v2\/types\/product"}],"wp:attachment":[{"href":"https:\/\/vivaiobaronti.com\/de\/wp-json\/wp\/v2\/media?parent=18422"}],"wp:term":[{"taxonomy":"product_brand","embeddable":true,"href":"https:\/\/vivaiobaronti.com\/de\/wp-json\/wp\/v2\/product_brand?post=18422"},{"taxonomy":"product_cat","embeddable":true,"href":"https:\/\/vivaiobaronti.com\/de\/wp-json\/wp\/v2\/product_cat?post=18422"},{"taxonomy":"product_tag","embeddable":true,"href":"https:\/\/vivaiobaronti.com\/de\/wp-json\/wp\/v2\/product_tag?post=18422"}],"curies":[{"name":"wp","href":"https:\/\/api.w.org\/{rel}","templated":true}]}}