{"id":18388,"date":"2025-05-20T08:20:54","date_gmt":"2025-05-20T08:20:54","guid":{"rendered":"https:\/\/quizzical-davinci.89-31-73-59.plesk.page\/pianta\/prunus-lusitanica-breneliar-royalty\/"},"modified":"2025-07-24T08:26:40","modified_gmt":"2025-07-24T08:26:40","slug":"prunus-lusitanica-breneliar-royalty","status":"publish","type":"product","link":"https:\/\/vivaiobaronti.com\/de\/pianta\/prunus-lusitanica-breneliar-royalty\/","title":{"rendered":"PRUNUS LUSITANICA BRENELIA(R-ROYALTY)"},"content":{"rendered":"<p>Prunus lusitanica \u201eBrenelia\u201c ist eine Ziersorte des Portugiesischen Lorbeers, die aufgrund ihrer ausgepr\u00e4gten dekorativen Eigenschaften und der kompakten und regelm\u00e4\u00dfigen Kronenstruktur ausgew\u00e4hlt wurde. Immergr\u00fcn, widerstandsf\u00e4hig und vielseitig einsetzbar, stellt diese Sorte eine wertvolle Alternative zum traditionellen Kirschlorbeer dar und eignet sich f\u00fcr die Gestaltung eleganter und dichter Hecken, die sowohl f\u00fcr den privaten als auch f\u00fcr den \u00f6ffentlichen Bereich geeignet sind. Die gl\u00e4nzenden, ovalen und ledrigen Bl\u00e4tter sind intensiv und tiefgr\u00fcn, breiter als die der Sorte Angustifolia, aber geordnet entlang biegsamer und d\u00fcnner Zweige angeordnet. Die jungen Triebe und die j\u00fcngsten Zweige weisen eine charakteristische rotbronzefarbene Farbe auf, die sehr dekorativ ist und einen angenehmen Kontrast zum leuchtenden Gr\u00fcn der reifen Bl\u00e4tter bildet. Dieser Farbeffekt macht die Pflanze einen Gro\u00dfteil des Jahres interessant und dynamisch. Im sp\u00e4ten Fr\u00fchjahr oder Fr\u00fchsommer ist \u201eBrenelia\u201c Die Pflanze bildet aufrechte Rispen mit kleinen, wei\u00dfen, duftenden Bl\u00fcten, die von best\u00e4ubenden Insekten sehr gesch\u00e4tzt werden. Die Bl\u00fcte ist \u00fcppig und optisch ansprechend. Darauf k\u00f6nnen kleine, rundliche, schwarze Beeren folgen, die lange an der Pflanze haften bleiben und im Herbst und Winter f\u00fcr einen interessanten Anblick sorgen. Die Pflanze w\u00e4chst relativ schnell und hat einen dichten, geordneten Wuchs. Frei wachsend kann sie leicht eine H\u00f6he von 3\u20134 Metern erreichen, eignet sich aber ebenso gut f\u00fcr regelm\u00e4\u00dfigen R\u00fcckschnitt. Dadurch l\u00e4sst sie sich als kompakte Hecke mit kontrolliertem Wachstum auch unter 2 Metern pflegen. Ihre nat\u00fcrliche Verzweigung von der Basis aus erm\u00f6glicht eine gleichm\u00e4\u00dfige, gut geschlossene Pflanzenbarriere. Prunus lusitanica &amp;#39;Brenelia&amp;#39; passt sich einer Vielzahl von B\u00f6den an, darunter Lehm oder Kalkstein, sofern diese gut durchl\u00e4ssig sind. Sie vertr\u00e4gt volle Sonne, gedeiht aber auch im Halbschatten. Sie ist resistent gegen K\u00e4lte, Wind und st\u00e4dtische Umweltverschmutzung und somit auch bei weniger idealen Umweltbedingungen eine zuverl\u00e4ssige Wahl. Sobald sie gut verwurzelt ist, zeigt sie auch eine gute Trockenheitstoleranz.<br \/>\nDank ihrer schlichten Sch\u00f6nheit, ihres kompakten Wuchses und ihrer einfachen Pflege ist Prunus lusitanica &amp;#39;Brenelia&amp;#39; eine \u00e4u\u00dferst beliebte Pflanze f\u00fcr die Gestaltung formeller oder informeller immergr\u00fcner Hecken, eleganter Sichtschutze und Landschaftskompositionen, die Stabilit\u00e4t, Farbe und Haltbarkeit erfordern.<\/p>\n","protected":false},"excerpt":{"rendered":"<p>Prunus lusitanica \u201eBrenelia\u201c ist eine Ziersorte des Portugiesischen Lorbeers, die aufgrund ihrer ausgepr\u00e4gten dekorativen Eigenschaften und der kompakten und regelm\u00e4\u00dfigen Kronenstruktur ausgew\u00e4hlt wurde. Immergr\u00fcn, widerstandsf\u00e4hig und vielseitig einsetzbar, stellt diese Sorte eine wertvolle Alternative zum traditionellen Kirschlorbeer dar und eignet sich f\u00fcr die Gestaltung eleganter und dichter Hecken, die sowohl f\u00fcr den privaten als auch [&hellip;]<\/p>\n","protected":false},"featured_media":8002,"template":"","meta":{"_acf_changed":false},"product_brand":[],"product_cat":[141,147],"product_tag":[],"class_list":{"0":"post-18388","1":"product","2":"type-product","3":"status-publish","4":"has-post-thumbnail","6":"product_cat-pflanzen","7":"product_cat-strauch","8":"pa_forma-strauch","10":"first","11":"instock","12":"purchasable","13":"product-type-variable"},"acf":[],"_links":{"self":[{"href":"https:\/\/vivaiobaronti.com\/de\/wp-json\/wp\/v2\/product\/18388","targetHints":{"allow":["GET"]}}],"collection":[{"href":"https:\/\/vivaiobaronti.com\/de\/wp-json\/wp\/v2\/product"}],"about":[{"href":"https:\/\/vivaiobaronti.com\/de\/wp-json\/wp\/v2\/types\/product"}],"wp:featuredmedia":[{"embeddable":true,"href":"https:\/\/vivaiobaronti.com\/de\/wp-json\/wp\/v2\/media\/8002"}],"wp:attachment":[{"href":"https:\/\/vivaiobaronti.com\/de\/wp-json\/wp\/v2\/media?parent=18388"}],"wp:term":[{"taxonomy":"product_brand","embeddable":true,"href":"https:\/\/vivaiobaronti.com\/de\/wp-json\/wp\/v2\/product_brand?post=18388"},{"taxonomy":"product_cat","embeddable":true,"href":"https:\/\/vivaiobaronti.com\/de\/wp-json\/wp\/v2\/product_cat?post=18388"},{"taxonomy":"product_tag","embeddable":true,"href":"https:\/\/vivaiobaronti.com\/de\/wp-json\/wp\/v2\/product_tag?post=18388"}],"curies":[{"name":"wp","href":"https:\/\/api.w.org\/{rel}","templated":true}]}}