{"id":18305,"date":"2025-05-20T08:20:54","date_gmt":"2025-05-20T08:20:54","guid":{"rendered":"https:\/\/quizzical-davinci.89-31-73-59.plesk.page\/pianta\/prunus-lusitanica-angustifolia\/"},"modified":"2025-07-24T08:26:40","modified_gmt":"2025-07-24T08:26:40","slug":"prunus-lusitanica-angustifolia","status":"publish","type":"product","link":"https:\/\/vivaiobaronti.com\/de\/pianta\/prunus-lusitanica-angustifolia\/","title":{"rendered":"PRUNUS LUSITANICA ANGUSTIFOLIA"},"content":{"rendered":"<p><span style=\"font-weight: 400;\">Prunus lusitanica &#8218;Angustifolia&#8216;, auch als Portugiesischer Schmalbl\u00e4ttriger Lorbeer bekannt, ist eine elegante, immergr\u00fcne Sorte mit dichtem, gl\u00e4nzendem und schlankem Laub, das der Pflanze im Vergleich zum gew\u00f6hnlichen Kirschlorbeer ein besonders edles Aussehen verleiht. Dank ihrer Kombination aus Robustheit und \u00e4sthetischem Wert ist sie eine ideale Art f\u00fcr die Bildung formaler oder nat\u00fcrlicher Hecken sowie f\u00fcr die isolierte Verwendung in Zierg\u00e4rten.<\/span> <span style=\"font-weight: 400;\">Die schmalen und l\u00e4nglichen Bl\u00e4tter &#8211; daher der Name Angustifolia &#8211; sind tiefgr\u00fcn, ledrig und an den R\u00e4ndern leicht gewellt. Im Gegensatz zu den gr\u00f6\u00dferen Sorten von Prunus lusitanica hat diese Selektion einen kompakteren und ordentlicheren Wuchs mit einer feineren Laubstruktur. Die jungen, oft r\u00f6tlich gef\u00e4rbten Zweige bilden einen sehr interessanten optischen Kontrast zum Dunkelgr\u00fcn der Krone.<\/span> <span style=\"font-weight: 400;\">Die Bl\u00fctezeit beginnt im sp\u00e4ten Fr\u00fchjahr oder fr\u00fchen Sommer mit dem Austreiben aufrecht stehender Rispen mit kleinen, wei\u00dfen, duftenden Bl\u00fcten, die best\u00e4ubende Insekten anlocken. Die Pflanze kann dann kleine, schwarze, kugelf\u00f6rmige Beeren produzieren, die lange halten und der Tierwelt als Nahrung dienen.<\/span> <span style=\"font-weight: 400;\">Prunus lusitanica &#8218;Angustifolia&#8216; w\u00e4chst m\u00e4\u00dfig schnell und erreicht H\u00f6hen zwischen 3 und 5 Metern, vertr\u00e4gt aber auch h\u00e4ufiges Beschneiden gut und eignet sich daher f\u00fcr die Pflege als kompakte, geformte Hecke. In freier Form kann sie eine schlankere und elegantere, manchmal s\u00e4ulenf\u00f6rmige Form entwickeln, wobei sie stets eine dichte Krone von der Basis bis zur Spitze beh\u00e4lt.<\/span> <span style=\"font-weight: 400;\">Diese Sorte passt sich leicht an verschiedene Bodenarten an, solange sie gut durchl\u00e4ssig sind, und gedeiht sowohl in voller Sonne als auch im Halbschatten. Sie ist resistent gegen K\u00e4lte, Wind und Luftverschmutzung und eignet sich daher f\u00fcr den Einsatz in st\u00e4dtischen Gebieten oder entlang von Alleen. Nach der Etablierung ist sie au\u00dferdem ziemlich trockenheitsresistent.<\/span> <span style=\"font-weight: 400;\">Aufgrund ihres schlichten und strukturierten Aussehens, der Best\u00e4ndigkeit ihres Laubs und ihrer gro\u00dfen Vielseitigkeit ist Prunus lusitanica &#8218;Angustifolia&#8216; eine ausgezeichnete Wahl f\u00fcr alle, die eine immergr\u00fcne Heckenpflanze suchen, die Zierwert und Funktionalit\u00e4t mit geringem Pflegeaufwand und gro\u00dfer Anpassungsf\u00e4higkeit vereint.<\/span><\/p>\n","protected":false},"excerpt":{"rendered":"<p>Prunus lusitanica &#8218;Angustifolia&#8216;, auch als Portugiesischer Schmalbl\u00e4ttriger Lorbeer bekannt, ist eine elegante, immergr\u00fcne Sorte mit dichtem, gl\u00e4nzendem und schlankem Laub, das der Pflanze im Vergleich zum gew\u00f6hnlichen Kirschlorbeer ein besonders edles Aussehen verleiht. Dank ihrer Kombination aus Robustheit und \u00e4sthetischem Wert ist sie eine ideale Art f\u00fcr die Bildung formaler oder nat\u00fcrlicher Hecken sowie f\u00fcr [&hellip;]<\/p>\n","protected":false},"featured_media":7959,"template":"","meta":{"_acf_changed":false},"product_brand":[],"product_cat":[141,144,143],"product_tag":[],"class_list":{"0":"post-18305","1":"product","2":"type-product","3":"status-publish","4":"has-post-thumbnail","6":"product_cat-pflanzen","7":"product_cat-mini-stamm","8":"product_cat-halbstamm","9":"pa_forma-halbstamm","10":"pa_forma-mini-stamm","12":"first","13":"instock","14":"purchasable","15":"product-type-variable"},"acf":[],"_links":{"self":[{"href":"https:\/\/vivaiobaronti.com\/de\/wp-json\/wp\/v2\/product\/18305","targetHints":{"allow":["GET"]}}],"collection":[{"href":"https:\/\/vivaiobaronti.com\/de\/wp-json\/wp\/v2\/product"}],"about":[{"href":"https:\/\/vivaiobaronti.com\/de\/wp-json\/wp\/v2\/types\/product"}],"wp:featuredmedia":[{"embeddable":true,"href":"https:\/\/vivaiobaronti.com\/de\/wp-json\/wp\/v2\/media\/7959"}],"wp:attachment":[{"href":"https:\/\/vivaiobaronti.com\/de\/wp-json\/wp\/v2\/media?parent=18305"}],"wp:term":[{"taxonomy":"product_brand","embeddable":true,"href":"https:\/\/vivaiobaronti.com\/de\/wp-json\/wp\/v2\/product_brand?post=18305"},{"taxonomy":"product_cat","embeddable":true,"href":"https:\/\/vivaiobaronti.com\/de\/wp-json\/wp\/v2\/product_cat?post=18305"},{"taxonomy":"product_tag","embeddable":true,"href":"https:\/\/vivaiobaronti.com\/de\/wp-json\/wp\/v2\/product_tag?post=18305"}],"curies":[{"name":"wp","href":"https:\/\/api.w.org\/{rel}","templated":true}]}}