{"id":18126,"date":"2025-05-20T08:20:54","date_gmt":"2025-05-20T08:20:54","guid":{"rendered":"https:\/\/quizzical-davinci.89-31-73-59.plesk.page\/pianta\/prunus-laurocerasus-novital\/"},"modified":"2025-07-24T08:26:40","modified_gmt":"2025-07-24T08:26:40","slug":"prunus-laurocerasus-novital","status":"publish","type":"product","link":"https:\/\/vivaiobaronti.com\/de\/pianta\/prunus-laurocerasus-novital\/","title":{"rendered":"PRUNUS LAUROCERASUS NOVITAL"},"content":{"rendered":"<p>Prunus laurocerasus \u201eNovita\u201c ist eine moderne und besonders w\u00fcchsige Sorte des Kirschlorbeers, die aufgrund ihrer Widerstandsf\u00e4higkeit, ihres schnellen Wachstums und ihres dekorativen, dichten und gl\u00e4nzenden Laubes selektiert wurde. Diese immergr\u00fcne Sorte wird h\u00e4ufig f\u00fcr die Gestaltung von hohen Hecken und Sichtschutz verwendet, da sie sich schnell entwickelt und das ganze Jahr \u00fcber eine dichte Laubdecke bildet. Die Bl\u00e4tter von \u201eNovita\u201c sind gro\u00df, ledrig, oval und von intensiv leuchtendem Gr\u00fcn. Ihre gl\u00e4nzende Oberfl\u00e4che reflektiert das Licht und verleiht der Pflanze ein gepflegtes und kompaktes Aussehen. Das Laub ist von der Basis her dicht, wodurch sie sich ideal als Sichtschutz oder Windschutz eignet. Ein besonderes Merkmal dieser Sorte ist ihre hohe K\u00e4ltetoleranz, die im Vergleich zu anderen Kirschlorbeersorten h\u00f6her ist. Dadurch eignet sie sich auch f\u00fcr Gebiete mit kalten Wintern. Im Fr\u00fchjahr bildet Prunus laurocerasus &amp;#39;Novita&amp;#39; aufrechte, \u00e4hrenf\u00f6rmige Bl\u00fctenst\u00e4nde mit kleinen, duftenden wei\u00dfen Bl\u00fcten, die von Bienen und anderen best\u00e4ubenden Insekten sehr gesch\u00e4tzt werden. Im Sommer k\u00f6nnen sich kleine schwarzviolette Steinfr\u00fcchte bilden, die f\u00fcr den Menschen ungenie\u00dfbar, von Wildtieren jedoch gesch\u00e4tzt werden.<br \/>\nDie Pflanze w\u00e4chst schnell und kr\u00e4ftig und kann ohne R\u00fcckschnitt eine H\u00f6he von \u00fcber 3 Metern erreichen. Dank ihrer robusten Struktur und ihrer F\u00e4higkeit, die Vegetation leicht zu erneuern, vertr\u00e4gt sie selbst drastische Schnittma\u00dfnahmen, wodurch sie sich besonders f\u00fcr die Pflege formeller Hecken eignet.<br \/>\nPrunus laurocerasus &amp;#39;Novita&amp;#39; passt sich an eine Vielzahl von B\u00f6den an, auch an kalkhaltige oder lehmige, solange diese gut durchl\u00e4ssig sind. Sie bevorzugt volle Sonne oder Halbschatten, w\u00e4chst aber auch im Halbschatten gut, was ihre Einsatzm\u00f6glichkeiten deutlich erweitert. Sobald sie gut verwurzelt ist, ist sie resistent gegen Wind, Stadtverschmutzung und Trockenheit und eignet sich daher ideal sowohl f\u00fcr st\u00e4dtische Umgebungen als auch f\u00fcr private G\u00e4rten in l\u00e4ndlichen Gebieten. Dank ihrer Widerstandsf\u00e4higkeit, ihres dekorativen Laubes und ihrer Sichtschutzfunktion ist Prunus laurocerasus &amp;#39;Novita&amp;#39; eine praktische und elegante L\u00f6sung f\u00fcr alle, die eine immergr\u00fcne, dichte und pflegeleichte Hecke w\u00fcnschen, die Funktionalit\u00e4t und \u00c4sthetik vereint.<\/p>\n","protected":false},"excerpt":{"rendered":"<p>Prunus laurocerasus \u201eNovita\u201c ist eine moderne und besonders w\u00fcchsige Sorte des Kirschlorbeers, die aufgrund ihrer Widerstandsf\u00e4higkeit, ihres schnellen Wachstums und ihres dekorativen, dichten und gl\u00e4nzenden Laubes selektiert wurde. Diese immergr\u00fcne Sorte wird h\u00e4ufig f\u00fcr die Gestaltung von hohen Hecken und Sichtschutz verwendet, da sie sich schnell entwickelt und das ganze Jahr \u00fcber eine dichte Laubdecke [&hellip;]<\/p>\n","protected":false},"featured_media":7868,"template":"","meta":{"_acf_changed":false},"product_brand":[],"product_cat":[141,147],"product_tag":[],"class_list":{"0":"post-18126","1":"product","2":"type-product","3":"status-publish","4":"has-post-thumbnail","6":"product_cat-pflanzen","7":"product_cat-strauch","8":"pa_forma-strauch","10":"first","11":"instock","12":"purchasable","13":"product-type-variable"},"acf":[],"_links":{"self":[{"href":"https:\/\/vivaiobaronti.com\/de\/wp-json\/wp\/v2\/product\/18126","targetHints":{"allow":["GET"]}}],"collection":[{"href":"https:\/\/vivaiobaronti.com\/de\/wp-json\/wp\/v2\/product"}],"about":[{"href":"https:\/\/vivaiobaronti.com\/de\/wp-json\/wp\/v2\/types\/product"}],"wp:featuredmedia":[{"embeddable":true,"href":"https:\/\/vivaiobaronti.com\/de\/wp-json\/wp\/v2\/media\/7868"}],"wp:attachment":[{"href":"https:\/\/vivaiobaronti.com\/de\/wp-json\/wp\/v2\/media?parent=18126"}],"wp:term":[{"taxonomy":"product_brand","embeddable":true,"href":"https:\/\/vivaiobaronti.com\/de\/wp-json\/wp\/v2\/product_brand?post=18126"},{"taxonomy":"product_cat","embeddable":true,"href":"https:\/\/vivaiobaronti.com\/de\/wp-json\/wp\/v2\/product_cat?post=18126"},{"taxonomy":"product_tag","embeddable":true,"href":"https:\/\/vivaiobaronti.com\/de\/wp-json\/wp\/v2\/product_tag?post=18126"}],"curies":[{"name":"wp","href":"https:\/\/api.w.org\/{rel}","templated":true}]}}