{"id":18108,"date":"2025-05-20T08:20:54","date_gmt":"2025-05-20T08:20:54","guid":{"rendered":"https:\/\/quizzical-davinci.89-31-73-59.plesk.page\/pianta\/pittosporum-tobira-nanum\/"},"modified":"2025-07-24T08:26:40","modified_gmt":"2025-07-24T08:26:40","slug":"pittosporum-tobira-nanum","status":"publish","type":"product","link":"https:\/\/vivaiobaronti.com\/de\/pianta\/pittosporum-tobira-nanum\/","title":{"rendered":"PITTOSPORUM TOBIRA &#8222;NANUM&#8220;"},"content":{"rendered":"<p><span style=\"font-weight: 400\">Pittosporum tobira &#8218;Nanum&#8216; ist eine Zwergsorte des bekannteren Pittosporum tobira, die aufgrund ihres kompakten und sauberen Wuchses und der schlichten Sch\u00f6nheit ihres Laubes gez\u00fcchtet wurde. Die immergr\u00fcne Pflanze w\u00e4chst langsam und eignet sich ideal f\u00fcr niedrige Rabatten, formelle Hecken oder als Zierpflanze im Topf. Aufgrund ihrer zur\u00fcckhaltenden und pflegeleichten Art eignet sie sich besonders f\u00fcr architektonische Kontexte oder regelm\u00e4\u00dfig gestaltete G\u00e4rten.<\/span> <span style=\"font-weight: 400\">Das Laub besteht aus ovalen, ledrigen, gl\u00e4nzenden und hellgr\u00fcnen Bl\u00e4ttern, die etwas kleiner sind als bei der typischen Art. Die Bl\u00e4tter sind dicht entlang der Zweige angeordnet und tragen zur dichten und kompakten Struktur der Pflanze bei, die dazu neigt, sich nat\u00fcrlich rund zu entwickeln. Auch ohne h\u00e4ufiges Beschneiden beh\u00e4lt &#8218;Nanum&#8216; eine sch\u00f6ne und angenehm geometrische Form, eine Eigenschaft, die in formalen oder minimalistischen G\u00e4rten sehr gesch\u00e4tzt wird.<\/span> <span style=\"font-weight: 400\">Die Bl\u00fcte erfolgt im Fr\u00fchjahr mit kleinen, wei\u00dfen, duftenden Bl\u00fcten, die in kleinen B\u00fcscheln versammelt sind. Die Bl\u00fcten erinnern an den Duft von Zitrusfr\u00fcchten und verleihen der Pflanze im Fr\u00fchjahr eine angenehme und dezente Note, obwohl sie nicht besonders auff\u00e4llig sind. In den Monaten nach der Bl\u00fcte k\u00f6nnen kleine, runde Fr\u00fcchte erscheinen, die lange haften bleiben, aber im Vergleich zum dekorativen Wert des Laubes im Hintergrund bleiben.<\/span> <span style=\"font-weight: 400\">Pittosporum tobira &#8218;Nanum&#8216; erreicht im Allgemeinen eine H\u00f6he zwischen 60 und 80 cm, mit einer \u00e4hnlichen Entwicklung in der Breite und unter Beibehaltung ausgewogener Proportionen. Er eignet sich hervorragend f\u00fcr die Gestaltung von Rabatten oder niedrigen Hecken, insbesondere dort, wo ein gepflegter und sch\u00f6ner Eindruck ohne h\u00e4ufiges Eingreifen gew\u00fcnscht ist.<\/span> <span style=\"font-weight: 400\">Diese Sorte ist \u00e4u\u00dferst anpassungsf\u00e4hig und robust. Sie vertr\u00e4gt direkte Sonne ebenso wie Halbschatten und passt sich problemlos an verschiedene Bodenarten an, solange diese gut durchl\u00e4ssig sind. Nach guter Verwurzelung ist sie trockenheitsresistent und gedeiht dank ihrer Salztoleranz auch in K\u00fcstenn\u00e4he gut. In Gebieten mit strengen Wintern empfiehlt sich ein gesch\u00fctzter Standort oder die Kultur in einem K\u00fcbel.<\/span> <span style=\"font-weight: 400\">Dank ihrer kompakten Erscheinung, ihrer Widerstandsf\u00e4higkeit gegen\u00fcber schwierigen Bedingungen und ihrer einfachen Pflege ist Pittosporum tobira &#8218;Nanum&#8216; eine \u00e4u\u00dferst vielseitige Pflanze, die sich sowohl f\u00fcr moderne Landschaftsbauprojekte als auch f\u00fcr klassische oder mediterrane G\u00e4rten eignet.<\/span><\/p>\n","protected":false},"excerpt":{"rendered":"<p>Pittosporum tobira &#8218;Nanum&#8216; ist eine Zwergsorte des bekannteren Pittosporum tobira, die aufgrund ihres kompakten und sauberen Wuchses und der schlichten Sch\u00f6nheit ihres Laubes gez\u00fcchtet wurde. Die immergr\u00fcne Pflanze w\u00e4chst langsam und eignet sich ideal f\u00fcr niedrige Rabatten, formelle Hecken oder als Zierpflanze im Topf. Aufgrund ihrer zur\u00fcckhaltenden und pflegeleichten Art eignet sie sich besonders f\u00fcr [&hellip;]<\/p>\n","protected":false},"featured_media":7858,"template":"","meta":{"_acf_changed":false},"product_brand":[],"product_cat":[141,147],"product_tag":[],"class_list":{"0":"post-18108","1":"product","2":"type-product","3":"status-publish","4":"has-post-thumbnail","6":"product_cat-pflanzen","7":"product_cat-strauch","8":"pa_forma-strauch","10":"first","11":"instock","12":"purchasable","13":"product-type-variable"},"acf":[],"_links":{"self":[{"href":"https:\/\/vivaiobaronti.com\/de\/wp-json\/wp\/v2\/product\/18108","targetHints":{"allow":["GET"]}}],"collection":[{"href":"https:\/\/vivaiobaronti.com\/de\/wp-json\/wp\/v2\/product"}],"about":[{"href":"https:\/\/vivaiobaronti.com\/de\/wp-json\/wp\/v2\/types\/product"}],"wp:featuredmedia":[{"embeddable":true,"href":"https:\/\/vivaiobaronti.com\/de\/wp-json\/wp\/v2\/media\/7858"}],"wp:attachment":[{"href":"https:\/\/vivaiobaronti.com\/de\/wp-json\/wp\/v2\/media?parent=18108"}],"wp:term":[{"taxonomy":"product_brand","embeddable":true,"href":"https:\/\/vivaiobaronti.com\/de\/wp-json\/wp\/v2\/product_brand?post=18108"},{"taxonomy":"product_cat","embeddable":true,"href":"https:\/\/vivaiobaronti.com\/de\/wp-json\/wp\/v2\/product_cat?post=18108"},{"taxonomy":"product_tag","embeddable":true,"href":"https:\/\/vivaiobaronti.com\/de\/wp-json\/wp\/v2\/product_tag?post=18108"}],"curies":[{"name":"wp","href":"https:\/\/api.w.org\/{rel}","templated":true}]}}