{"id":18041,"date":"2025-05-20T08:20:54","date_gmt":"2025-05-20T08:20:54","guid":{"rendered":"https:\/\/quizzical-davinci.89-31-73-59.plesk.page\/pianta\/photinia-x-fraseri-robusta-compacta\/"},"modified":"2025-07-24T08:26:40","modified_gmt":"2025-07-24T08:26:40","slug":"photinia-x-fraseri-robusta-compacta","status":"publish","type":"product","link":"https:\/\/vivaiobaronti.com\/de\/pianta\/photinia-x-fraseri-robusta-compacta\/","title":{"rendered":"PHOTINIA X FRASERI ROBUSTA COMPACTA"},"content":{"rendered":"<p><span style=\"font-weight: 400;\">Photinia x fraseri &#8218;Robusta Compacta&#8216; ist eine immergr\u00fcne Hybridsorte, die aufgrund ihrer klaren Form, kompakten Struktur und der Farbintensit\u00e4t des jungen Laubes selektiert wurde. Diese Sorte eignet sich besonders f\u00fcr die Bildung dichter und formeller Hecken, ist aber ebenso wirkungsvoll als isolierte Zierpflanze oder in mittelgro\u00dfen Landschaftskompositionen.<\/span> <span style=\"font-weight: 400;\">Das Laub, ein charakteristisches Element dieser Sorte, besteht aus lanzettlichen, ledrigen und gl\u00e4nzenden Bl\u00e4ttern, die im ausgewachsenen Teil dunkelgr\u00fcn sind. Die neuen Triebe treiben in leuchtenden, sehr lebendigen Rott\u00f6nen aus, die einen spektakul\u00e4ren Kontrast zum tiefen Gr\u00fcn der reifen Vegetation bilden. Diese chromatische Eigenschaft erneuert sich mehrmals im Jahr, insbesondere nach einem leichten R\u00fcckschnitt, wodurch die Pflanze \u00fcber lange Zeitr\u00e4ume dekorativ bleibt.<\/span> <span style=\"font-weight: 400;\">&#8218;Robusta Compacta&#8216; entwickelt sich geordnet und symmetrisch, mit einem langsamen und kontrollierten Wachstum, das sie von der kr\u00e4ftigeren Photinia &#8218;Red Robin&#8216; unterscheidet. Sie erreicht eine durchschnittliche H\u00f6he von etwa 1,5-2 Metern, mit einer proportionalen Entwicklung in die Breite, eine Eigenschaft, die sie ideal f\u00fcr diejenigen macht, die eine kompakte Hecke mit geringem Pflegeaufwand und einem stets ordentlichen Aussehen w\u00fcnschen. Der nat\u00fcrlich dichte Wuchs reduziert die Notwendigkeit eines h\u00e4ufigen R\u00fcckschnitts.<\/span> <span style=\"font-weight: 400;\">Im Fr\u00fchling kann die Pflanze rispenf\u00f6rmige Bl\u00fctenst\u00e4nde aus kleinen wei\u00dfen Bl\u00fcten bilden, die ein diskretes, aber angenehmes Element darstellen. Obwohl die Bl\u00fcte nicht das wichtigste dekorative Element ist, tr\u00e4gt sie dazu bei, das Aussehen der Pflanze in dieser Saisonphase zu bereichern. In manchen F\u00e4llen k\u00f6nnen nach der Bl\u00fcte rote Beeren erscheinen.<\/span> <span style=\"font-weight: 400;\">Photinia x fraseri &#8218;Robusta Compacta&#8216; ist eine robuste und vielseitige Pflanze. Sie vertr\u00e4gt verschiedene B\u00f6den, sofern diese gut durchl\u00e4ssig sind, und w\u00e4chst am besten an sonnigen oder halbschattigen Standorten. Nach dem Anwachsen ist sie trockenheitsresistent und passt sich gut an windige oder salzhaltige Bedingungen an, wodurch sie sich f\u00fcr K\u00fcsteng\u00e4rten eignet. Sie ist au\u00dferdem einigerma\u00dfen frosthart, obwohl es in Gebieten mit sehr starkem Frost sinnvoll sein kann, die Pflanze in den ersten Jahren nach der Pflanzung zu sch\u00fctzen.<\/span> <span style=\"font-weight: 400;\">Aufgrund ihrer Kompaktheit, ihres sch\u00f6nen Laubes und ihres einfachen Wachstums ist Photinia x fraseri &#8218;Robusta Compacta&#8216; eine ausgezeichnete Wahl f\u00fcr alle, die eine elegante und funktionale Hecke oder eine dekorative Pflanze f\u00fcr formale G\u00e4rten und pflegeleichte Gr\u00fcnfl\u00e4chen w\u00fcnschen.<\/span><\/p>\n","protected":false},"excerpt":{"rendered":"<p>Photinia x fraseri &#8218;Robusta Compacta&#8216; ist eine immergr\u00fcne Hybridsorte, die aufgrund ihrer klaren Form, kompakten Struktur und der Farbintensit\u00e4t des jungen Laubes selektiert wurde. Diese Sorte eignet sich besonders f\u00fcr die Bildung dichter und formeller Hecken, ist aber ebenso wirkungsvoll als isolierte Zierpflanze oder in mittelgro\u00dfen Landschaftskompositionen. Das Laub, ein charakteristisches Element dieser Sorte, besteht [&hellip;]<\/p>\n","protected":false},"featured_media":7823,"template":"","meta":{"_acf_changed":false},"product_brand":[],"product_cat":[141,144,143],"product_tag":[],"class_list":{"0":"post-18041","1":"product","2":"type-product","3":"status-publish","4":"has-post-thumbnail","6":"product_cat-pflanzen","7":"product_cat-mini-stamm","8":"product_cat-halbstamm","9":"pa_forma-cespuglio","10":"pa_forma-halbstamm","11":"pa_forma-mini-stamm","12":"pa_forma-piramide","14":"first","15":"instock","16":"purchasable","17":"product-type-variable"},"acf":[],"_links":{"self":[{"href":"https:\/\/vivaiobaronti.com\/de\/wp-json\/wp\/v2\/product\/18041","targetHints":{"allow":["GET"]}}],"collection":[{"href":"https:\/\/vivaiobaronti.com\/de\/wp-json\/wp\/v2\/product"}],"about":[{"href":"https:\/\/vivaiobaronti.com\/de\/wp-json\/wp\/v2\/types\/product"}],"wp:featuredmedia":[{"embeddable":true,"href":"https:\/\/vivaiobaronti.com\/de\/wp-json\/wp\/v2\/media\/7823"}],"wp:attachment":[{"href":"https:\/\/vivaiobaronti.com\/de\/wp-json\/wp\/v2\/media?parent=18041"}],"wp:term":[{"taxonomy":"product_brand","embeddable":true,"href":"https:\/\/vivaiobaronti.com\/de\/wp-json\/wp\/v2\/product_brand?post=18041"},{"taxonomy":"product_cat","embeddable":true,"href":"https:\/\/vivaiobaronti.com\/de\/wp-json\/wp\/v2\/product_cat?post=18041"},{"taxonomy":"product_tag","embeddable":true,"href":"https:\/\/vivaiobaronti.com\/de\/wp-json\/wp\/v2\/product_tag?post=18041"}],"curies":[{"name":"wp","href":"https:\/\/api.w.org\/{rel}","templated":true}]}}