{"id":17688,"date":"2025-05-20T08:20:48","date_gmt":"2025-05-20T08:20:48","guid":{"rendered":"https:\/\/quizzical-davinci.89-31-73-59.plesk.page\/pianta\/photinia-x-fraseri-little-red-robin\/"},"modified":"2025-10-02T08:41:37","modified_gmt":"2025-10-02T08:41:37","slug":"photinia-x-fraseri-little-red-robin","status":"publish","type":"product","link":"https:\/\/vivaiobaronti.com\/de\/pianta\/photinia-x-fraseri-little-red-robin\/","title":{"rendered":"PHOTINIA X FRASERI LITTLE RED ROBIN"},"content":{"rendered":"<p><span style=\"font-weight: 400;\">Photinia x fraseri &#8218;Little Red Robin&#8216; ist eine kompakte und winterharte Glanzmispel, die sich durch ihre dekorative Sch\u00f6nheit und ihre F\u00e4higkeit auszeichnet, \u00fcppig neue rote Bl\u00e4tter zu bilden. Diese Sorte ist perfekt f\u00fcr alle, die eine pflegeleichte Pflanze suchen, die kleinen G\u00e4rten, Rabatten, Hecken oder auch als K\u00fcbelpflanze Farbe und Vitalit\u00e4t verleiht.<\/span> <span style=\"font-weight: 400;\">Die Bl\u00e4tter von &#8218;Little Red Robin&#8216; sind lanzettlich und gl\u00e4nzend, mit einer unglaublich leuchtend roten Farbe, die an den neuen Trieben erscheint. Mit der Zeit verwandelt sich die rote Farbe allm\u00e4hlich in Dunkelgr\u00fcn und erzeugt so einen attraktiven und dynamischen Kontrast, der die gesamte Vegetationsperiode \u00fcber anh\u00e4lt. Die Pflanze wird f\u00fcr ihre F\u00e4higkeit gesch\u00e4tzt, kontinuierlich neue rote Triebe hervorzubringen und so von Fr\u00fchling bis Herbst ein farbenfrohes Schauspiel zu bieten.<\/span> <span style=\"font-weight: 400;\">Photinia &#8218;Little Red Robin&#8216; hat einen kompakten, runden Wuchs, erreicht eine H\u00f6he von etwa 1,2-1,5\u00a0Meter und eine Breite von 1-1,5\u00a0Meter und ist daher ideal f\u00fcr kleinere G\u00e4rten oder zur Verwendung in gemischten Rabatten und niedrigen Hecken. Die dichte, kompakte Form eignet sich perfekt f\u00fcr die Schaffung informeller Hecken oder zum Pflanzen in Gruppen f\u00fcr eine st\u00e4rkere visuelle Wirkung.<\/span> <span style=\"font-weight: 400;\">Die Bl\u00fcte erfolgt im Fr\u00fchling mit kleinen, wei\u00dfen Bl\u00fcten, die in Rispen sitzen. Obwohl die Bl\u00fcten nicht das haupts\u00e4chliche dekorative Element sind, verleihen sie dem Garten einen angenehmen Hauch von Frische und ziehen Bienen und andere best\u00e4ubende Insekten an. Die Bl\u00fcte und die Farbe der neuen Triebe machen diese Sorte \u00fcber den gesamten Saisonzyklus hinweg besonders interessant.<\/span> <span style=\"font-weight: 400;\">Photinia x fraseri &#8218;Little Red Robin&#8216; ist eine pflegeleichte Pflanze. Sie eignet sich f\u00fcr gut durchl\u00e4ssige B\u00f6den und bevorzugt einen sonnigen oder halbschattigen Standort. Sie ist wind- und salzresistent und eignet sich daher perfekt f\u00fcr K\u00fcsteng\u00e4rten und windige Umgebungen. Obwohl sie auch k\u00e4lteres Klima vertr\u00e4gt, empfiehlt es sich in Gebieten mit starkem Frost, sie im Winter zu sch\u00fctzen oder an einem gesch\u00fctzteren Standort zu pflanzen.<\/span> <span style=\"font-weight: 400;\">Mit ihrer Winterh\u00e4rte, der leuchtenden Farbe ihrer neuen Bl\u00e4tter und dem einfachen Wuchs ist Photinia x fraseri &#8218;Little Red Robin&#8216; die ideale Wahl f\u00fcr alle, die eine Zierpflanze suchen, die das ganze Jahr \u00fcber Farbe und Abwechslung bringt und dabei wenig Pflege ben\u00f6tigt.<\/span><\/p>\n","protected":false},"excerpt":{"rendered":"<p>Photinia x fraseri &#8218;Little Red Robin&#8216; ist eine kompakte und winterharte Glanzmispel, die sich durch ihre dekorative Sch\u00f6nheit und ihre F\u00e4higkeit auszeichnet, \u00fcppig neue rote Bl\u00e4tter zu bilden. Diese Sorte ist perfekt f\u00fcr alle, die eine pflegeleichte Pflanze suchen, die kleinen G\u00e4rten, Rabatten, Hecken oder auch als K\u00fcbelpflanze Farbe und Vitalit\u00e4t verleiht. Die Bl\u00e4tter von [&hellip;]<\/p>\n","protected":false},"featured_media":7453,"template":"","meta":{"_acf_changed":false},"product_brand":[],"product_cat":[141,147,143],"product_tag":[],"class_list":{"0":"post-17688","1":"product","2":"type-product","3":"status-publish","4":"has-post-thumbnail","6":"product_cat-pflanzen","7":"product_cat-strauch","8":"product_cat-halbstamm","9":"pa_forma-halbstamm","10":"pa_forma-strauch","12":"first","13":"instock","14":"purchasable","15":"product-type-variable"},"acf":[],"_links":{"self":[{"href":"https:\/\/vivaiobaronti.com\/de\/wp-json\/wp\/v2\/product\/17688","targetHints":{"allow":["GET"]}}],"collection":[{"href":"https:\/\/vivaiobaronti.com\/de\/wp-json\/wp\/v2\/product"}],"about":[{"href":"https:\/\/vivaiobaronti.com\/de\/wp-json\/wp\/v2\/types\/product"}],"wp:featuredmedia":[{"embeddable":true,"href":"https:\/\/vivaiobaronti.com\/de\/wp-json\/wp\/v2\/media\/7453"}],"wp:attachment":[{"href":"https:\/\/vivaiobaronti.com\/de\/wp-json\/wp\/v2\/media?parent=17688"}],"wp:term":[{"taxonomy":"product_brand","embeddable":true,"href":"https:\/\/vivaiobaronti.com\/de\/wp-json\/wp\/v2\/product_brand?post=17688"},{"taxonomy":"product_cat","embeddable":true,"href":"https:\/\/vivaiobaronti.com\/de\/wp-json\/wp\/v2\/product_cat?post=17688"},{"taxonomy":"product_tag","embeddable":true,"href":"https:\/\/vivaiobaronti.com\/de\/wp-json\/wp\/v2\/product_tag?post=17688"}],"curies":[{"name":"wp","href":"https:\/\/api.w.org\/{rel}","templated":true}]}}