{"id":17673,"date":"2025-05-20T08:20:41","date_gmt":"2025-05-20T08:20:41","guid":{"rendered":"https:\/\/quizzical-davinci.89-31-73-59.plesk.page\/pianta\/photinia-x-fraserei-robusta-compatta\/"},"modified":"2025-07-24T08:26:33","modified_gmt":"2025-07-24T08:26:33","slug":"photinia-x-fraserei-robusta-compatta","status":"publish","type":"product","link":"https:\/\/vivaiobaronti.com\/de\/pianta\/photinia-x-fraserei-robusta-compatta\/","title":{"rendered":"PHOTINIA X FRASEREI ROBUSTA COMPATTA"},"content":{"rendered":"<p>Photinia x fraseri &#8218;Robusta Compacta&#8216; ist eine immergr\u00fcne Hybridsorte, die aufgrund ihrer klaren Form, ihres kompakten Aufbaus und der Farbintensit\u00e4t des jungen Laubes selektiert wurde. Sie eignet sich besonders f\u00fcr die Gestaltung dichter und formaler Hecken, ist aber ebenso wirkungsvoll als solit\u00e4re Zierpflanze oder in mittelgro\u00dfen Landschaftskompositionen.<\/p>\n<p>Das Laub, ein charakteristisches Element dieser Sorte, besteht aus lanzettlichen, ledrigen und gl\u00e4nzenden Bl\u00e4ttern, die im ausgewachsenen Teil dunkelgr\u00fcn sind. Die neuen Triebe treiben in einem leuchtenden, sehr lebendigen Rot aus, das einen spektakul\u00e4ren Kontrast zum tiefen Gr\u00fcn der reifen Vegetation bildet. Dieses Farbmerkmal erneuert sich mehrmals im Jahr, insbesondere nach leichtem R\u00fcckschnitt, wodurch die Pflanze \u00fcber lange Zeitr\u00e4ume dekorativ bleibt.<\/p>\n<p>&#8218;Robusta Compacta&#8216; entwickelt sich geordnet und symmetrisch, mit einem langsamen und kontrollierten Wachstum, das sie von der kr\u00e4ftigeren Photinia &#8218;Red Robin&#8216; unterscheidet. Sie erreicht eine durchschnittliche H\u00f6he von etwa 1,5\u20132 Metern und entwickelt sich proportional in die Breite. Dadurch ist sie ideal f\u00fcr alle, die eine kompakte Hecke mit geringem Pflegeaufwand und stets gepflegtem Erscheinungsbild w\u00fcnschen. Der nat\u00fcrlich dichte Wuchs reduziert den Bedarf an h\u00e4ufigem R\u00fcckschnitt.<br \/>\nIm Fr\u00fchjahr kann die Pflanze rispenf\u00f6rmige Bl\u00fctenst\u00e4nde mit kleinen wei\u00dfen Bl\u00fcten bilden, die einen dezenten, aber angenehmen Akzent setzen. Obwohl die Bl\u00fcte nicht das wichtigste dekorative Element ist, tr\u00e4gt sie dazu bei, das Erscheinungsbild der Pflanze in dieser Jahreszeit zu bereichern. In manchen F\u00e4llen k\u00f6nnen auf die Bl\u00fcte rote Beeren folgen.<br \/>\nPhotinia x fraseri &#8218;Robusta Compacta&#8216; ist eine robuste und vielseitige Pflanze. Sie vertr\u00e4gt verschiedene B\u00f6den gut, solange diese gut durchl\u00e4ssig sind, und gedeiht am besten an sonnigen oder halbschattigen Standorten. Nach dem Anwachsen ist sie trockenheitsresistent und passt sich gut an windige oder salzhaltige Bedingungen an, wodurch sie sich auch f\u00fcr K\u00fcsteng\u00e4rten eignet. Sie ist au\u00dferdem relativ k\u00e4lteresistent, obwohl es in Gebieten mit sehr starkem Frost sinnvoll sein kann, die Pflanze in den ersten Jahren nach der Pflanzung zu sch\u00fctzen.<br \/>\nAufgrund ihrer Kompaktheit, der Sch\u00f6nheit ihres Laubs und der einfachen Kultivierung ist Photinia x fraseri \u201eRobusta Compacta\u201c eine ausgezeichnete Wahl f\u00fcr alle, die eine elegante und funktionale Hecke oder eine dekorative Pflanze f\u00fcr formale G\u00e4rten und pflegeleichte Gr\u00fcnfl\u00e4chen suchen.<\/p>\n","protected":false},"excerpt":{"rendered":"<p>Photinia x fraseri &#8218;Robusta Compacta&#8216; ist eine immergr\u00fcne Hybridsorte, die aufgrund ihrer klaren Form, ihres kompakten Aufbaus und der Farbintensit\u00e4t des jungen Laubes selektiert wurde. Sie eignet sich besonders f\u00fcr die Gestaltung dichter und formaler Hecken, ist aber ebenso wirkungsvoll als solit\u00e4re Zierpflanze oder in mittelgro\u00dfen Landschaftskompositionen. Das Laub, ein charakteristisches Element dieser Sorte, besteht [&hellip;]<\/p>\n","protected":false},"featured_media":26097,"template":"","meta":{"_acf_changed":false},"product_brand":[],"product_cat":[141,144,147,143],"product_tag":[],"class_list":{"0":"post-17673","1":"product","2":"type-product","3":"status-publish","4":"has-post-thumbnail","6":"product_cat-pflanzen","7":"product_cat-mini-stamm","8":"product_cat-strauch","9":"product_cat-halbstamm","10":"pa_forma-halbstamm","11":"pa_forma-mini-stamm","12":"pa_forma-strauch","14":"first","15":"instock","16":"purchasable","17":"product-type-variable"},"acf":[],"_links":{"self":[{"href":"https:\/\/vivaiobaronti.com\/de\/wp-json\/wp\/v2\/product\/17673","targetHints":{"allow":["GET"]}}],"collection":[{"href":"https:\/\/vivaiobaronti.com\/de\/wp-json\/wp\/v2\/product"}],"about":[{"href":"https:\/\/vivaiobaronti.com\/de\/wp-json\/wp\/v2\/types\/product"}],"wp:featuredmedia":[{"embeddable":true,"href":"https:\/\/vivaiobaronti.com\/de\/wp-json\/wp\/v2\/media\/26097"}],"wp:attachment":[{"href":"https:\/\/vivaiobaronti.com\/de\/wp-json\/wp\/v2\/media?parent=17673"}],"wp:term":[{"taxonomy":"product_brand","embeddable":true,"href":"https:\/\/vivaiobaronti.com\/de\/wp-json\/wp\/v2\/product_brand?post=17673"},{"taxonomy":"product_cat","embeddable":true,"href":"https:\/\/vivaiobaronti.com\/de\/wp-json\/wp\/v2\/product_cat?post=17673"},{"taxonomy":"product_tag","embeddable":true,"href":"https:\/\/vivaiobaronti.com\/de\/wp-json\/wp\/v2\/product_tag?post=17673"}],"curies":[{"name":"wp","href":"https:\/\/api.w.org\/{rel}","templated":true}]}}