{"id":17511,"date":"2025-05-20T08:20:41","date_gmt":"2025-05-20T08:20:41","guid":{"rendered":"https:\/\/quizzical-davinci.89-31-73-59.plesk.page\/pianta\/photinia-x-fraserei-little-red-robin\/"},"modified":"2025-10-02T08:13:29","modified_gmt":"2025-10-02T08:13:29","slug":"photinia-x-fraserei-little-red-robin","status":"publish","type":"product","link":"https:\/\/vivaiobaronti.com\/de\/pianta\/photinia-x-fraserei-little-red-robin\/","title":{"rendered":"PHOTINIA X FRASEREI LITTLE RED ROBIN"},"content":{"rendered":"<p>Photinia x fraseri &#8218;Little Red Robin&#8216; ist eine kompakte und winterharte Glanzmispel, die sich durch ihre dekorative Sch\u00f6nheit und ihr \u00fcppiges Wachstum neuer roter Bl\u00e4tter auszeichnet. Diese Sorte ist perfekt f\u00fcr alle, die eine pflegeleichte Pflanze suchen, die kleinen G\u00e4rten, Rabatten, Hecken oder auch als K\u00fcbelpflanze Farbe und Vitalit\u00e4t verleiht.<\/p>\n<p>Die Bl\u00e4tter von &#8218;Little Red Robin&#8216; sind lanzettlich und gl\u00e4nzend, mit einer unglaublich leuchtend roten Farbe, die an den neuen Trieben erscheint. Mit zunehmendem Alter wechselt die rote Farbe allm\u00e4hlich zu Dunkelgr\u00fcn und erzeugt so einen faszinierenden und dynamischen Kontrast, der die gesamte Wachstumsperiode \u00fcber anh\u00e4lt. Die Pflanze wird f\u00fcr ihre F\u00e4higkeit gesch\u00e4tzt, kontinuierlich neue rote Triebe zu bilden, die von Fr\u00fchling bis Herbst ein Farbenspiel garantieren.<\/p>\n<p>Mit ihrem kompakten, runden Wuchs erreicht Photinia &#8218;Little Red Robin&#8216; eine H\u00f6he von etwa 1,2\u20131,5 Metern und eine Breite von 1\u20131,5 Metern. Damit eignet sie sich ideal f\u00fcr kleinere G\u00e4rten oder f\u00fcr gemischte Rabatten und niedrige Hecken. Die dichte, kompakte Form eignet sich perfekt f\u00fcr die Gestaltung informeller Hecken oder f\u00fcr Gruppenpflanzungen, um einen st\u00e4rkeren optischen Eindruck zu erzielen.<br \/>\nDie Bl\u00fctezeit beginnt im Fr\u00fchjahr mit kleinen wei\u00dfen Bl\u00fcten, die in Rispen angeordnet sind. Obwohl die Bl\u00fcten nicht das Hauptdekor darstellen, verleihen sie dem Garten eine angenehme Frische und ziehen Bienen und andere best\u00e4ubende Insekten an. Die Bl\u00fcte und die Farbe der neuen Triebe machen diese Sorte das ganze Jahr \u00fcber besonders interessant.<br \/>\nPhotinia x fraseri &#8218;Little Red Robin&#8216; ist eine pflegeleichte Pflanze. Sie eignet sich f\u00fcr gut durchl\u00e4ssige B\u00f6den und bevorzugt einen sonnigen oder halbschattigen Standort. Diese Sorte ist wind- und salzresistent und eignet sich daher perfekt f\u00fcr K\u00fcsteng\u00e4rten und windige Umgebungen. Obwohl sie auch k\u00e4lteres Klima vertr\u00e4gt, empfiehlt es sich in Gebieten mit starkem Frost, sie im Winter zu sch\u00fctzen oder an einem gesch\u00fctzteren Standort zu pflanzen.<br \/>\nMit seiner Widerstandsf\u00e4higkeit, der leuchtenden Farbe seiner neuen Bl\u00e4tter und dem einfachen Wachstum ist Photinia x fraseri \u201eLittle Red Robin\u201c die ideale Wahl f\u00fcr alle, die eine Zierpflanze suchen, die das ganze Jahr \u00fcber Farbe und Interesse weckt und nicht viel Pflege erfordert.<\/p>\n","protected":false},"excerpt":{"rendered":"<p>Photinia x fraseri &#8218;Little Red Robin&#8216; ist eine kompakte und winterharte Glanzmispel, die sich durch ihre dekorative Sch\u00f6nheit und ihr \u00fcppiges Wachstum neuer roter Bl\u00e4tter auszeichnet. Diese Sorte ist perfekt f\u00fcr alle, die eine pflegeleichte Pflanze suchen, die kleinen G\u00e4rten, Rabatten, Hecken oder auch als K\u00fcbelpflanze Farbe und Vitalit\u00e4t verleiht. Die Bl\u00e4tter von &#8218;Little Red [&hellip;]<\/p>\n","protected":false},"featured_media":7453,"template":"","meta":{"_acf_changed":false},"product_brand":[],"product_cat":[141,144,147],"product_tag":[],"class_list":{"0":"post-17511","1":"product","2":"type-product","3":"status-publish","4":"has-post-thumbnail","6":"product_cat-pflanzen","7":"product_cat-mini-stamm","8":"product_cat-strauch","9":"pa_forma-halbstamm","10":"pa_forma-mini-stamm","11":"pa_forma-strauch","13":"first","14":"instock","15":"purchasable","16":"product-type-variable"},"acf":[],"_links":{"self":[{"href":"https:\/\/vivaiobaronti.com\/de\/wp-json\/wp\/v2\/product\/17511","targetHints":{"allow":["GET"]}}],"collection":[{"href":"https:\/\/vivaiobaronti.com\/de\/wp-json\/wp\/v2\/product"}],"about":[{"href":"https:\/\/vivaiobaronti.com\/de\/wp-json\/wp\/v2\/types\/product"}],"wp:featuredmedia":[{"embeddable":true,"href":"https:\/\/vivaiobaronti.com\/de\/wp-json\/wp\/v2\/media\/7453"}],"wp:attachment":[{"href":"https:\/\/vivaiobaronti.com\/de\/wp-json\/wp\/v2\/media?parent=17511"}],"wp:term":[{"taxonomy":"product_brand","embeddable":true,"href":"https:\/\/vivaiobaronti.com\/de\/wp-json\/wp\/v2\/product_brand?post=17511"},{"taxonomy":"product_cat","embeddable":true,"href":"https:\/\/vivaiobaronti.com\/de\/wp-json\/wp\/v2\/product_cat?post=17511"},{"taxonomy":"product_tag","embeddable":true,"href":"https:\/\/vivaiobaronti.com\/de\/wp-json\/wp\/v2\/product_tag?post=17511"}],"curies":[{"name":"wp","href":"https:\/\/api.w.org\/{rel}","templated":true}]}}