{"id":17472,"date":"2025-05-20T08:20:41","date_gmt":"2025-05-20T08:20:41","guid":{"rendered":"https:\/\/quizzical-davinci.89-31-73-59.plesk.page\/pianta\/photinia-x-fraserei-chico-r-royalty\/"},"modified":"2026-02-03T09:52:57","modified_gmt":"2026-02-03T09:52:57","slug":"photinia-x-fraserei-chico-r-royalty","status":"publish","type":"product","link":"https:\/\/vivaiobaronti.com\/de\/pianta\/photinia-x-fraserei-chico-r-royalty\/","title":{"rendered":"PHOTINIA X FRASEREI CHICO (R-ROYALTY)"},"content":{"rendered":"<p>Photinia x fraseri \u201eChico\u201c ist eine kompakte und winterharte Glanzmispel, die besonders wegen ihres dekorativen Laubs und ihres geordneten Wuchses gesch\u00e4tzt wird. Diese Sorte zeichnet sich durch ihren kompakteren Wuchs im Vergleich zu anderen Glanzmispeln aus und eignet sich daher ideal f\u00fcr kleine bis mittelgro\u00dfe G\u00e4rten, Rabatten, Hecken oder als K\u00fcbelpflanze. Die Bl\u00e4tter von \u201eChico\u201c sind gl\u00e4nzend, lanzettlich und ledrig und haben eine attraktive F\u00e4rbung, die von leuchtendem Rot an neuen Trieben bis hin zu Dunkelgr\u00fcn mit zunehmender Reife der Bl\u00e4tter reicht. Dieser Farbwechsel verleiht der Pflanze w\u00e4hrend der gesamten Vegetationsperiode ein dynamisches Aussehen und bringt Farbe und Interesse in den Garten. Die Pflanze hat einen dichten und kompakten Wuchs mit regelm\u00e4\u00dfig wachsenden Zweigen, wodurch die Sorte auch ohne \u00fcberm\u00e4\u00dfigen R\u00fcckschnitt eine elegante Form beh\u00e4lt. Photinia x fraseri \u201eChico\u201c wird etwa 1,2\u20131,5 Meter hoch und breit und eignet sich daher ideal f\u00fcr die Gestaltung von niedrigen, gepflegten Hecken oder als Solit\u00e4rpflanze, die den Garten mit ihrer leuchtenden Farbe bereichert. Dank ihres kompakten Wuchses eignet sie sich auch perfekt f\u00fcr Rabatten oder als Topfpflanze, insbesondere f\u00fcr Terrassen und Balkone, wo ein farblicher Akzent gew\u00fcnscht ist, ohne zu viel Platz einzunehmen. \u201eChico\u201c bl\u00fcht im Fr\u00fchling mit kleinen wei\u00dfen Bl\u00fcten, die in Rispen angeordnet sind. Obwohl die Bl\u00fcten nicht \u00fcppig sind, verleihen sie dem Garten Frische und Duft und ziehen best\u00e4ubende Insekten wie Bienen und Schmetterlinge an. Nach der Bl\u00fcte kann die Pflanze rote Beeren bilden, die einen Teil des Winters \u00fcberdauern und so ein zus\u00e4tzliches dekoratives Element darstellen. Photinia x fraseri \u201eChico\u201c ist eine winterharte Pflanze, die sich an verschiedene B\u00f6den anpasst, sofern diese gut durchl\u00e4ssig sind. Sie bevorzugt einen sonnigen oder halbschattigen Standort, was die leuchtend rote Farbe der neuen Triebe besonders gut zur Geltung bringt. Die Sorte ist wind- und salzresistent und eignet sich daher f\u00fcr K\u00fcsteng\u00e4rten und windige Umgebungen. Sie ist au\u00dferdem relativ k\u00e4lteresistent, muss aber in Gebieten mit besonders starkem Frost m\u00f6glicherweise gesch\u00fctzt werden. Dank ihres kompakten Wuchses, der leuchtenden Triebfarbe und der einfachen Pflege ist Photinia x fraseri \u201eChico\u201c die ideale Wahl f\u00fcr alle, die eine Zierpflanze suchen, die kleineren G\u00e4rten oder begrenzten Fl\u00e4chen Farbe und Lebendigkeit verleiht, ohne dabei auf Sch\u00f6nheit und Widerstandsf\u00e4higkeit verzichten zu m\u00fcssen.<\/p>\n","protected":false},"excerpt":{"rendered":"<p>Photinia x fraseri \u201eChico\u201c ist eine kompakte und winterharte Glanzmispel, die besonders wegen ihres dekorativen Laubs und ihres geordneten Wuchses gesch\u00e4tzt wird. Diese Sorte zeichnet sich durch ihren kompakteren Wuchs im Vergleich zu anderen Glanzmispeln aus und eignet sich daher ideal f\u00fcr kleine bis mittelgro\u00dfe G\u00e4rten, Rabatten, Hecken oder als K\u00fcbelpflanze. Die Bl\u00e4tter von \u201eChico\u201c [&hellip;]<\/p>\n","protected":false},"featured_media":7429,"template":"","meta":{"_acf_changed":false},"product_brand":[],"product_cat":[144,141,143],"product_tag":[],"class_list":{"0":"post-17472","1":"product","2":"type-product","3":"status-publish","4":"has-post-thumbnail","6":"product_cat-mini-stamm","7":"product_cat-pflanzen","8":"product_cat-halbstamm","9":"pa_forma-halbstamm","10":"pa_forma-mini-fusto","11":"pa_forma-mini-stamm","12":"pa_forma-strauch","14":"first","15":"instock","16":"purchasable","17":"product-type-variable"},"acf":[],"_links":{"self":[{"href":"https:\/\/vivaiobaronti.com\/de\/wp-json\/wp\/v2\/product\/17472","targetHints":{"allow":["GET"]}}],"collection":[{"href":"https:\/\/vivaiobaronti.com\/de\/wp-json\/wp\/v2\/product"}],"about":[{"href":"https:\/\/vivaiobaronti.com\/de\/wp-json\/wp\/v2\/types\/product"}],"wp:featuredmedia":[{"embeddable":true,"href":"https:\/\/vivaiobaronti.com\/de\/wp-json\/wp\/v2\/media\/7429"}],"wp:attachment":[{"href":"https:\/\/vivaiobaronti.com\/de\/wp-json\/wp\/v2\/media?parent=17472"}],"wp:term":[{"taxonomy":"product_brand","embeddable":true,"href":"https:\/\/vivaiobaronti.com\/de\/wp-json\/wp\/v2\/product_brand?post=17472"},{"taxonomy":"product_cat","embeddable":true,"href":"https:\/\/vivaiobaronti.com\/de\/wp-json\/wp\/v2\/product_cat?post=17472"},{"taxonomy":"product_tag","embeddable":true,"href":"https:\/\/vivaiobaronti.com\/de\/wp-json\/wp\/v2\/product_tag?post=17472"}],"curies":[{"name":"wp","href":"https:\/\/api.w.org\/{rel}","templated":true}]}}