{"id":17327,"date":"2025-05-20T08:20:34","date_gmt":"2025-05-20T08:20:34","guid":{"rendered":"https:\/\/quizzical-davinci.89-31-73-59.plesk.page\/pianta\/photinia-fraseri-magical-volcano-r-royalty\/"},"modified":"2025-07-24T08:26:19","modified_gmt":"2025-07-24T08:26:19","slug":"photinia-fraseri-magical-volcano-r-royalty","status":"publish","type":"product","link":"https:\/\/vivaiobaronti.com\/de\/pianta\/photinia-fraseri-magical-volcano-r-royalty\/","title":{"rendered":"PHOTINIA FRASERI MAGICAL VOLCANO (R-ROYALTY)"},"content":{"rendered":"<p>Photinia x fraseri \u201eMagical Volcano\u201c ist eine Glanzmispel-Sorte, die sich durch ihre au\u00dfergew\u00f6hnliche Sch\u00f6nheit und ihren kompakten Wuchs auszeichnet und ideal f\u00fcr alle ist, die eine Zierpflanze mit starker optischer Wirkung suchen. Diese Sorte wird f\u00fcr ihre dekorative Laubkombination gesch\u00e4tzt, die vom leuchtenden Rot der jungen Pflanze bis zum Dunkelgr\u00fcn der ausgewachsenen Bl\u00e4tter variiert und einen faszinierenden und dynamischen Kontrast erzeugt.<\/p>\n<p>Die Bl\u00e4tter von \u201eMagical Volcano\u201c sind lanzettlich, gl\u00e4nzend und ledrig und weisen eine au\u00dfergew\u00f6hnliche F\u00e4rbung auf, die von intensivem Rot der neuen Triebe zu tiefem Gr\u00fcn der ausgewachsenen Bl\u00e4tter wechselt. Dieser Farb\u00fcbergang, der im Laufe der Saison stattfindet, macht die Pflanze \u00e4sthetisch besonders interessant. Die Pflanze hat einen aufrechten und kompakten Wuchs mit einem klar definierten Wuchs, der sie ideal f\u00fcr die Gestaltung gepflegter Hecken oder als dekoratives Element im Garten macht. Die Sorte \u201eMagischer Vulkan\u201c w\u00e4chst kompakt und erreicht eine H\u00f6he von etwa 1,5\u20132 Metern und eine Breite von etwa 1 Meter. Damit eignet sie sich perfekt f\u00fcr kleine G\u00e4rten, Rabatten oder auch als Topfpflanze auf Terrassen und Balkonen. Die Pflanze w\u00e4chst relativ schnell und bildet w\u00e4hrend der gesamten Vegetationsperiode h\u00e4ufig neue rote Triebe, die zu einer kontinuierlichen Ver\u00e4nderung und Bereicherung der Landschaft beitragen. Die Bl\u00fctezeit beginnt im Fr\u00fchjahr mit kleinen wei\u00dfen Bl\u00fcten, die in Rispen angeordnet sind. Obwohl die Bl\u00fcte nicht besonders \u00fcppig ist, sind die Bl\u00fcten ein zus\u00e4tzliches dekoratives Element, das dem Garten Frische verleiht und best\u00e4ubende Insekten anzieht. Auf die Bl\u00fcte folgen rote Beeren, die zwar nicht das Hauptaugenmerk der Pflanze sind, ihr aber eine zus\u00e4tzliche Dimension verleihen.<\/p>\n<p>Photinia x fraseri \u201eMagischer Vulkan\u201c ist eine robuste und anpassungsf\u00e4hige Pflanze, die gut in gut durchl\u00e4ssigen B\u00f6den und an einem sonnigen oder halbschattigen Standort w\u00e4chst. Diese Sorte ist besonders wind- und salzresistent und eignet sich daher ideal f\u00fcr K\u00fcsteng\u00e4rten oder windige Gebiete. Sie ist au\u00dferdem unter verschiedenen Klimabedingungen winterhart und vertr\u00e4gt K\u00e4lte gut. In Gebieten mit besonders strengen Wintern kann es jedoch sinnvoll sein, sie zu sch\u00fctzen oder an einem gesch\u00fctzten Standort zu pflanzen. Aufgrund ihrer \u00e4sthetischen Sch\u00f6nheit, Pflegeleichtigkeit und ihrer F\u00e4higkeit, jeden Garten in ein lebendiges Kunstwerk zu verwandeln, ist Photinia x fraseri \u201eMagical Volcano\u201c die perfekte Wahl f\u00fcr alle, die eine dekorative, robuste und pflegeleichte Pflanze suchen.<\/p>\n","protected":false},"excerpt":{"rendered":"<p>Photinia x fraseri \u201eMagical Volcano\u201c ist eine Glanzmispel-Sorte, die sich durch ihre au\u00dfergew\u00f6hnliche Sch\u00f6nheit und ihren kompakten Wuchs auszeichnet und ideal f\u00fcr alle ist, die eine Zierpflanze mit starker optischer Wirkung suchen. Diese Sorte wird f\u00fcr ihre dekorative Laubkombination gesch\u00e4tzt, die vom leuchtenden Rot der jungen Pflanze bis zum Dunkelgr\u00fcn der ausgewachsenen Bl\u00e4tter variiert und [&hellip;]<\/p>\n","protected":false},"featured_media":7350,"template":"","meta":{"_acf_changed":false},"product_brand":[],"product_cat":[141,144,147,143],"product_tag":[],"class_list":{"0":"post-17327","1":"product","2":"type-product","3":"status-publish","4":"has-post-thumbnail","6":"product_cat-pflanzen","7":"product_cat-mini-stamm","8":"product_cat-strauch","9":"product_cat-halbstamm","10":"pa_forma-halbstamm","11":"pa_forma-mini-stamm","12":"pa_forma-strauch","14":"first","15":"instock","16":"purchasable","17":"product-type-variable"},"acf":[],"_links":{"self":[{"href":"https:\/\/vivaiobaronti.com\/de\/wp-json\/wp\/v2\/product\/17327","targetHints":{"allow":["GET"]}}],"collection":[{"href":"https:\/\/vivaiobaronti.com\/de\/wp-json\/wp\/v2\/product"}],"about":[{"href":"https:\/\/vivaiobaronti.com\/de\/wp-json\/wp\/v2\/types\/product"}],"wp:featuredmedia":[{"embeddable":true,"href":"https:\/\/vivaiobaronti.com\/de\/wp-json\/wp\/v2\/media\/7350"}],"wp:attachment":[{"href":"https:\/\/vivaiobaronti.com\/de\/wp-json\/wp\/v2\/media?parent=17327"}],"wp:term":[{"taxonomy":"product_brand","embeddable":true,"href":"https:\/\/vivaiobaronti.com\/de\/wp-json\/wp\/v2\/product_brand?post=17327"},{"taxonomy":"product_cat","embeddable":true,"href":"https:\/\/vivaiobaronti.com\/de\/wp-json\/wp\/v2\/product_cat?post=17327"},{"taxonomy":"product_tag","embeddable":true,"href":"https:\/\/vivaiobaronti.com\/de\/wp-json\/wp\/v2\/product_tag?post=17327"}],"curies":[{"name":"wp","href":"https:\/\/api.w.org\/{rel}","templated":true}]}}