{"id":17261,"date":"2025-05-20T08:20:34","date_gmt":"2025-05-20T08:20:34","guid":{"rendered":"https:\/\/quizzical-davinci.89-31-73-59.plesk.page\/pianta\/photinia-fraseri-little-red-robin\/"},"modified":"2025-07-24T08:26:15","modified_gmt":"2025-07-24T08:26:15","slug":"photinia-fraseri-little-red-robin","status":"publish","type":"product","link":"https:\/\/vivaiobaronti.com\/de\/pianta\/photinia-fraseri-little-red-robin\/","title":{"rendered":"PHOTINIA FRASERI LITTLE RED ROBIN"},"content":{"rendered":"<p>Photinia x fraseri \u201eLittle Red Robin\u201c ist eine kompakte und widerstandsf\u00e4hige Glanzmispel, die sich durch ihre dekorative Sch\u00f6nheit und die \u00fcppige Bildung neuer roter Bl\u00e4tter auszeichnet. Diese Sorte ist ideal f\u00fcr alle, die eine pflegeleichte Pflanze suchen, die kleinen G\u00e4rten, Rabatten, Hecken oder auch als K\u00fcbelpflanze Farbe und Vitalit\u00e4t verleiht.<br \/>\nDie Bl\u00e4tter von \u201eLittle Red Robin\u201c sind lanzettlich und gl\u00e4nzend, mit einer unglaublich leuchtend roten Farbe, die an den neuen Trieben erscheint. Mit der Zeit verwandelt sich die rote Farbe allm\u00e4hlich in Dunkelgr\u00fcn und erzeugt so einen faszinierenden und dynamischen Kontrast, der die gesamte Vegetationsperiode \u00fcber anh\u00e4lt. Die Pflanze wird f\u00fcr ihre F\u00e4higkeit gesch\u00e4tzt, kontinuierlich neue rote Triebe zu bilden, die vom Fr\u00fchling bis zum Herbst ein farbenfrohes Schauspiel bieten. Mit ihrem kompakten, runden Wuchs erreicht Photinia \u201eLittle Red Robin\u201c eine H\u00f6he von etwa 1,2\u20131,5 Metern und eine Breite von 1\u20131,5 Metern. Damit eignet sie sich ideal f\u00fcr kleinere G\u00e4rten oder f\u00fcr gemischte Beete und niedrige Hecken. Die dichte, kompakte Form eignet sich perfekt f\u00fcr die Gestaltung informeller Hecken oder f\u00fcr Gruppenpflanzungen f\u00fcr eine st\u00e4rkere optische Wirkung. Die Bl\u00fctezeit ist Fr\u00fchling. Die kleinen wei\u00dfen Bl\u00fcten stehen in rispenf\u00f6rmigen Bl\u00fctenst\u00e4nden. Obwohl die Bl\u00fcten nicht das Hauptdekor darstellen, verleihen sie dem Garten eine angenehme Frische und ziehen Bienen und andere best\u00e4ubende Insekten an. Die Bl\u00fcte und die Farbe der neuen Triebe machen diese Sorte w\u00e4hrend des gesamten Saisonzyklus besonders interessant. Photinia x fraseri \u201eLittle Red Robin\u201c ist eine pflegeleichte Pflanze. Diese Sorte eignet sich f\u00fcr gut durchl\u00e4ssige B\u00f6den und bevorzugt einen sonnigen oder halbschattigen Standort. Sie ist wind- und salzresistent und eignet sich daher ideal f\u00fcr K\u00fcsteng\u00e4rten und windige Umgebungen. Obwohl sie auch k\u00e4lteres Klima vertr\u00e4gt, empfiehlt es sich in Gebieten mit starkem Frost, sie im Winter zu sch\u00fctzen oder an einem gesch\u00fctzteren Standort zu pflanzen. Dank ihrer Widerstandsf\u00e4higkeit, der leuchtenden Farbe der neuen Bl\u00e4tter und der einfachen Kultivierung ist Photinia x fraseri \u201eLittle Red Robin\u201c die ideale Wahl f\u00fcr alle, die eine Zierpflanze suchen, die das ganze Jahr \u00fcber Farbe und Interesse weckt und dabei wenig Pflege ben\u00f6tigt.<\/p>\n","protected":false},"excerpt":{"rendered":"<p>Photinia x fraseri \u201eLittle Red Robin\u201c ist eine kompakte und widerstandsf\u00e4hige Glanzmispel, die sich durch ihre dekorative Sch\u00f6nheit und die \u00fcppige Bildung neuer roter Bl\u00e4tter auszeichnet. Diese Sorte ist ideal f\u00fcr alle, die eine pflegeleichte Pflanze suchen, die kleinen G\u00e4rten, Rabatten, Hecken oder auch als K\u00fcbelpflanze Farbe und Vitalit\u00e4t verleiht. Die Bl\u00e4tter von \u201eLittle Red [&hellip;]<\/p>\n","protected":false},"featured_media":7316,"template":"","meta":{"_acf_changed":false},"product_brand":[],"product_cat":[141,147],"product_tag":[],"class_list":{"0":"post-17261","1":"product","2":"type-product","3":"status-publish","4":"has-post-thumbnail","6":"product_cat-pflanzen","7":"product_cat-strauch","8":"pa_forma-strauch","10":"first","11":"instock","12":"purchasable","13":"product-type-variable"},"acf":[],"_links":{"self":[{"href":"https:\/\/vivaiobaronti.com\/de\/wp-json\/wp\/v2\/product\/17261","targetHints":{"allow":["GET"]}}],"collection":[{"href":"https:\/\/vivaiobaronti.com\/de\/wp-json\/wp\/v2\/product"}],"about":[{"href":"https:\/\/vivaiobaronti.com\/de\/wp-json\/wp\/v2\/types\/product"}],"wp:featuredmedia":[{"embeddable":true,"href":"https:\/\/vivaiobaronti.com\/de\/wp-json\/wp\/v2\/media\/7316"}],"wp:attachment":[{"href":"https:\/\/vivaiobaronti.com\/de\/wp-json\/wp\/v2\/media?parent=17261"}],"wp:term":[{"taxonomy":"product_brand","embeddable":true,"href":"https:\/\/vivaiobaronti.com\/de\/wp-json\/wp\/v2\/product_brand?post=17261"},{"taxonomy":"product_cat","embeddable":true,"href":"https:\/\/vivaiobaronti.com\/de\/wp-json\/wp\/v2\/product_cat?post=17261"},{"taxonomy":"product_tag","embeddable":true,"href":"https:\/\/vivaiobaronti.com\/de\/wp-json\/wp\/v2\/product_tag?post=17261"}],"curies":[{"name":"wp","href":"https:\/\/api.w.org\/{rel}","templated":true}]}}