{"id":17179,"date":"2025-05-20T08:20:34","date_gmt":"2025-05-20T08:20:34","guid":{"rendered":"https:\/\/quizzical-davinci.89-31-73-59.plesk.page\/pianta\/photinia-frasei-red-robin\/"},"modified":"2025-07-24T08:26:11","modified_gmt":"2025-07-24T08:26:11","slug":"photinia-frasei-red-robin","status":"publish","type":"product","link":"https:\/\/vivaiobaronti.com\/de\/pianta\/photinia-frasei-red-robin\/","title":{"rendered":"PHOTINIA FRASERI RED ROBIN"},"content":{"rendered":"<p>Photinia x fraseri &#8218;Red Robin&#8216; ist eine immergr\u00fcne Hybride, die f\u00fcr ihre atemberaubende saisonale Sch\u00f6nheit und ihre F\u00e4higkeit bekannt ist, einen Garten mit einem Farbenrausch zu verwandeln. Diese Sorte wird vor allem f\u00fcr ihren Neuaustrieb gesch\u00e4tzt, der mit einem intensiven leuchtenden Rot erscheint und mit zunehmender Reife der Bl\u00e4tter allm\u00e4hlich zu Dunkelgr\u00fcn verblasst. Die Pflanze eignet sich besonders f\u00fcr Zierg\u00e4rten, Hecken und als dekoratives Element in Rabatten. Die Bl\u00e4tter von &#8218;Red Robin&#8216; sind lanzettlich, ledrig und gl\u00e4nzend und zeichnen sich durch einen faszinierenden Farb\u00fcbergang aus, der sie einzigartig macht: Das leuchtende Rot der neuen Triebe ist der Blickfang, gefolgt vom dunklen, gl\u00e4nzenden Gr\u00fcn der ausgewachsenen Bl\u00e4tter. Die Pflanze beh\u00e4lt dieses dekorative Aussehen w\u00e4hrend der gesamten Wachstumsperiode und verleiht der Landschaft Dynamik und Farbe. Der Wuchs ist dicht und kompakt, mit harmonisch wachsenden \u00c4sten, die sich zu einer dichten Hecke oder einem besonders reizvollen Solit\u00e4r entwickeln.<\/p>\n<p>Photinia x fraseri &#8218;Red Robin&#8216; kann bis zu 3 Meter hoch werden und hat eine Breite von 1,5 bis 2 Metern, wenn sie frei wachsen kann. Dadurch eignet sie sich ideal sowohl f\u00fcr die Gestaltung informeller Hecken als auch als Solit\u00e4rpflanze im Garten. Regelm\u00e4\u00dfiger R\u00fcckschnitt kann die kompaktere Form erhalten oder das kr\u00e4ftigere Wachstum neuer roter Triebe f\u00f6rdern.<br \/>\nDie Bl\u00fcte im Fr\u00fchjahr ist ein weiterer nicht zu untersch\u00e4tzender Aspekt. \u201eRed Robin\u201c bildet kleine wei\u00dfe Bl\u00fcten in Rispen, die durch ihren zarten Duft angenehm sind und best\u00e4ubende Insekten anlocken. Obwohl die Bl\u00fcten nicht das Hauptmerkmal der Pflanze sind, verleihen sie dem Fr\u00fchling eine frische Note.<br \/>\nPhotinia x fraseri \u201eRed Robin\u201c ist eine sehr widerstandsf\u00e4hige Pflanze, die sich an viele verschiedene B\u00f6den anpasst, solange diese gut durchl\u00e4ssig sind. Sie bevorzugt einen sonnigen oder halbschattigen Standort, da dieser die rote Farbe der neuen Bl\u00e4tter optimal zur Geltung bringt. Sie ist wind- und salzresistent und eignet sich daher perfekt f\u00fcr K\u00fcsteng\u00e4rten, gedeiht aber auch im Landesinneren. Sie vertr\u00e4gt leichten Frost gut, in Gebieten mit strengen Wintern kann es jedoch notwendig sein, sie zu sch\u00fctzen oder an einem gesch\u00fctzteren Standort zu pflanzen.<br \/>\nMit ihrer Sch\u00f6nheit, Pflegeleichtigkeit und F\u00e4higkeit, das ganze Jahr \u00fcber Farbe zu spenden, ist Photinia x fraseri \u201eRed Robin\u201c die ideale Wahl f\u00fcr alle, die ihrem Garten eine lebendige und dekorative Note verleihen m\u00f6chten, sei es als Einzelpflanze, als Teil einer Hecke oder eines gr\u00f6\u00dferen Arrangements.<\/p>\n","protected":false},"excerpt":{"rendered":"<p>Photinia x fraseri &#8218;Red Robin&#8216; ist eine immergr\u00fcne Hybride, die f\u00fcr ihre atemberaubende saisonale Sch\u00f6nheit und ihre F\u00e4higkeit bekannt ist, einen Garten mit einem Farbenrausch zu verwandeln. Diese Sorte wird vor allem f\u00fcr ihren Neuaustrieb gesch\u00e4tzt, der mit einem intensiven leuchtenden Rot erscheint und mit zunehmender Reife der Bl\u00e4tter allm\u00e4hlich zu Dunkelgr\u00fcn verblasst. Die Pflanze [&hellip;]<\/p>\n","protected":false},"featured_media":7273,"template":"","meta":{"_acf_changed":false},"product_brand":[],"product_cat":[141,143],"product_tag":[],"class_list":{"0":"post-17179","1":"product","2":"type-product","3":"status-publish","4":"has-post-thumbnail","6":"product_cat-pflanzen","7":"product_cat-halbstamm","8":"pa_forma-halbstamm","10":"first","11":"instock","12":"purchasable","13":"product-type-variable"},"acf":[],"_links":{"self":[{"href":"https:\/\/vivaiobaronti.com\/de\/wp-json\/wp\/v2\/product\/17179","targetHints":{"allow":["GET"]}}],"collection":[{"href":"https:\/\/vivaiobaronti.com\/de\/wp-json\/wp\/v2\/product"}],"about":[{"href":"https:\/\/vivaiobaronti.com\/de\/wp-json\/wp\/v2\/types\/product"}],"wp:featuredmedia":[{"embeddable":true,"href":"https:\/\/vivaiobaronti.com\/de\/wp-json\/wp\/v2\/media\/7273"}],"wp:attachment":[{"href":"https:\/\/vivaiobaronti.com\/de\/wp-json\/wp\/v2\/media?parent=17179"}],"wp:term":[{"taxonomy":"product_brand","embeddable":true,"href":"https:\/\/vivaiobaronti.com\/de\/wp-json\/wp\/v2\/product_brand?post=17179"},{"taxonomy":"product_cat","embeddable":true,"href":"https:\/\/vivaiobaronti.com\/de\/wp-json\/wp\/v2\/product_cat?post=17179"},{"taxonomy":"product_tag","embeddable":true,"href":"https:\/\/vivaiobaronti.com\/de\/wp-json\/wp\/v2\/product_tag?post=17179"}],"curies":[{"name":"wp","href":"https:\/\/api.w.org\/{rel}","templated":true}]}}