{"id":17177,"date":"2025-05-20T08:20:34","date_gmt":"2025-05-20T08:20:34","guid":{"rendered":"https:\/\/quizzical-davinci.89-31-73-59.plesk.page\/pianta\/phormium-yellow-wave\/"},"modified":"2025-07-24T08:26:11","modified_gmt":"2025-07-24T08:26:11","slug":"phormium-yellow-wave","status":"publish","type":"product","link":"https:\/\/vivaiobaronti.com\/de\/pianta\/phormium-yellow-wave\/","title":{"rendered":"PHORMIUM YELLOW WAVE"},"content":{"rendered":"<p><span style=\"font-weight: 400\">Phormium &#8218;Yellow Wave&#8216; ist eine immergr\u00fcne Flachssorte aus Neuseeland, die sich durch ihr einzigartiges Laub auszeichnet. Charakteristisch sind goldene Streifen, die sich harmonisch mit dem intensiven Gr\u00fcn verflechten und so einen dynamischen und leuchtenden visuellen Effekt erzeugen. Diese Sorte ist ideal f\u00fcr alle, die eine dekorative Pflanze suchen, die modernen, exotischen oder K\u00fcsteng\u00e4rten Farbe und Bewegung verleiht.<\/span> <span style=\"font-weight: 400\">Die Bl\u00e4tter von &#8218;Yellow Wave&#8216; sind lang, bandf\u00f6rmig und leicht gew\u00f6lbt und f\u00e4cherf\u00f6rmig in \u00fcppigen B\u00fcscheln angeordnet. Die Panaschierung, die diese Sorte auszeichnet, ist eines ihrer faszinierendsten Merkmale: goldgelbe B\u00e4nder, die sich mit dunkelgr\u00fcnen Streifen abwechseln und so einen zarten, aber entschiedenen Kontrast erzeugen. Die nat\u00fcrliche Bewegung der Bl\u00e4tter im Wind unterstreicht die Sch\u00f6nheit dieses Effekts und macht die Pflanze besonders attraktiv in gr\u00f6\u00dferen G\u00e4rten, entlang von Wegen oder als Topfpflanze f\u00fcr Terrassen und Balkone.<\/span> <span style=\"font-weight: 400\">Phormium &#8218;Yellow Wave&#8216; erreicht im Allgemeinen eine H\u00f6he von 1,2 bis 1,5 Metern und eine Breite von etwa 1 Meter. Der Wuchs ist aufrecht und ordentlich, wirkt aber dank der Kr\u00fcmmung der Bl\u00e4tter weich und flie\u00dfend. Die Pflanze entwickelt eine kompakte und gut definierte Architektur, ideal, um in kleinen oder mittelgro\u00dfen G\u00e4rten eine szenische Pr\u00e4senz zu schaffen.<\/span> <span style=\"font-weight: 400\">Die Bl\u00fcte von &#8218;Yellow Wave&#8216; ist selten und nicht der Hauptzierwert der Pflanze. Wenn vorhanden, erfolgt die Bl\u00fcte im Sommer mit aufrechten Bl\u00fctenstielen, die \u00e4hrenf\u00f6rmige Bl\u00fctenst\u00e4nde mit kleinen, r\u00f6hrenf\u00f6rmigen Bl\u00fcten in Rot oder Orange tragen. Obwohl die Bl\u00fcte nicht \u00fcppig ausf\u00e4llt, bleibt das Laub die St\u00e4rke dieser Sorte, die das ganze Jahr \u00fcber Farbe und einen interessanten Anblick bietet.<\/span> <span style=\"font-weight: 400\">Phormium &#8218;Yellow Wave&#8216; ist winterhart und pflegeleicht. Sie eignet sich f\u00fcr gut durchl\u00e4ssige B\u00f6den und bevorzugt einen sonnigen oder halbschattigen Standort, der die Leuchtkraft der gelben Panaschierung besonders gut zur Geltung bringt. Trockenheitsresistent, wind- und salztolerant, eignet sie sich perfekt f\u00fcr K\u00fcsteng\u00e4rten oder Gebiete mit hei\u00dfem und trockenem Klima. Obwohl sie m\u00e4\u00dfig k\u00e4lteresistent ist, empfiehlt es sich, sie bei anhaltendem Frost zu sch\u00fctzen oder sie im K\u00fcbel zu kultivieren, um sie im Winter problemlos zu sch\u00fctzen.<\/span> <span style=\"font-weight: 400\">Aufgrund ihrer exotischen Sch\u00f6nheit, ihrer Widerstandsf\u00e4higkeit gegen schwierige Umweltbedingungen und ihrer F\u00e4higkeit, der Landschaft einen leuchtenden und dynamischen Touch zu verleihen, ist Phormium &#8218;Yellow Wave&#8216; eine ausgezeichnete Wahl f\u00fcr alle, die eine dekorative und pflegeleichte Pflanze suchen, die das ganze Jahr \u00fcber Farbe und Vitalit\u00e4t spendet.<\/span><\/p>\n","protected":false},"excerpt":{"rendered":"<p>Phormium &#8218;Yellow Wave&#8216; ist eine immergr\u00fcne Flachssorte aus Neuseeland, die sich durch ihr einzigartiges Laub auszeichnet. Charakteristisch sind goldene Streifen, die sich harmonisch mit dem intensiven Gr\u00fcn verflechten und so einen dynamischen und leuchtenden visuellen Effekt erzeugen. Diese Sorte ist ideal f\u00fcr alle, die eine dekorative Pflanze suchen, die modernen, exotischen oder K\u00fcsteng\u00e4rten Farbe und [&hellip;]<\/p>\n","protected":false},"featured_media":0,"template":"","meta":{"_acf_changed":false},"product_brand":[],"product_cat":[141,147],"product_tag":[],"class_list":{"0":"post-17177","1":"product","2":"type-product","3":"status-publish","5":"product_cat-pflanzen","6":"product_cat-strauch","7":"pa_forma-strauch","9":"first","10":"instock","11":"purchasable","12":"product-type-variable"},"acf":[],"_links":{"self":[{"href":"https:\/\/vivaiobaronti.com\/de\/wp-json\/wp\/v2\/product\/17177","targetHints":{"allow":["GET"]}}],"collection":[{"href":"https:\/\/vivaiobaronti.com\/de\/wp-json\/wp\/v2\/product"}],"about":[{"href":"https:\/\/vivaiobaronti.com\/de\/wp-json\/wp\/v2\/types\/product"}],"wp:attachment":[{"href":"https:\/\/vivaiobaronti.com\/de\/wp-json\/wp\/v2\/media?parent=17177"}],"wp:term":[{"taxonomy":"product_brand","embeddable":true,"href":"https:\/\/vivaiobaronti.com\/de\/wp-json\/wp\/v2\/product_brand?post=17177"},{"taxonomy":"product_cat","embeddable":true,"href":"https:\/\/vivaiobaronti.com\/de\/wp-json\/wp\/v2\/product_cat?post=17177"},{"taxonomy":"product_tag","embeddable":true,"href":"https:\/\/vivaiobaronti.com\/de\/wp-json\/wp\/v2\/product_tag?post=17177"}],"curies":[{"name":"wp","href":"https:\/\/api.w.org\/{rel}","templated":true}]}}