{"id":17175,"date":"2025-05-20T08:20:34","date_gmt":"2025-05-20T08:20:34","guid":{"rendered":"https:\/\/quizzical-davinci.89-31-73-59.plesk.page\/pianta\/phormium-tenax-variegatum-duette\/"},"modified":"2025-07-24T08:26:11","modified_gmt":"2025-07-24T08:26:11","slug":"phormium-tenax-variegatum-duette","status":"publish","type":"product","link":"https:\/\/vivaiobaronti.com\/de\/pianta\/phormium-tenax-variegatum-duette\/","title":{"rendered":"PHORMIUM TENAX VARIEGATUM DUETTE"},"content":{"rendered":"<p>Phormium tenax &#8218;Variegatum Duette&#8216; ist eine immergr\u00fcne Ziersorte aus der Familie der Tagliliengew\u00e4chse (Hemerocallidaceae), die aufgrund ihres aufrechten, bandartigen Laubs mit der \u00e4u\u00dferst dekorativen Panaschierung gez\u00fcchtet wurde: Die Blattmitte ist tief olivgr\u00fcn, ges\u00e4umt von breiten cremerosa R\u00e4ndern, wobei die Schattierungen bei guter Belichtung zu einem ausgepr\u00e4gteren Rosa tendieren. Die Pflanze bildet dichte, aufrechte Horste mit geordnetem Wuchs und immergr\u00fcnem Laub, das das ganze Jahr \u00fcber Struktur und Farbe bietet. Die in Kultur seltene Bl\u00fcte kann bei ausgewachsenen Exemplaren mit hohen, verzweigten Stielen und r\u00f6hrenf\u00f6rmigen, rotbraunen Bl\u00fcten auftreten. Phormium &#8218;Duette&#8216; ist dank seiner Kombination aus Winterh\u00e4rte, Widerstandsf\u00e4higkeit gegen widrige Bedingungen und gleichbleibendem Zierwert besonders beliebt f\u00fcr die Verwendung in K\u00fcbeln, Rabatten und architektonischen Kompositionen.<\/p>\n","protected":false},"excerpt":{"rendered":"<p>Phormium tenax &#8218;Variegatum Duette&#8216; ist eine immergr\u00fcne Ziersorte aus der Familie der Tagliliengew\u00e4chse (Hemerocallidaceae), die aufgrund ihres aufrechten, bandartigen Laubs mit der \u00e4u\u00dferst dekorativen Panaschierung gez\u00fcchtet wurde: Die Blattmitte ist tief olivgr\u00fcn, ges\u00e4umt von breiten cremerosa R\u00e4ndern, wobei die Schattierungen bei guter Belichtung zu einem ausgepr\u00e4gteren Rosa tendieren. Die Pflanze bildet dichte, aufrechte Horste mit [&hellip;]<\/p>\n","protected":false},"featured_media":0,"template":"","meta":{"_acf_changed":false},"product_brand":[],"product_cat":[141,147],"product_tag":[],"class_list":{"0":"post-17175","1":"product","2":"type-product","3":"status-publish","5":"product_cat-pflanzen","6":"product_cat-strauch","7":"pa_forma-strauch","9":"first","10":"instock","11":"purchasable","12":"product-type-variable"},"acf":[],"_links":{"self":[{"href":"https:\/\/vivaiobaronti.com\/de\/wp-json\/wp\/v2\/product\/17175","targetHints":{"allow":["GET"]}}],"collection":[{"href":"https:\/\/vivaiobaronti.com\/de\/wp-json\/wp\/v2\/product"}],"about":[{"href":"https:\/\/vivaiobaronti.com\/de\/wp-json\/wp\/v2\/types\/product"}],"wp:attachment":[{"href":"https:\/\/vivaiobaronti.com\/de\/wp-json\/wp\/v2\/media?parent=17175"}],"wp:term":[{"taxonomy":"product_brand","embeddable":true,"href":"https:\/\/vivaiobaronti.com\/de\/wp-json\/wp\/v2\/product_brand?post=17175"},{"taxonomy":"product_cat","embeddable":true,"href":"https:\/\/vivaiobaronti.com\/de\/wp-json\/wp\/v2\/product_cat?post=17175"},{"taxonomy":"product_tag","embeddable":true,"href":"https:\/\/vivaiobaronti.com\/de\/wp-json\/wp\/v2\/product_tag?post=17175"}],"curies":[{"name":"wp","href":"https:\/\/api.w.org\/{rel}","templated":true}]}}