{"id":17172,"date":"2025-05-20T08:20:34","date_gmt":"2025-05-20T08:20:34","guid":{"rendered":"https:\/\/quizzical-davinci.89-31-73-59.plesk.page\/pianta\/phormium-tenax-variegatum\/"},"modified":"2025-07-24T08:26:11","modified_gmt":"2025-07-24T08:26:11","slug":"phormium-tenax-variegatum","status":"publish","type":"product","link":"https:\/\/vivaiobaronti.com\/de\/pianta\/phormium-tenax-variegatum\/","title":{"rendered":"PHORMIUM TENAX VARIEGATUM"},"content":{"rendered":"<p><span style=\"font-weight: 400\">Phormium tenax &#8218;Variegatum&#8216; ist eine neuseel\u00e4ndische Flachssorte, die sich durch ihr attraktives, panaschiertes Laub auszeichnet. Die Farbkombination verleiht der Pflanze ein elegantes und leuchtendes Aussehen. Diese immergr\u00fcne Sorte eignet sich perfekt, um modernen, exotischen oder K\u00fcsteng\u00e4rten einen Hauch von Frische und Raffinesse zu verleihen.<\/span> <span style=\"font-weight: 400\">Die Bl\u00e4tter von &#8218;Variegatum&#8216; sind lang, schmal und bandf\u00f6rmig, in B\u00fcscheln angeordnet und haben einen aufrechten und gew\u00f6lbten Wuchs. Das Hauptmerkmal dieser Sorte ist ihre Panaschierung: Die Bl\u00e4tter haben eine Mischung aus Dunkelgr\u00fcn, Creme und Wei\u00df mit L\u00e4ngsb\u00e4ndern, die einen hellen und dynamischen visuellen Effekt erzeugen. Die wei\u00dfen und cremefarbenen Streifen wechseln sich mit dunklerem Gr\u00fcn ab und verleihen der Pflanze ein elegantes und anspruchsvolles Aussehen, das sich gut in jede Umgebung einf\u00fcgt.<\/span> <span style=\"font-weight: 400\">Phormium tenax &#8218;Variegatum&#8216; wird durchschnittlich 1,5 Meter hoch und kann bis zu 1 Meter breit werden. Seine f\u00e4cherartige Gestalt mit Bl\u00e4ttern, die sich sch\u00f6n von der Mitte aus ausbreiten, macht ihn ideal als Solit\u00e4rpflanze oder in gemischten Rabatten, wo der Farbkontrast die Umgebung bereichert. Die Pflanze w\u00e4chst kompakt, aber ihre visuelle Wirkung ist dank der Sch\u00f6nheit und Lebendigkeit ihrer Panaschierung sehr eindrucksvoll.<\/span> <span style=\"font-weight: 400\">Die Bl\u00fcte von &#8218;Variegatum&#8216; kann im Sommer erfolgen, mit aufrechten Bl\u00fctenstielen, die verzweigte Bl\u00fctenst\u00e4nde mit kleinen r\u00f6hrenf\u00f6rmigen Bl\u00fcten tragen, normalerweise in r\u00f6tlich-roten Farbt\u00f6nen, die best\u00e4ubende Insekten wie Bienen und Schmetterlinge anziehen. Der Hauptzierwert der Pflanze liegt jedoch in ihrem bunten Laub, das das ganze Jahr \u00fcber, sogar im Winter, dekorativ bleibt.<\/span> <span style=\"font-weight: 400\">Phormium &#8218;Variegatum&#8216; ist eine sehr widerstandsf\u00e4hige und vielseitige Pflanze. Sie passt sich gut an gut durchl\u00e4ssige B\u00f6den an und bevorzugt sonnige Standorte, die die Leuchtkraft des bunten Laubes verst\u00e4rken. Da sie salz- und windresistent ist, eignet sie sich perfekt f\u00fcr K\u00fcsteng\u00e4rten, gedeiht aber auch in Bergregionen oder in trockeneren Klimazonen. Sobald sie sich gut etabliert hat, vertr\u00e4gt sie Trockenheit gut, dennoch ist regelm\u00e4\u00dfiges Gie\u00dfen in hei\u00dfen Sommerperioden sinnvoll, um die Pflanze gesund zu halten. In Gebieten mit strengen Wintern empfiehlt es sich, die Pflanze zu sch\u00fctzen oder in einem Topf zu z\u00fcchten, um Frostsch\u00e4den zu vermeiden.<\/span> <span style=\"font-weight: 400\">Aufgrund ihrer Widerstandsf\u00e4higkeit, der Sch\u00f6nheit ihres bunten Laubs und ihrer F\u00e4higkeit, sich an unterschiedliche Umweltbedingungen anzupassen, ist Phormium tenax &#8218;Variegatum&#8216; eine ideale Pflanze f\u00fcr alle, die ein elegantes und pflegeleichtes Dekorationselement suchen, das den Garten mit einer exotischen und lebendigen Note bereichern kann.<\/span><\/p>\n","protected":false},"excerpt":{"rendered":"<p>Phormium tenax &#8218;Variegatum&#8216; ist eine neuseel\u00e4ndische Flachssorte, die sich durch ihr attraktives, panaschiertes Laub auszeichnet. Die Farbkombination verleiht der Pflanze ein elegantes und leuchtendes Aussehen. Diese immergr\u00fcne Sorte eignet sich perfekt, um modernen, exotischen oder K\u00fcsteng\u00e4rten einen Hauch von Frische und Raffinesse zu verleihen. Die Bl\u00e4tter von &#8218;Variegatum&#8216; sind lang, schmal und bandf\u00f6rmig, in B\u00fcscheln [&hellip;]<\/p>\n","protected":false},"featured_media":25764,"template":"","meta":{"_acf_changed":false},"product_brand":[],"product_cat":[141,147],"product_tag":[],"class_list":{"0":"post-17172","1":"product","2":"type-product","3":"status-publish","4":"has-post-thumbnail","6":"product_cat-pflanzen","7":"product_cat-strauch","8":"pa_forma-strauch","10":"first","11":"instock","12":"purchasable","13":"product-type-variable"},"acf":[],"_links":{"self":[{"href":"https:\/\/vivaiobaronti.com\/de\/wp-json\/wp\/v2\/product\/17172","targetHints":{"allow":["GET"]}}],"collection":[{"href":"https:\/\/vivaiobaronti.com\/de\/wp-json\/wp\/v2\/product"}],"about":[{"href":"https:\/\/vivaiobaronti.com\/de\/wp-json\/wp\/v2\/types\/product"}],"wp:featuredmedia":[{"embeddable":true,"href":"https:\/\/vivaiobaronti.com\/de\/wp-json\/wp\/v2\/media\/25764"}],"wp:attachment":[{"href":"https:\/\/vivaiobaronti.com\/de\/wp-json\/wp\/v2\/media?parent=17172"}],"wp:term":[{"taxonomy":"product_brand","embeddable":true,"href":"https:\/\/vivaiobaronti.com\/de\/wp-json\/wp\/v2\/product_brand?post=17172"},{"taxonomy":"product_cat","embeddable":true,"href":"https:\/\/vivaiobaronti.com\/de\/wp-json\/wp\/v2\/product_cat?post=17172"},{"taxonomy":"product_tag","embeddable":true,"href":"https:\/\/vivaiobaronti.com\/de\/wp-json\/wp\/v2\/product_tag?post=17172"}],"curies":[{"name":"wp","href":"https:\/\/api.w.org\/{rel}","templated":true}]}}