{"id":17170,"date":"2025-05-20T08:20:34","date_gmt":"2025-05-20T08:20:34","guid":{"rendered":"https:\/\/quizzical-davinci.89-31-73-59.plesk.page\/pianta\/phormium-tenax-sundowner\/"},"modified":"2025-07-24T08:26:11","modified_gmt":"2025-07-24T08:26:11","slug":"phormium-tenax-sundowner","status":"publish","type":"product","link":"https:\/\/vivaiobaronti.com\/de\/pianta\/phormium-tenax-sundowner\/","title":{"rendered":"PHORMIUM TENAX SUNDOWNER"},"content":{"rendered":"<p><span style=\"font-weight: 400\">Phormium tenax &#8218;Sundowner&#8216; ist eine neuseel\u00e4ndische Flachssorte, die sich durch ihre au\u00dfergew\u00f6hnliche Sch\u00f6nheit und ihr warmes, leuchtendes Laub auszeichnet. Diese Sorte wird f\u00fcr ihr skulpturales Aussehen und ihre Farbt\u00f6ne von tiefem Rot bis Bronze gesch\u00e4tzt, die einen dynamischen und suggestiven visuellen Effekt erzeugen. Sie eignet sich ideal f\u00fcr moderne G\u00e4rten, K\u00fcstenlandschaften oder exotische Landschaften, wo sie als dekorativer Blickfang dienen kann.<\/span> <span style=\"font-weight: 400\">Die Bl\u00e4tter von &#8218;Sundowner&#8216; sind lang, bandf\u00f6rmig und kr\u00e4ftig, b\u00fcschelf\u00f6rmig angeordnet und zur Spitze hin leicht gew\u00f6lbt. Die Farbe der Bl\u00e4tter variiert von einem warmen, leuchtenden Rot in den sonnenexponierten Bereichen bis hin zu Bronze- und Goldt\u00f6nen, die sich mit Beginn des Sommers intensivieren. Dieses Farbenspiel erzeugt einen faszinierenden Kontrast und verleiht der Pflanze eine malerische Ausstrahlung. Der Wuchs ist aufrecht, mit einer kompakten und wohldefinierten Form, wodurch sich &#8218;Sundowner&#8216; auch f\u00fcr den Anbau in T\u00f6pfen oder als Solit\u00e4rpflanze in Rabatten eignet.<\/span> <span style=\"font-weight: 400\">Phormium tenax &#8218;Sundowner&#8216; wird bis zu 1,5-2 Meter hoch und ebenso breit und erreicht eine Gr\u00f6\u00dfe, die es ihr erm\u00f6glicht, den Raum zu dominieren, ohne zu st\u00f6ren. Die Pflanze entwickelt sich f\u00e4cherf\u00f6rmig, mit harmonisch vom Zentrum ausgehend verteilten Bl\u00e4ttern, die eine geordnete Struktur aufweisen und nicht h\u00e4ufig beschnitten werden m\u00fcssen.<\/span> <span style=\"font-weight: 400\">Die Bl\u00fcte kann, wenn auch nicht besonders \u00fcppig, im Sommer erfolgen. Die aufrechten Bl\u00fctenstiele bringen kleine, r\u00f6hrenf\u00f6rmige Bl\u00fcten in rot-kupferfarbenen T\u00f6nen hervor, die von best\u00e4ubenden Insekten gesch\u00e4tzt werden. Der Hauptzierwert dieser Sorte liegt jedoch in ihrem au\u00dfergew\u00f6hnlichen Laub, das das ganze Jahr \u00fcber dekorativ bleibt.<\/span> <span style=\"font-weight: 400\">Phormium &#8218;Sundowner&#8216; ist eine widerstandsf\u00e4hige und vielseitige Pflanze, die sich problemlos an verschiedene Bodenarten anpasst, solange diese gut durchl\u00e4ssig sind. Sie bevorzugt sonnige Standorte, da diese ihre Farbenpracht optimal zur Geltung bringen, vertr\u00e4gt aber auch Halbschatten. Sie ist resistent gegen Trockenheit, Wind und Salz, was sie ideal f\u00fcr K\u00fcsteng\u00e4rten oder Gebiete mit trockenem Klima macht. In Gebieten mit kalten Wintern empfiehlt es sich, sie zu sch\u00fctzen oder in einem Topf zu kultivieren, damit sie an einen gesch\u00fctzteren Ort gebracht werden kann.<\/span> <span style=\"font-weight: 400\">Aufgrund ihrer Eleganz, leuchtenden Farbe und ihrer Anpassungsf\u00e4higkeit an unterschiedliche Umweltbedingungen ist Phormium tenax &#8218;Sundowner&#8216; die ideale Pflanze f\u00fcr alle, die eine dekorative und widerstandsf\u00e4hige Flachssorte suchen, die ihren Garten mit einer exotischen und raffinierten Note bereichert.<\/span><\/p>\n","protected":false},"excerpt":{"rendered":"<p>Phormium tenax &#8218;Sundowner&#8216; ist eine neuseel\u00e4ndische Flachssorte, die sich durch ihre au\u00dfergew\u00f6hnliche Sch\u00f6nheit und ihr warmes, leuchtendes Laub auszeichnet. Diese Sorte wird f\u00fcr ihr skulpturales Aussehen und ihre Farbt\u00f6ne von tiefem Rot bis Bronze gesch\u00e4tzt, die einen dynamischen und suggestiven visuellen Effekt erzeugen. Sie eignet sich ideal f\u00fcr moderne G\u00e4rten, K\u00fcstenlandschaften oder exotische Landschaften, wo [&hellip;]<\/p>\n","protected":false},"featured_media":0,"template":"","meta":{"_acf_changed":false},"product_brand":[],"product_cat":[141,147],"product_tag":[],"class_list":{"0":"post-17170","1":"product","2":"type-product","3":"status-publish","5":"product_cat-pflanzen","6":"product_cat-strauch","7":"pa_forma-strauch","9":"first","10":"instock","11":"purchasable","12":"product-type-variable"},"acf":[],"_links":{"self":[{"href":"https:\/\/vivaiobaronti.com\/de\/wp-json\/wp\/v2\/product\/17170","targetHints":{"allow":["GET"]}}],"collection":[{"href":"https:\/\/vivaiobaronti.com\/de\/wp-json\/wp\/v2\/product"}],"about":[{"href":"https:\/\/vivaiobaronti.com\/de\/wp-json\/wp\/v2\/types\/product"}],"wp:attachment":[{"href":"https:\/\/vivaiobaronti.com\/de\/wp-json\/wp\/v2\/media?parent=17170"}],"wp:term":[{"taxonomy":"product_brand","embeddable":true,"href":"https:\/\/vivaiobaronti.com\/de\/wp-json\/wp\/v2\/product_brand?post=17170"},{"taxonomy":"product_cat","embeddable":true,"href":"https:\/\/vivaiobaronti.com\/de\/wp-json\/wp\/v2\/product_cat?post=17170"},{"taxonomy":"product_tag","embeddable":true,"href":"https:\/\/vivaiobaronti.com\/de\/wp-json\/wp\/v2\/product_tag?post=17170"}],"curies":[{"name":"wp","href":"https:\/\/api.w.org\/{rel}","templated":true}]}}