{"id":17168,"date":"2025-05-20T08:20:34","date_gmt":"2025-05-20T08:20:34","guid":{"rendered":"https:\/\/quizzical-davinci.89-31-73-59.plesk.page\/pianta\/phormium-tenax-special-red\/"},"modified":"2025-07-24T08:26:11","modified_gmt":"2025-07-24T08:26:11","slug":"phormium-tenax-special-red","status":"publish","type":"product","link":"https:\/\/vivaiobaronti.com\/de\/pianta\/phormium-tenax-special-red\/","title":{"rendered":"PHORMIUM TENAX SPECIAL RED"},"content":{"rendered":"<p><span style=\"font-weight: 400\">Phormium tenax &#8218;Special Red&#8216; ist eine neuseel\u00e4ndische Flachssorte, die besonders f\u00fcr ihr robustes Laub und die auff\u00e4lligen Rott\u00f6ne gesch\u00e4tzt wird, die der Pflanze ein kr\u00e4ftiges, skulpturales Aussehen verleihen. Diese Sorte besticht durch ihre exotische Sch\u00f6nheit und ist ideal f\u00fcr moderne G\u00e4rten, K\u00fcstenlandschaften und Bereiche, die einen Hauch lebendiger Farbe ben\u00f6tigen.<\/span> <span style=\"font-weight: 400\">Die Bl\u00e4tter von &#8218;Special Red&#8216; sind lang, schmal und bandf\u00f6rmig und zeichnen sich durch eine Robustheit aus, die sie optisch sehr elegant macht. Die vorherrschende Farbe ist ein tiefes Rot, das zu dunkleren T\u00f6nen hin verblasst und so einen faszinierenden Kontrast zum Sonnenlicht bildet. Die Rott\u00f6ne werden in den w\u00e4rmeren Monaten noch lebendiger, insbesondere wenn die Pflanze der vollen Sonne ausgesetzt ist. Die aufrechte Form der Bl\u00e4tter und ihre wohldefinierte Gestalt verleihen dieser Sorte eine harmonische und imposante Struktur, die sich als zentrales Dekorationselement oder in gr\u00f6\u00dferen Kompositionen eignet.<\/span> <span style=\"font-weight: 400\">Phormium tenax &#8218;Special Red&#8216; kann eine durchschnittliche H\u00f6he von 1,5-2 Metern erreichen und sich in die Breite proportional entwickeln. Der Wuchs ist aufrecht, wobei sich die Bl\u00e4tter f\u00e4cherartig von der Mitte aus ausbreiten, wodurch ein ordentliches, aber imposantes Erscheinungsbild entsteht, das sich ideal als Solit\u00e4rpflanze oder in Beeten eignet. Dank ihrer kompakten Form und leuchtenden Farbe ist diese Sorte auch besonders attraktiv in T\u00f6pfen, wo sie als Zierpflanze f\u00fcr Terrassen und kleine G\u00e4rten pr\u00e4sentiert werden kann.<\/span> <span style=\"font-weight: 400\">Die Bl\u00fcte ist selten, kann aber im Sommer erfolgen. Die hohen Bl\u00fctenstiele tragen \u00e4hrenf\u00f6rmige Bl\u00fctenst\u00e4nde mit r\u00f6hrenf\u00f6rmigen roten oder orangefarbenen Bl\u00fcten. Obwohl die Bl\u00fcte nicht im Vordergrund steht, verleiht sie der Pflanze einen zus\u00e4tzlichen Hauch von Exotik, insbesondere in Kombination mit dem leuchtenden Laub.<\/span> <span style=\"font-weight: 400\">Phormium &#8218;Special Red&#8216; ist winterhart und pflegeleicht. Sie bevorzugt gut durchl\u00e4ssigen Boden und einen sonnigen Standort, wodurch die leuchtende Farbe der Bl\u00e4tter besonders gut zur Geltung kommt. Sie passt sich problemlos an Trockenheit an und ist wind- und salztolerant, was sie zu einer ausgezeichneten Wahl f\u00fcr K\u00fcsteng\u00e4rten macht. Obwohl sie relativ kalte Temperaturen vertr\u00e4gt, empfiehlt es sich in Gebieten mit anhaltendem Frost, sie zu sch\u00fctzen oder im Topf zu kultivieren und im Winter an einen gesch\u00fctzten Ort zu stellen.<\/span> <span style=\"font-weight: 400\">Aufgrund ihrer starken optischen Wirkung, ihrer Widerstandsf\u00e4higkeit gegen schwierige Umweltbedingungen und ihrer exotischen Sch\u00f6nheit ist Phormium tenax &#8218;Special Red&#8216; die ideale Wahl f\u00fcr alle, die ein auff\u00e4lliges Dekorationselement suchen, das \u00c4sthetik und Funktionalit\u00e4t in jedem Garten vereint.<\/span><\/p>\n","protected":false},"excerpt":{"rendered":"<p>Phormium tenax &#8218;Special Red&#8216; ist eine neuseel\u00e4ndische Flachssorte, die besonders f\u00fcr ihr robustes Laub und die auff\u00e4lligen Rott\u00f6ne gesch\u00e4tzt wird, die der Pflanze ein kr\u00e4ftiges, skulpturales Aussehen verleihen. Diese Sorte besticht durch ihre exotische Sch\u00f6nheit und ist ideal f\u00fcr moderne G\u00e4rten, K\u00fcstenlandschaften und Bereiche, die einen Hauch lebendiger Farbe ben\u00f6tigen. Die Bl\u00e4tter von &#8218;Special Red&#8216; [&hellip;]<\/p>\n","protected":false},"featured_media":0,"template":"","meta":{"_acf_changed":false},"product_brand":[],"product_cat":[141,147],"product_tag":[],"class_list":{"0":"post-17168","1":"product","2":"type-product","3":"status-publish","5":"product_cat-pflanzen","6":"product_cat-strauch","7":"pa_forma-strauch","9":"first","10":"instock","11":"purchasable","12":"product-type-variable"},"acf":[],"_links":{"self":[{"href":"https:\/\/vivaiobaronti.com\/de\/wp-json\/wp\/v2\/product\/17168","targetHints":{"allow":["GET"]}}],"collection":[{"href":"https:\/\/vivaiobaronti.com\/de\/wp-json\/wp\/v2\/product"}],"about":[{"href":"https:\/\/vivaiobaronti.com\/de\/wp-json\/wp\/v2\/types\/product"}],"wp:attachment":[{"href":"https:\/\/vivaiobaronti.com\/de\/wp-json\/wp\/v2\/media?parent=17168"}],"wp:term":[{"taxonomy":"product_brand","embeddable":true,"href":"https:\/\/vivaiobaronti.com\/de\/wp-json\/wp\/v2\/product_brand?post=17168"},{"taxonomy":"product_cat","embeddable":true,"href":"https:\/\/vivaiobaronti.com\/de\/wp-json\/wp\/v2\/product_cat?post=17168"},{"taxonomy":"product_tag","embeddable":true,"href":"https:\/\/vivaiobaronti.com\/de\/wp-json\/wp\/v2\/product_tag?post=17168"}],"curies":[{"name":"wp","href":"https:\/\/api.w.org\/{rel}","templated":true}]}}