{"id":17166,"date":"2025-05-20T08:20:34","date_gmt":"2025-05-20T08:20:34","guid":{"rendered":"https:\/\/quizzical-davinci.89-31-73-59.plesk.page\/pianta\/phormium-tenax-red\/"},"modified":"2025-07-24T08:26:11","modified_gmt":"2025-07-24T08:26:11","slug":"phormium-tenax-red","status":"publish","type":"product","link":"https:\/\/vivaiobaronti.com\/de\/pianta\/phormium-tenax-red\/","title":{"rendered":"PHORMIUM TENAX RED"},"content":{"rendered":"<p><span style=\"font-weight: 400\">Phormium tenax &#8218;Red&#8216; ist eine neuseel\u00e4ndische Flachssorte, die durch ihr markantes Laub in warmen, r\u00f6tlich-roten T\u00f6nen auff\u00e4llt, das einen kr\u00e4ftigen und eleganten Eindruck hinterl\u00e4sst. Diese Phormium-Sorte wird f\u00fcr ihre skulpturale Sch\u00f6nheit und ihre F\u00e4higkeit gesch\u00e4tzt, modernen G\u00e4rten, K\u00fcstenlandschaften und exotischen Orten Farbe und Struktur zu verleihen.<\/span> <span style=\"font-weight: 400\">Die Bl\u00e4tter von &#8218;Red&#8216; sind lang, bandf\u00f6rmig und weit ausgebreitet und haben eine steife, ledrige Textur. Die Farbe, die von Dunkelrot bis Bronze reicht, wird noch lebendiger, wenn die Pflanze direkter Sonneneinstrahlung ausgesetzt ist. Die Rott\u00f6ne vermischen sich mit dunkleren T\u00f6nen und erzeugen so einen hellen und dynamischen Effekt, der je nach Lichtverh\u00e4ltnissen und Klima variiert. Die Pflanze hat einen aufrechten und kompakten Wuchs, mit Bl\u00e4ttern, die sich von der Mitte aus f\u00e4cherartig ausbreiten und so eine ordentliche und kr\u00e4ftige Struktur bilden.<\/span> <span style=\"font-weight: 400\">Phormium tenax &#8218;Red&#8216; erreicht eine durchschnittliche H\u00f6he von 1,2-1,5 Metern und eine \u00e4hnliche Breite, kann aber unter optimalen Bedingungen sogar 2 Meter erreichen. Sein vertikaler Wuchs und seine wohlgeformte Form machen ihn perfekt f\u00fcr die Verwendung als Solit\u00e4r, in Rabatten oder sogar in gro\u00dfen Beh\u00e4ltern, wo er als Blickfang des Gartens dienen kann.<\/span> <span style=\"font-weight: 400\">Die Bl\u00fcte ist selten, kann aber im Sommer erfolgen, mit Bl\u00fctenst\u00e4nden, die von aufrechten und verzweigten Stielen getragen werden, die r\u00f6hrenf\u00f6rmige rote oder orangefarbene Bl\u00fcten hervorbringen, die f\u00fcr ihr exotisches Aussehen und als Anziehungskraft auf best\u00e4ubende Insekten gesch\u00e4tzt werden.<\/span> <span style=\"font-weight: 400\">Phormium &#8218;Red&#8216; ist eine sehr widerstandsf\u00e4hige Pflanze. Sie passt sich problemlos an eine Vielzahl gut durchl\u00e4ssiger B\u00f6den an und bevorzugt sonnige Standorte, die die Sch\u00f6nheit ihrer Bl\u00e4tter hervorheben. Sie ist resistent gegen Wind, Salz und Trockenheit und eignet sich daher ideal f\u00fcr K\u00fcsteng\u00e4rten oder schwierige Umgebungen. Obwohl sie relativ niedrige Temperaturen vertr\u00e4gt, ist es ratsam, sie in Gebieten mit anhaltendem Frost zu sch\u00fctzen oder sie in T\u00f6pfen zu kultivieren, um in den k\u00e4ltesten Monaten Schutz zu bieten.<\/span> <span style=\"font-weight: 400\">Aufgrund ihrer Widerstandsf\u00e4higkeit gegen Umwelteinfl\u00fcsse und ihrer au\u00dfergew\u00f6hnlichen Optik ist Phormium tenax &#8218;Red&#8216; die perfekte Pflanze f\u00fcr alle, die ein unverwechselbares Element mit viel Charakter f\u00fcr ihren Garten suchen, das sowohl moderne als auch nat\u00fcrlichere G\u00e4rten aufwertet.<\/span><\/p>\n","protected":false},"excerpt":{"rendered":"<p>Phormium tenax &#8218;Red&#8216; ist eine neuseel\u00e4ndische Flachssorte, die durch ihr markantes Laub in warmen, r\u00f6tlich-roten T\u00f6nen auff\u00e4llt, das einen kr\u00e4ftigen und eleganten Eindruck hinterl\u00e4sst. Diese Phormium-Sorte wird f\u00fcr ihre skulpturale Sch\u00f6nheit und ihre F\u00e4higkeit gesch\u00e4tzt, modernen G\u00e4rten, K\u00fcstenlandschaften und exotischen Orten Farbe und Struktur zu verleihen. Die Bl\u00e4tter von &#8218;Red&#8216; sind lang, bandf\u00f6rmig und weit [&hellip;]<\/p>\n","protected":false},"featured_media":0,"template":"","meta":{"_acf_changed":false},"product_brand":[],"product_cat":[141,147],"product_tag":[],"class_list":{"0":"post-17166","1":"product","2":"type-product","3":"status-publish","5":"product_cat-pflanzen","6":"product_cat-strauch","7":"pa_forma-strauch","9":"first","10":"instock","11":"purchasable","12":"product-type-variable"},"acf":[],"_links":{"self":[{"href":"https:\/\/vivaiobaronti.com\/de\/wp-json\/wp\/v2\/product\/17166","targetHints":{"allow":["GET"]}}],"collection":[{"href":"https:\/\/vivaiobaronti.com\/de\/wp-json\/wp\/v2\/product"}],"about":[{"href":"https:\/\/vivaiobaronti.com\/de\/wp-json\/wp\/v2\/types\/product"}],"wp:attachment":[{"href":"https:\/\/vivaiobaronti.com\/de\/wp-json\/wp\/v2\/media?parent=17166"}],"wp:term":[{"taxonomy":"product_brand","embeddable":true,"href":"https:\/\/vivaiobaronti.com\/de\/wp-json\/wp\/v2\/product_brand?post=17166"},{"taxonomy":"product_cat","embeddable":true,"href":"https:\/\/vivaiobaronti.com\/de\/wp-json\/wp\/v2\/product_cat?post=17166"},{"taxonomy":"product_tag","embeddable":true,"href":"https:\/\/vivaiobaronti.com\/de\/wp-json\/wp\/v2\/product_tag?post=17166"}],"curies":[{"name":"wp","href":"https:\/\/api.w.org\/{rel}","templated":true}]}}