{"id":17164,"date":"2025-05-20T08:20:34","date_gmt":"2025-05-20T08:20:34","guid":{"rendered":"https:\/\/quizzical-davinci.89-31-73-59.plesk.page\/pianta\/phormium-tenax-purpureum\/"},"modified":"2025-07-24T08:26:11","modified_gmt":"2025-07-24T08:26:11","slug":"phormium-tenax-purpureum","status":"publish","type":"product","link":"https:\/\/vivaiobaronti.com\/de\/pianta\/phormium-tenax-purpureum\/","title":{"rendered":"PHORMIUM TENAX PURPUREUM"},"content":{"rendered":"<p><span style=\"font-weight: 400\">Phormium tenax &#8218;Purpureum&#8216; ist eine kr\u00e4ftige und immergr\u00fcne Sorte des Neuseel\u00e4ndischen Flachses, die sich durch robustes und skulpturales Laub in intensivem Purpurrot auszeichnet. Sie ist eine der klassischsten und beliebtesten Sorten der Gattung und eignet sich ideal f\u00fcr die Schaffung klarer architektonischer Effekte und ausgepr\u00e4gter Farbkontraste, sowohl in modernen G\u00e4rten als auch in nat\u00fcrlicheren Kontexten.<\/span> <span style=\"font-weight: 400\">Die Bl\u00e4tter sind starr, linear und bandf\u00f6rmig, aufrecht und zur Spitze hin leicht gew\u00f6lbt, mit parallelen R\u00e4ndern und einer leicht wachsartigen Oberfl\u00e4che. Die gleichm\u00e4\u00dfige und tiefe Farbe variiert von Dunkelpurpur bis Bronze mit purpurfarbenen Reflexen, die sich bei Sonneneinstrahlung intensivieren. Dieses strenge und strukturierte Laub verleiht der Pflanze ein entschiedenes und formales Aussehen, das auch f\u00fcr Topfkompositionen oder zur Aufwertung von Rabatten und Blumenbeeten mit einem schlichten Design sehr gesch\u00e4tzt wird.<\/span> <span style=\"font-weight: 400\">Phormium tenax &#8218;Purpureum&#8216; kann im Vergleich zu den Sorten von Phormium cookianum beachtliche Ausma\u00dfe erreichen: unter g\u00fcnstigen Bedingungen bis zu 1,5-2 Meter hoch und in entsprechender Breite. Der Wuchs ist aufrecht und imposant, beh\u00e4lt aber ohne R\u00fcckschnitt eine geordnete Form.<\/span> <span style=\"font-weight: 400\">Die Pflanze kann im Sommer Bl\u00fcten an langen, aufrechten Stielen hervorbringen, mit verzweigten Bl\u00fctenst\u00e4nden in dunkelroten oder kupferfarbenen T\u00f6nen, mit r\u00f6hrenf\u00f6rmigem Aussehen und sehr beliebt bei best\u00e4ubenden Insekten. Die Bl\u00fcte ist jedoch nicht konstant oder garantiert, insbesondere nicht bei der Zierkultur.<\/span> <span style=\"font-weight: 400\">Phormium &#8218;Purpureum&#8216; ist eine \u00e4u\u00dferst widerstandsf\u00e4hige und anpassungsf\u00e4hige Pflanze. Sie vertr\u00e4gt Trockenheit, Wind, Salzgehalt und Temperaturschwankungen gut und eignet sich daher besonders f\u00fcr K\u00fcsten-, mediterrane oder pflegeleichte G\u00e4rten. Sie bevorzugt sonnige Standorte, die die Farbe des Laubes hervorheben, gedeiht aber auch im Halbschatten. Sie vertr\u00e4gt gem\u00e4\u00dfigte Wintertemperaturen, in Gebieten mit anhaltendem Frost ist jedoch ein Schutz oder die Anzucht im Topf ratsam.<\/span> <span style=\"font-weight: 400\">Aufgrund ihrer imposanten Erscheinung, ihrer dunklen Farbe und ihrer au\u00dfergew\u00f6hnlichen Widerstandsf\u00e4higkeit ist Phormium tenax &#8218;Purpureum&#8216; die ideale Wahl f\u00fcr alle, die eine ganzj\u00e4hrig dekorative Pflanze suchen, die der Landschaft Struktur, Tiefe und einen starken optischen Charakter verleiht.<\/span><\/p>\n","protected":false},"excerpt":{"rendered":"<p>Phormium tenax &#8218;Purpureum&#8216; ist eine kr\u00e4ftige und immergr\u00fcne Sorte des Neuseel\u00e4ndischen Flachses, die sich durch robustes und skulpturales Laub in intensivem Purpurrot auszeichnet. Sie ist eine der klassischsten und beliebtesten Sorten der Gattung und eignet sich ideal f\u00fcr die Schaffung klarer architektonischer Effekte und ausgepr\u00e4gter Farbkontraste, sowohl in modernen G\u00e4rten als auch in nat\u00fcrlicheren Kontexten. [&hellip;]<\/p>\n","protected":false},"featured_media":25724,"template":"","meta":{"_acf_changed":false},"product_brand":[],"product_cat":[141,147],"product_tag":[],"class_list":{"0":"post-17164","1":"product","2":"type-product","3":"status-publish","4":"has-post-thumbnail","6":"product_cat-pflanzen","7":"product_cat-strauch","8":"pa_forma-strauch","10":"first","11":"instock","12":"purchasable","13":"product-type-variable"},"acf":[],"_links":{"self":[{"href":"https:\/\/vivaiobaronti.com\/de\/wp-json\/wp\/v2\/product\/17164","targetHints":{"allow":["GET"]}}],"collection":[{"href":"https:\/\/vivaiobaronti.com\/de\/wp-json\/wp\/v2\/product"}],"about":[{"href":"https:\/\/vivaiobaronti.com\/de\/wp-json\/wp\/v2\/types\/product"}],"wp:featuredmedia":[{"embeddable":true,"href":"https:\/\/vivaiobaronti.com\/de\/wp-json\/wp\/v2\/media\/25724"}],"wp:attachment":[{"href":"https:\/\/vivaiobaronti.com\/de\/wp-json\/wp\/v2\/media?parent=17164"}],"wp:term":[{"taxonomy":"product_brand","embeddable":true,"href":"https:\/\/vivaiobaronti.com\/de\/wp-json\/wp\/v2\/product_brand?post=17164"},{"taxonomy":"product_cat","embeddable":true,"href":"https:\/\/vivaiobaronti.com\/de\/wp-json\/wp\/v2\/product_cat?post=17164"},{"taxonomy":"product_tag","embeddable":true,"href":"https:\/\/vivaiobaronti.com\/de\/wp-json\/wp\/v2\/product_tag?post=17164"}],"curies":[{"name":"wp","href":"https:\/\/api.w.org\/{rel}","templated":true}]}}