{"id":17161,"date":"2025-05-20T08:20:27","date_gmt":"2025-05-20T08:20:27","guid":{"rendered":"https:\/\/quizzical-davinci.89-31-73-59.plesk.page\/pianta\/phormium-rainbow-queen\/"},"modified":"2025-07-24T08:26:11","modified_gmt":"2025-07-24T08:26:11","slug":"phormium-rainbow-queen","status":"publish","type":"product","link":"https:\/\/vivaiobaronti.com\/de\/pianta\/phormium-rainbow-queen\/","title":{"rendered":"PHORMIUM RAINBOW QUEEN"},"content":{"rendered":"<p>Phormium cookianum \u201eRainbow Queen\u201c ist eine immergr\u00fcne Flachssorte aus Neuseeland mit gro\u00dfer dekorativer Wirkung. Bekannt ist sie f\u00fcr ihr Laub mit warmen, gestreiften T\u00f6nen, die an die Farben des Sonnenuntergangs erinnern. Die Pflanze mit ihrem architektonischen und kr\u00e4ftigen Erscheinungsbild eignet sich ideal f\u00fcr kr\u00e4ftige Farbkontraste in modernen, mediterranen oder exotischen G\u00e4rten. Die Bl\u00e4tter sind lang, bandf\u00f6rmig und leicht gebogen und f\u00e4cherf\u00f6rmig in dichten, ordentlichen B\u00fcscheln angeordnet. Die Farbe ist das charakteristische Merkmal dieser Sorte: Auf bronze- oder olivgr\u00fcnem Hintergrund entwickeln sich L\u00e4ngsstreifen in verschiedenen Rosa-, Kupfer-, Creme- und Oranget\u00f6nen, die einen schillernden Effekt erzeugen, der besonders intensiv in direktem Sonnenlicht zur Geltung kommt. Das Ergebnis ist eine Pflanze mit starkem Stil, die den Blick auf sich zieht und selbst minimalistische Kompositionen aufwertet.<br \/>\n\u201eRainbow Queen\u201c Die Pflanze w\u00e4chst mittelgro\u00df und erreicht in der Regel eine H\u00f6he von 1\u20131,2 Metern und eine \u00e4hnliche Breite. Der Wuchs ist leicht ausgebreitet, mit elegant nach au\u00dfen gebogenen Bl\u00e4ttern, die auch ohne R\u00fcckschnitt eine geordnete und gut strukturierte Form behalten. Die Bl\u00fcte erfolgt in Kultur nur gelegentlich und findet, falls vorhanden, im Sommer statt. Die Bl\u00fctenst\u00e4nde sind aufrecht und tragen kleine r\u00f6tliche oder kupferfarbene r\u00f6hrenf\u00f6rmige Bl\u00fcten. Der Hauptzierwert liegt jedoch im mehrj\u00e4hrigen Laub, das das ganze Jahr \u00fcber dekorativ ist. Phormium \u201eRainbow Queen\u201c ist eine robuste und vielseitige Pflanze. Sie passt sich verschiedenen Bodenarten an, sofern diese gut durchl\u00e4ssig sind, und bevorzugt sonnige oder halbschattige Standorte. Sie ist salz- und windresistent und eignet sich besonders f\u00fcr K\u00fcsteng\u00e4rten. Sobald sie gut verwurzelt ist, vertr\u00e4gt sie Trockenheit und hohe Temperaturen gut. In Gebieten mit strengen Wintern empfiehlt es sich, die Pflanze zu sch\u00fctzen oder in einem Topf zu kultivieren.<\/p>\n<p>Aufgrund ihrer leuchtenden Farbe, ihrer Widerstandsf\u00e4higkeit gegen Umwelteinfl\u00fcsse und ihrer skulpturalen Struktur ist Phormium cookianum \u201eRainbow Queen\u201c eine ausgezeichnete Wahl f\u00fcr alle, die eine effektvolle, pflegeleichte und zu jeder Jahreszeit dekorative Pflanze suchen.<\/p>\n","protected":false},"excerpt":{"rendered":"<p>Phormium cookianum \u201eRainbow Queen\u201c ist eine immergr\u00fcne Flachssorte aus Neuseeland mit gro\u00dfer dekorativer Wirkung. Bekannt ist sie f\u00fcr ihr Laub mit warmen, gestreiften T\u00f6nen, die an die Farben des Sonnenuntergangs erinnern. Die Pflanze mit ihrem architektonischen und kr\u00e4ftigen Erscheinungsbild eignet sich ideal f\u00fcr kr\u00e4ftige Farbkontraste in modernen, mediterranen oder exotischen G\u00e4rten. Die Bl\u00e4tter sind lang, [&hellip;]<\/p>\n","protected":false},"featured_media":25744,"template":"","meta":{"_acf_changed":false},"product_brand":[],"product_cat":[141,147],"product_tag":[],"class_list":{"0":"post-17161","1":"product","2":"type-product","3":"status-publish","4":"has-post-thumbnail","6":"product_cat-pflanzen","7":"product_cat-strauch","8":"pa_forma-strauch","10":"first","11":"instock","12":"purchasable","13":"product-type-variable"},"acf":[],"_links":{"self":[{"href":"https:\/\/vivaiobaronti.com\/de\/wp-json\/wp\/v2\/product\/17161","targetHints":{"allow":["GET"]}}],"collection":[{"href":"https:\/\/vivaiobaronti.com\/de\/wp-json\/wp\/v2\/product"}],"about":[{"href":"https:\/\/vivaiobaronti.com\/de\/wp-json\/wp\/v2\/types\/product"}],"wp:featuredmedia":[{"embeddable":true,"href":"https:\/\/vivaiobaronti.com\/de\/wp-json\/wp\/v2\/media\/25744"}],"wp:attachment":[{"href":"https:\/\/vivaiobaronti.com\/de\/wp-json\/wp\/v2\/media?parent=17161"}],"wp:term":[{"taxonomy":"product_brand","embeddable":true,"href":"https:\/\/vivaiobaronti.com\/de\/wp-json\/wp\/v2\/product_brand?post=17161"},{"taxonomy":"product_cat","embeddable":true,"href":"https:\/\/vivaiobaronti.com\/de\/wp-json\/wp\/v2\/product_cat?post=17161"},{"taxonomy":"product_tag","embeddable":true,"href":"https:\/\/vivaiobaronti.com\/de\/wp-json\/wp\/v2\/product_tag?post=17161"}],"curies":[{"name":"wp","href":"https:\/\/api.w.org\/{rel}","templated":true}]}}