{"id":17159,"date":"2025-05-20T08:20:27","date_gmt":"2025-05-20T08:20:27","guid":{"rendered":"https:\/\/quizzical-davinci.89-31-73-59.plesk.page\/pianta\/phormium-pink-stripe\/"},"modified":"2025-07-24T08:26:04","modified_gmt":"2025-07-24T08:26:04","slug":"phormium-pink-stripe","status":"publish","type":"product","link":"https:\/\/vivaiobaronti.com\/de\/pianta\/phormium-pink-stripe\/","title":{"rendered":"PHORMIUM PINK STRIPE"},"content":{"rendered":"<p>Phormium cookianum \u201ePink Stripe\u201c ist eine immergr\u00fcne neuseel\u00e4ndische Flachssorte mit starker dekorativer Wirkung, die aufgrund ihres lebendigen Laubs und ihres eleganten Wuchses ausgew\u00e4hlt wurde. Charakteristisch f\u00fcr ihre leuchtend rosa Streifen eignet sich diese Sorte ideal, um Farbe und Bewegung in moderne, mediterrane oder exotische G\u00e4rten sowie in Topfkompositionen zu bringen. Die langen, bandf\u00f6rmigen und leicht gebogenen Bl\u00e4tter wachsen in ordentlichen B\u00fcscheln und sind flexibel, aber robust. Die Farbe ist leuchtend: Auf dem gr\u00fcn-bronzenen Hintergrund stechen deutliche, tiefrosa Streifen hervor, die je nach Standort und Jahreszeit ins Fuchsiafarbene oder Hellrot tendieren k\u00f6nnen. Der Farbkontrast ist deutlich, aber harmonisch und verleiht der Pflanze eine dynamische Pr\u00e4senz, ohne \u00fcbertrieben zu wirken. Der Wuchs ist ausgedehnt, aber ruhig, mit einem regelm\u00e4\u00dfigen Wachstum, wodurch die Pflanze durchschnittlich eine H\u00f6he von etwa 1\u20131,2 Metern und eine \u00e4hnliche Breite erreicht. Die f\u00fcr Phormium typische F\u00e4cherform ist gut ausgepr\u00e4gt und erfordert keinen R\u00fcckschnitt.<\/p>\n<p>In Kultur bl\u00fcht die Pflanze selten, kann aber in geeigneten Klimazonen im Sommer mit aufrechten und verzweigten Bl\u00fctenst\u00e4ngeln erscheinen, die r\u00f6hrenf\u00f6rmige, rotbraune Bl\u00fcten tragen. Das Hauptaugenmerk der Pflanze liegt jedoch auf dem dekorativen und widerstandsf\u00e4higen Laub.<br \/>\nPhormium \u201ePink Stripe\u201c bevorzugt sonnige oder halbschattige Standorte und gedeiht gut in gut durchl\u00e4ssigen B\u00f6den, auch in kargen oder sandigen. Es ist wind- und salzresistent und eignet sich daher auch f\u00fcr K\u00fcsteng\u00e4rten. Sobald es gut verwurzelt ist, vertr\u00e4gt es lange Trockenperioden. In kalten Klimazonen ist es ratsam, es vor starkem Frost zu sch\u00fctzen oder es in einem Topf zu kultivieren, um es w\u00e4hrend der Wintermonate umzustellen.<\/p>\n<p>Phormium cookianum \u201ePink Stripe\u201c zeichnet sich durch seine intensive Blattfarbe und Widerstandsf\u00e4higkeit gegen\u00fcber rauen Umweltbedingungen aus. ist eine ausgezeichnete Wahl f\u00fcr alle, die eine auff\u00e4llige, langlebige und pflegeleichte Zierpflanze suchen, die sich sowohl f\u00fcr formelle als auch f\u00fcr nat\u00fcrliche Arrangements eignet.<\/p>\n","protected":false},"excerpt":{"rendered":"<p>Phormium cookianum \u201ePink Stripe\u201c ist eine immergr\u00fcne neuseel\u00e4ndische Flachssorte mit starker dekorativer Wirkung, die aufgrund ihres lebendigen Laubs und ihres eleganten Wuchses ausgew\u00e4hlt wurde. Charakteristisch f\u00fcr ihre leuchtend rosa Streifen eignet sich diese Sorte ideal, um Farbe und Bewegung in moderne, mediterrane oder exotische G\u00e4rten sowie in Topfkompositionen zu bringen. Die langen, bandf\u00f6rmigen und leicht [&hellip;]<\/p>\n","protected":false},"featured_media":25704,"template":"","meta":{"_acf_changed":false},"product_brand":[],"product_cat":[141,147],"product_tag":[],"class_list":{"0":"post-17159","1":"product","2":"type-product","3":"status-publish","4":"has-post-thumbnail","6":"product_cat-pflanzen","7":"product_cat-strauch","8":"pa_forma-strauch","10":"first","11":"instock","12":"purchasable","13":"product-type-variable"},"acf":[],"_links":{"self":[{"href":"https:\/\/vivaiobaronti.com\/de\/wp-json\/wp\/v2\/product\/17159","targetHints":{"allow":["GET"]}}],"collection":[{"href":"https:\/\/vivaiobaronti.com\/de\/wp-json\/wp\/v2\/product"}],"about":[{"href":"https:\/\/vivaiobaronti.com\/de\/wp-json\/wp\/v2\/types\/product"}],"wp:featuredmedia":[{"embeddable":true,"href":"https:\/\/vivaiobaronti.com\/de\/wp-json\/wp\/v2\/media\/25704"}],"wp:attachment":[{"href":"https:\/\/vivaiobaronti.com\/de\/wp-json\/wp\/v2\/media?parent=17159"}],"wp:term":[{"taxonomy":"product_brand","embeddable":true,"href":"https:\/\/vivaiobaronti.com\/de\/wp-json\/wp\/v2\/product_brand?post=17159"},{"taxonomy":"product_cat","embeddable":true,"href":"https:\/\/vivaiobaronti.com\/de\/wp-json\/wp\/v2\/product_cat?post=17159"},{"taxonomy":"product_tag","embeddable":true,"href":"https:\/\/vivaiobaronti.com\/de\/wp-json\/wp\/v2\/product_tag?post=17159"}],"curies":[{"name":"wp","href":"https:\/\/api.w.org\/{rel}","templated":true}]}}