{"id":17157,"date":"2025-05-20T08:20:27","date_gmt":"2025-05-20T08:20:27","guid":{"rendered":"https:\/\/quizzical-davinci.89-31-73-59.plesk.page\/pianta\/phormium-pink-flamingo\/"},"modified":"2025-07-24T08:26:03","modified_gmt":"2025-07-24T08:26:03","slug":"phormium-pink-flamingo","status":"publish","type":"product","link":"https:\/\/vivaiobaronti.com\/de\/pianta\/phormium-pink-flamingo\/","title":{"rendered":"PHORMIUM PINK FLAMINGO"},"content":{"rendered":"<p>Phormium cookianum \u201ePink Flamingo\u201c ist eine Sorte des neuseel\u00e4ndischen Flachses mit elegantem Aussehen und buntem Laub, die besonders f\u00fcr ihre zarten, aber leuchtenden Farbt\u00f6ne gesch\u00e4tzt wird. Es handelt sich um eine immergr\u00fcne Sorte mit einem kr\u00e4ftigen, aber nicht \u00fcberm\u00e4\u00dfig dekorativen Profil, die sich ideal zur Versch\u00f6nerung von Rabatten, Blumenbeeten und Topfkompositionen sowohl in modernen G\u00e4rten als auch in nat\u00fcrlicheren Umgebungen eignet.<\/p>\n<p>Die Bl\u00e4tter sind lang, biegsam und bandf\u00f6rmig und in ordentlichen B\u00fcscheln angeordnet. Die Farbe ist das charakteristische Merkmal dieser Sorte: Blassrosa, cremefarbene und rosarote Streifen verlaufen \u00fcber den olivgr\u00fcnen oder gr\u00e4ulichen Hintergrund und verleihen der Pflanze ein frisches, buntes und edles Aussehen. Die Rosat\u00f6ne intensivieren sich bei gutem Lichteinfall und erzeugen angenehme, aber nie \u00fcberm\u00e4\u00dfige Kontraste.<\/p>\n<p>Der Wuchs ist leicht gew\u00f6lbt, weich und ordentlich. Die Pflanze w\u00e4chst m\u00e4\u00dfig und erreicht eine durchschnittliche H\u00f6he von 70 bis 100 cm und eine \u00e4hnliche Breite. Diese kleine Statur macht \u201ePink Flamingo\u201c auch ideal f\u00fcr die Topfkultur oder kleine R\u00e4ume, wo sie als Licht- und Farbelement wirken kann.<br \/>\nDie in Kultur seltene Bl\u00fctezeit kann im Sommer an aufrechten, verzweigten St\u00e4ngeln mit r\u00f6hrenf\u00f6rmigen Bl\u00fcten in Kupfert\u00f6nen erscheinen. Das Laub sorgt jedoch das ganze Jahr \u00fcber f\u00fcr einen dekorativen Reiz.<br \/>\nPhormium cookianum \u201ePink Flamingo\u201c gedeiht am besten an sonnigen Standorten oder im hellen Halbschatten auf gut durchl\u00e4ssigem Boden. Sie vertr\u00e4gt Salz und Wind und eignet sich daher auch f\u00fcr K\u00fcsteng\u00e4rten. Einmal gut etabliert, widersteht sie Trockenheit und schwierigen Umweltbedingungen. In Klimazonen mit starkem Frost empfiehlt es sich, sie in den Wintermonaten zu sch\u00fctzen oder in einem K\u00fcbel zu kultivieren. Aufgrund seiner zart leuchtenden Farbe, seiner geordneten Struktur und der einfachen Kultivierung ist Phormium \u201ePink Flamingo\u201c eine interessante Wahl f\u00fcr alle, die eine immergr\u00fcne Pflanze suchen, die ihrem Garten oder ihrer Terrasse einen Hauch von Originalit\u00e4t und Leichtigkeit verleiht.<\/p>\n","protected":false},"excerpt":{"rendered":"<p>Phormium cookianum \u201ePink Flamingo\u201c ist eine Sorte des neuseel\u00e4ndischen Flachses mit elegantem Aussehen und buntem Laub, die besonders f\u00fcr ihre zarten, aber leuchtenden Farbt\u00f6ne gesch\u00e4tzt wird. Es handelt sich um eine immergr\u00fcne Sorte mit einem kr\u00e4ftigen, aber nicht \u00fcberm\u00e4\u00dfig dekorativen Profil, die sich ideal zur Versch\u00f6nerung von Rabatten, Blumenbeeten und Topfkompositionen sowohl in modernen G\u00e4rten [&hellip;]<\/p>\n","protected":false},"featured_media":0,"template":"","meta":{"_acf_changed":false},"product_brand":[],"product_cat":[141,147],"product_tag":[],"class_list":{"0":"post-17157","1":"product","2":"type-product","3":"status-publish","5":"product_cat-pflanzen","6":"product_cat-strauch","7":"pa_forma-strauch","9":"first","10":"instock","11":"purchasable","12":"product-type-variable"},"acf":[],"_links":{"self":[{"href":"https:\/\/vivaiobaronti.com\/de\/wp-json\/wp\/v2\/product\/17157","targetHints":{"allow":["GET"]}}],"collection":[{"href":"https:\/\/vivaiobaronti.com\/de\/wp-json\/wp\/v2\/product"}],"about":[{"href":"https:\/\/vivaiobaronti.com\/de\/wp-json\/wp\/v2\/types\/product"}],"wp:attachment":[{"href":"https:\/\/vivaiobaronti.com\/de\/wp-json\/wp\/v2\/media?parent=17157"}],"wp:term":[{"taxonomy":"product_brand","embeddable":true,"href":"https:\/\/vivaiobaronti.com\/de\/wp-json\/wp\/v2\/product_brand?post=17157"},{"taxonomy":"product_cat","embeddable":true,"href":"https:\/\/vivaiobaronti.com\/de\/wp-json\/wp\/v2\/product_cat?post=17157"},{"taxonomy":"product_tag","embeddable":true,"href":"https:\/\/vivaiobaronti.com\/de\/wp-json\/wp\/v2\/product_tag?post=17157"}],"curies":[{"name":"wp","href":"https:\/\/api.w.org\/{rel}","templated":true}]}}