{"id":17155,"date":"2025-05-20T08:20:27","date_gmt":"2025-05-20T08:20:27","guid":{"rendered":"https:\/\/quizzical-davinci.89-31-73-59.plesk.page\/pianta\/phormium-evening-glow\/"},"modified":"2025-07-24T08:26:03","modified_gmt":"2025-07-24T08:26:03","slug":"phormium-evening-glow","status":"publish","type":"product","link":"https:\/\/vivaiobaronti.com\/de\/pianta\/phormium-evening-glow\/","title":{"rendered":"PHORMIUM EVENING GLOW"},"content":{"rendered":"<p>Phormium cookianum \u201eDuette\u201c ist eine kompakte und dekorative Flachssorte aus Neuseeland, die f\u00fcr ihr buntes, hell get\u00f6ntes Laub und ihren eleganten, gewundenen Wuchs gesch\u00e4tzt wird. Sie ist eine immergr\u00fcne Pflanze mit hohem Zierwert, ideal, um Lichtpunkte in Blumenbeeten, gemischten Rabatten oder Topfkompositionen zu setzen. Die bandf\u00f6rmigen, leicht gew\u00f6lbten Bl\u00e4tter sind lang, weich und f\u00e4cherf\u00f6rmig angeordnet. Die Farbe ist eines der markantesten Merkmale dieser Sorte: Die Blattmitte ist blassgr\u00fcn mit cremefarbenen oder hellgelben T\u00f6nen, eingefasst von dunkleren olivgr\u00fcnen R\u00e4ndern. Dieser zarte, aber sichtbare Kontrast verleiht der Pflanze eine nat\u00fcrliche Helligkeit, die selbst schlichte Kompositionen beleben kann.<br \/>\n\u201eDuette\u201c Die Pflanze w\u00e4chst regelm\u00e4\u00dfig und m\u00e4\u00dfig und erreicht eine maximale H\u00f6he von etwa 80\u2013100 cm. Sie eignet sich daher auch f\u00fcr kleine Fl\u00e4chen oder f\u00fcr die K\u00fcbelkultur. Der Wuchs ist leicht gestreckt, die Bl\u00e4tter biegen sich elegant nach au\u00dfen, was der Pflanze ein weiches und harmonisches Aussehen verleiht. Die Bl\u00fcte ist in Kulturen selten, aber wenn, dann im Sommer mit hohen, steifen St\u00e4ngeln, die r\u00f6hrenf\u00f6rmige Bl\u00fcten von r\u00f6tlicher oder kupferfarbener Farbe tragen. Der Hauptzierwert liegt jedoch in der Sch\u00f6nheit und Stabilit\u00e4t des bunten Laubes das ganze Jahr \u00fcber. Phormium cookianum &amp;#39;Duette&amp;#39; bevorzugt Standorte in voller Sonne oder im Halbschatten und w\u00e4chst gut in gut durchl\u00e4ssigen B\u00f6den. Sie ist eine robuste Pflanze, die Wind und Salz vertr\u00e4gt und sich daher ideal f\u00fcr K\u00fcsteng\u00e4rten eignet. Sobald sie gut verwurzelt ist, vertr\u00e4gt sie kurze Trockenperioden und m\u00e4\u00dfig kalte Temperaturen. In Gebieten mit anhaltendem Frost ist jedoch ein Winterschutz ratsam. Aufgrund seiner dezenten Eleganz, der hellen Farbe und der einfachen Pflege eignet sich Phormium \u201eDuette\u201c perfekt f\u00fcr leuchtende Kompositionen, Kombinationen mit Stauden und Gr\u00e4sern oder als Kontrastelement in modernen und mediterranen G\u00e4rten.<\/p>\n","protected":false},"excerpt":{"rendered":"<p>Phormium cookianum \u201eDuette\u201c ist eine kompakte und dekorative Flachssorte aus Neuseeland, die f\u00fcr ihr buntes, hell get\u00f6ntes Laub und ihren eleganten, gewundenen Wuchs gesch\u00e4tzt wird. Sie ist eine immergr\u00fcne Pflanze mit hohem Zierwert, ideal, um Lichtpunkte in Blumenbeeten, gemischten Rabatten oder Topfkompositionen zu setzen. Die bandf\u00f6rmigen, leicht gew\u00f6lbten Bl\u00e4tter sind lang, weich und f\u00e4cherf\u00f6rmig angeordnet. [&hellip;]<\/p>\n","protected":false},"featured_media":0,"template":"","meta":{"_acf_changed":false},"product_brand":[],"product_cat":[141,147],"product_tag":[],"class_list":{"0":"post-17155","1":"product","2":"type-product","3":"status-publish","5":"product_cat-pflanzen","6":"product_cat-strauch","7":"pa_forma-strauch","9":"first","10":"instock","11":"purchasable","12":"product-type-variable"},"acf":[],"_links":{"self":[{"href":"https:\/\/vivaiobaronti.com\/de\/wp-json\/wp\/v2\/product\/17155","targetHints":{"allow":["GET"]}}],"collection":[{"href":"https:\/\/vivaiobaronti.com\/de\/wp-json\/wp\/v2\/product"}],"about":[{"href":"https:\/\/vivaiobaronti.com\/de\/wp-json\/wp\/v2\/types\/product"}],"wp:attachment":[{"href":"https:\/\/vivaiobaronti.com\/de\/wp-json\/wp\/v2\/media?parent=17155"}],"wp:term":[{"taxonomy":"product_brand","embeddable":true,"href":"https:\/\/vivaiobaronti.com\/de\/wp-json\/wp\/v2\/product_brand?post=17155"},{"taxonomy":"product_cat","embeddable":true,"href":"https:\/\/vivaiobaronti.com\/de\/wp-json\/wp\/v2\/product_cat?post=17155"},{"taxonomy":"product_tag","embeddable":true,"href":"https:\/\/vivaiobaronti.com\/de\/wp-json\/wp\/v2\/product_tag?post=17155"}],"curies":[{"name":"wp","href":"https:\/\/api.w.org\/{rel}","templated":true}]}}