{"id":17151,"date":"2025-05-20T08:20:27","date_gmt":"2025-05-20T08:20:27","guid":{"rendered":"https:\/\/quizzical-davinci.89-31-73-59.plesk.page\/pianta\/phormium-cookianum-black-adder\/"},"modified":"2025-07-24T08:26:03","modified_gmt":"2025-07-24T08:26:03","slug":"phormium-cookianum-black-adder","status":"publish","type":"product","link":"https:\/\/vivaiobaronti.com\/de\/pianta\/phormium-cookianum-black-adder\/","title":{"rendered":"PHORMIUM COOKIANUM BLACK ADDER"},"content":{"rendered":"<p><span style=\"font-weight: 400\">Phormium cookianum &#8218;Black Adder&#8216; ist eine dekorative Flachssorte aus Neuseeland, die f\u00fcr ihr dunkles, gl\u00e4nzendes und stark strukturiertes Laub gesch\u00e4tzt wird. Diese immergr\u00fcne Sorte aus der Familie der Asphodelaceae besticht durch ihre elegante Form und grafische Struktur und eignet sich ideal f\u00fcr die Schaffung starker und dynamischer Kontraste in modernen, exotischen oder mediterranen G\u00e4rten.<\/span> <span style=\"font-weight: 400\">Die bandf\u00f6rmigen, langen und leicht gew\u00f6lbten Bl\u00e4tter haben eine tiefe und intensive Farbe: ein sehr dunkles, ins Schwarz tendierendes Violett, das das ganze Jahr \u00fcber stabil bleibt. Die gl\u00e4nzende und flexible Oberfl\u00e4che verleiht der Pflanze ein gepflegtes und zugleich malerisches Aussehen. Dieser besondere Farbton macht &#8218;Black Adder&#8216; zu einem Element mit starker optischer Wirkung, das sich sowohl als Solit\u00e4r als auch in Gruppen oder Kombinationen mit hellbl\u00e4ttrigen Pflanzen oder leuchtenden Bl\u00fcten perfekt eignet.<\/span> <span style=\"font-weight: 400\">Im Gegensatz zu anderen, aufrechteren Sorten hat Phormium cookianum einen weicheren und offeneren Wuchs mit Bl\u00e4ttern, die dazu neigen, sich elegant nach au\u00dfen zu w\u00f6lben. Sie erreicht im Allgemeinen eine H\u00f6he von etwa 1 bis 1,2 Metern bei \u00e4hnlicher Breite und beh\u00e4lt einen ausgewogenen und ordentlichen Wuchs.<\/span> <span style=\"font-weight: 400\">Im Sommer kann sie oberirdische Bl\u00fctenst\u00e4nde an starren Stielen mit r\u00f6tlichen, r\u00f6hrenf\u00f6rmigen Bl\u00fcten bilden, obwohl die Bl\u00fcte im Garten nicht immer garantiert ist. Die Pflanze wird haupts\u00e4chlich wegen des dekorativen Werts ihres Laubes angebaut.<\/span> <span style=\"font-weight: 400\">Phormium &#8218;Black Adder&#8216; bevorzugt Standorte in voller Sonne oder im Halbschatten und passt sich einer Vielzahl von B\u00f6den an, solange diese gut entw\u00e4ssert sind. Sie ist wind- und salzresistent und eignet sich daher gut f\u00fcr K\u00fcsteng\u00e4rten. Nach dem Anwachsen vertr\u00e4gt sie Trockenheit und vertr\u00e4gt gem\u00e4\u00dfigte Wintertemperaturen. In Gebieten mit anhaltendem Frost empfiehlt sich jedoch die Pflanzung im Topf oder an gesch\u00fctzten Standorten.<\/span> <span style=\"font-weight: 400\">Phormium cookianum &#8218;Black Adder&#8216; ist aufgrund seines markanten Aussehens, seines geringen Pflegeaufwands und seiner Vielseitigkeit in der Landschaftsgestaltung eine ausgezeichnete Wahl f\u00fcr Rabatten, moderne Blumenbeete und Gr\u00fcnfl\u00e4chen im minimalistischen oder exotischen Stil.<\/span><\/p>\n","protected":false},"excerpt":{"rendered":"<p>Phormium cookianum &#8218;Black Adder&#8216; ist eine dekorative Flachssorte aus Neuseeland, die f\u00fcr ihr dunkles, gl\u00e4nzendes und stark strukturiertes Laub gesch\u00e4tzt wird. Diese immergr\u00fcne Sorte aus der Familie der Asphodelaceae besticht durch ihre elegante Form und grafische Struktur und eignet sich ideal f\u00fcr die Schaffung starker und dynamischer Kontraste in modernen, exotischen oder mediterranen G\u00e4rten. Die [&hellip;]<\/p>\n","protected":false},"featured_media":25684,"template":"","meta":{"_acf_changed":false},"product_brand":[],"product_cat":[141,147],"product_tag":[],"class_list":{"0":"post-17151","1":"product","2":"type-product","3":"status-publish","4":"has-post-thumbnail","6":"product_cat-pflanzen","7":"product_cat-strauch","8":"pa_forma-strauch","10":"first","11":"instock","12":"purchasable","13":"product-type-variable"},"acf":[],"_links":{"self":[{"href":"https:\/\/vivaiobaronti.com\/de\/wp-json\/wp\/v2\/product\/17151","targetHints":{"allow":["GET"]}}],"collection":[{"href":"https:\/\/vivaiobaronti.com\/de\/wp-json\/wp\/v2\/product"}],"about":[{"href":"https:\/\/vivaiobaronti.com\/de\/wp-json\/wp\/v2\/types\/product"}],"wp:featuredmedia":[{"embeddable":true,"href":"https:\/\/vivaiobaronti.com\/de\/wp-json\/wp\/v2\/media\/25684"}],"wp:attachment":[{"href":"https:\/\/vivaiobaronti.com\/de\/wp-json\/wp\/v2\/media?parent=17151"}],"wp:term":[{"taxonomy":"product_brand","embeddable":true,"href":"https:\/\/vivaiobaronti.com\/de\/wp-json\/wp\/v2\/product_brand?post=17151"},{"taxonomy":"product_cat","embeddable":true,"href":"https:\/\/vivaiobaronti.com\/de\/wp-json\/wp\/v2\/product_cat?post=17151"},{"taxonomy":"product_tag","embeddable":true,"href":"https:\/\/vivaiobaronti.com\/de\/wp-json\/wp\/v2\/product_tag?post=17151"}],"curies":[{"name":"wp","href":"https:\/\/api.w.org\/{rel}","templated":true}]}}