{"id":17147,"date":"2025-05-20T08:20:27","date_gmt":"2025-05-20T08:20:27","guid":{"rendered":"https:\/\/quizzical-davinci.89-31-73-59.plesk.page\/pianta\/phillyrea-angustifolia\/"},"modified":"2025-07-24T08:26:03","modified_gmt":"2025-07-24T08:26:03","slug":"phillyrea-angustifolia","status":"publish","type":"product","link":"https:\/\/vivaiobaronti.com\/de\/pianta\/phillyrea-angustifolia\/","title":{"rendered":"PHILLYREA ANGUSTIFOLIA"},"content":{"rendered":"<p><span style=\"font-weight: 400\">Phillyrea angustifolia ist ein immergr\u00fcner Strauch aus der Familie der \u00d6lbaumgew\u00e4chse (Oleaceae), der typisch f\u00fcr die mediterrane Macchia ist und wegen seiner Robustheit, seines d\u00fcnnen, ledrigen Laubs und seiner Trockenresistenz sehr gesch\u00e4tzt wird. Die Pflanze ist im Mittelmeerraum heimisch und wird dank ihrer Anpassungsf\u00e4higkeit und dezenten Eleganz sowohl in naturnahen als auch in der Ziergartengestaltung h\u00e4ufig verwendet.<\/span> <span style=\"font-weight: 400\">Der Wuchs ist kompakt, dicht und nat\u00fcrlich ordentlich, mit dichter Verzweigung, wodurch sie sich auch ideal f\u00fcr informelle Hecken oder als Solit\u00e4r eignet. Die Bl\u00e4tter sind schmal, lineal-lanzettlich, auf der Oberseite leuchtend dunkelgr\u00fcn und auf der Unterseite heller. Die feine Textur des Laubs verleiht der Pflanze ein schlichtes, aber edles Aussehen, das perfekt in mediterrane oder moderne G\u00e4rten passt.<\/span> <span style=\"font-weight: 400\">Die Bl\u00fctezeit erfolgt im Fr\u00fchjahr: Kleine gr\u00fcnlich-wei\u00dfe Bl\u00fcten, die in winzigen B\u00fcscheln in den Blattachseln angeordnet sind. Obwohl sie aus dekorativer Sicht nicht besonders auff\u00e4llig sind, sind sie wohlriechend und ziehen Bienen und best\u00e4ubende Insekten an. Darauf k\u00f6nnen kleine dunkle Steinfr\u00fcchte folgen, die Oliven \u00e4hneln und nicht essbar, aber von geringem Zierwert sind.<\/span> <span style=\"font-weight: 400\">Phillyrea angustifolia w\u00e4chst langsam und erreicht im Allgemeinen eine H\u00f6he von 2-3 Metern, kann aber in g\u00fcnstigen Umgebungen 4 Meter \u00fcberschreiten. Sie ist eine \u00e4u\u00dferst widerstandsf\u00e4hige Pflanze: Sie vertr\u00e4gt anhaltende D\u00fcrre, karge und kalkhaltige B\u00f6den, salzhaltigen Wind und sonnige Lagen. Sie passt sich auch steinigen oder flachen B\u00f6den an, solange diese gut entw\u00e4ssert sind. Sie vertr\u00e4gt K\u00e4lte, Schnitt und st\u00e4dtische Verschmutzung gut und ist daher f\u00fcr Stadt- oder K\u00fcsteng\u00e4rten geeignet.<\/span> <span style=\"font-weight: 400\">Aufgrund ihrer Widerstandsf\u00e4higkeit, ihres geringen Wasserbedarfs und ihres landschaftlichen Werts ist Phillyrea angustifolia eine ausgezeichnete Wahl f\u00fcr alle, die einen robusten, diskreten, immergr\u00fcnen Strauch suchen, der f\u00fcr schwierige Umweltbedingungen geeignet ist, ohne auf eine gewisse nat\u00fcrliche Eleganz verzichten zu m\u00fcssen.<\/span><\/p>\n","protected":false},"excerpt":{"rendered":"<p>Phillyrea angustifolia ist ein immergr\u00fcner Strauch aus der Familie der \u00d6lbaumgew\u00e4chse (Oleaceae), der typisch f\u00fcr die mediterrane Macchia ist und wegen seiner Robustheit, seines d\u00fcnnen, ledrigen Laubs und seiner Trockenresistenz sehr gesch\u00e4tzt wird. Die Pflanze ist im Mittelmeerraum heimisch und wird dank ihrer Anpassungsf\u00e4higkeit und dezenten Eleganz sowohl in naturnahen als auch in der Ziergartengestaltung [&hellip;]<\/p>\n","protected":false},"featured_media":0,"template":"","meta":{"_acf_changed":false},"product_brand":[],"product_cat":[141,147],"product_tag":[],"class_list":{"0":"post-17147","1":"product","2":"type-product","3":"status-publish","5":"product_cat-pflanzen","6":"product_cat-strauch","7":"pa_forma-strauch","9":"first","10":"instock","11":"purchasable","12":"product-type-variable"},"acf":[],"_links":{"self":[{"href":"https:\/\/vivaiobaronti.com\/de\/wp-json\/wp\/v2\/product\/17147","targetHints":{"allow":["GET"]}}],"collection":[{"href":"https:\/\/vivaiobaronti.com\/de\/wp-json\/wp\/v2\/product"}],"about":[{"href":"https:\/\/vivaiobaronti.com\/de\/wp-json\/wp\/v2\/types\/product"}],"wp:attachment":[{"href":"https:\/\/vivaiobaronti.com\/de\/wp-json\/wp\/v2\/media?parent=17147"}],"wp:term":[{"taxonomy":"product_brand","embeddable":true,"href":"https:\/\/vivaiobaronti.com\/de\/wp-json\/wp\/v2\/product_brand?post=17147"},{"taxonomy":"product_cat","embeddable":true,"href":"https:\/\/vivaiobaronti.com\/de\/wp-json\/wp\/v2\/product_cat?post=17147"},{"taxonomy":"product_tag","embeddable":true,"href":"https:\/\/vivaiobaronti.com\/de\/wp-json\/wp\/v2\/product_tag?post=17147"}],"curies":[{"name":"wp","href":"https:\/\/api.w.org\/{rel}","templated":true}]}}