{"id":17065,"date":"2025-05-20T08:20:27","date_gmt":"2025-05-20T08:20:27","guid":{"rendered":"https:\/\/quizzical-davinci.89-31-73-59.plesk.page\/pianta\/osmanthus-burkwoodii\/"},"modified":"2025-07-24T08:26:03","modified_gmt":"2025-07-24T08:26:03","slug":"osmanthus-burkwoodii","status":"publish","type":"product","link":"https:\/\/vivaiobaronti.com\/de\/pianta\/osmanthus-burkwoodii\/","title":{"rendered":"OSMANTHUS BURKWOODII"},"content":{"rendered":"<p><span style=\"font-weight: 400;\">Osmanthus \u00c3- burkwoodii ist ein eleganter, mittelgro\u00dfer, immergr\u00fcner Strauch, der f\u00fcr seine intensiv duftenden Bl\u00fcten und sein gl\u00e4nzendes, kompaktes Laub gesch\u00e4tzt wird. Es handelt sich um eine nat\u00fcrliche Kreuzung zwischen Osmanthus decorus und Osmanthus delavayi, die speziell ausgew\u00e4hlt wurde, um die rustikale und geordnete Form des ersteren mit dem Duft und der Finesse des letzteren zu verbinden.<\/span> <span style=\"font-weight: 400;\">Das Laub ist eines der beliebtesten Zierelemente: Die eif\u00f6rmigen, ledrigen Bl\u00e4tter von leuchtendem Dunkelgr\u00fcn bilden eine kompakte, dichte Masse und verleihen der Pflanze auch ohne regelm\u00e4\u00dfigen Schnitt ein gepflegtes Aussehen. Der Wuchs ist rund und gut verzweigt, mit langsamem Wachstum und einer ausgewogenen Struktur.<\/span> <span style=\"font-weight: 400;\">Im zeitigen Fr\u00fchjahr ist Osmanthus \u00c3- burkwoodii mit kleinen wei\u00dfen Bl\u00fcten bedeckt, die in achselst\u00e4ndigen B\u00fcscheln versammelt sind. Obwohl die Bl\u00fcten klein sind, machen ihre F\u00fclle und vor allem ihr intensiver Duft &#8211; s\u00fc\u00df, durchdringend, \u00e4hnlich wie Jasmin oder Honig &#8211; sie zu einem der beliebtesten Bl\u00fctenstr\u00e4ucher f\u00fcr Zierg\u00e4rten, Dufthecken und gemischte Rabatten.<\/span> <span style=\"font-weight: 400;\">Diese Sorte erreicht im Erwachsenenalter eine H\u00f6he zwischen 2 und 3 Metern und eine entsprechende Breite. Sie eignet sich perfekt sowohl als Solit\u00e4r als auch f\u00fcr die Anlage formaler Hecken, da sie sich leicht formen und in Form halten l\u00e4sst. Sie ist schnittvertr\u00e4glich und reagiert auch gut auf Eind\u00e4mmungs- und Formma\u00dfnahmen.<\/span> <span style=\"font-weight: 400;\">Osmanthus \u00c3- burkwoodii bevorzugt sonnige oder halbschattige Standorte und passt sich verschiedenen Bodenarten an, solange diese gut durchl\u00e4ssig sind. Sie ist eine robuste Pflanze, k\u00e4lte- und windresistent und dank ihrer guten Toleranz gegen\u00fcber Luftverschmutzung auch gut f\u00fcr st\u00e4dtische Umgebungen geeignet. Wenn er sich einmal gut etabliert hat, vertr\u00e4gt er sogar kurze D\u00fcrreperioden.<\/span> <span style=\"font-weight: 400;\">Aufgrund seiner Kombination aus Eleganz, kompakter Struktur und duftender Bl\u00fcte ist Osmanthus \u00c3- burkwoodii eine ausgezeichnete Wahl f\u00fcr alle, die eine edle, langlebige und pflegeleichte immergr\u00fcne Pflanze suchen, die fast das ganze Jahr \u00fcber interessant aussieht.<\/span><\/p>\n","protected":false},"excerpt":{"rendered":"<p>Osmanthus \u00c3- burkwoodii ist ein eleganter, mittelgro\u00dfer, immergr\u00fcner Strauch, der f\u00fcr seine intensiv duftenden Bl\u00fcten und sein gl\u00e4nzendes, kompaktes Laub gesch\u00e4tzt wird. Es handelt sich um eine nat\u00fcrliche Kreuzung zwischen Osmanthus decorus und Osmanthus delavayi, die speziell ausgew\u00e4hlt wurde, um die rustikale und geordnete Form des ersteren mit dem Duft und der Finesse des letzteren [&hellip;]<\/p>\n","protected":false},"featured_media":7198,"template":"","meta":{"_acf_changed":false},"product_brand":[],"product_cat":[141,147],"product_tag":[],"class_list":{"0":"post-17065","1":"product","2":"type-product","3":"status-publish","4":"has-post-thumbnail","6":"product_cat-pflanzen","7":"product_cat-strauch","8":"pa_forma-strauch","10":"first","11":"instock","12":"purchasable","13":"product-type-variable"},"acf":[],"_links":{"self":[{"href":"https:\/\/vivaiobaronti.com\/de\/wp-json\/wp\/v2\/product\/17065","targetHints":{"allow":["GET"]}}],"collection":[{"href":"https:\/\/vivaiobaronti.com\/de\/wp-json\/wp\/v2\/product"}],"about":[{"href":"https:\/\/vivaiobaronti.com\/de\/wp-json\/wp\/v2\/types\/product"}],"wp:featuredmedia":[{"embeddable":true,"href":"https:\/\/vivaiobaronti.com\/de\/wp-json\/wp\/v2\/media\/7198"}],"wp:attachment":[{"href":"https:\/\/vivaiobaronti.com\/de\/wp-json\/wp\/v2\/media?parent=17065"}],"wp:term":[{"taxonomy":"product_brand","embeddable":true,"href":"https:\/\/vivaiobaronti.com\/de\/wp-json\/wp\/v2\/product_brand?post=17065"},{"taxonomy":"product_cat","embeddable":true,"href":"https:\/\/vivaiobaronti.com\/de\/wp-json\/wp\/v2\/product_cat?post=17065"},{"taxonomy":"product_tag","embeddable":true,"href":"https:\/\/vivaiobaronti.com\/de\/wp-json\/wp\/v2\/product_tag?post=17065"}],"curies":[{"name":"wp","href":"https:\/\/api.w.org\/{rel}","templated":true}]}}