{"id":16998,"date":"2025-05-20T08:20:27","date_gmt":"2025-05-20T08:20:27","guid":{"rendered":"https:\/\/quizzical-davinci.89-31-73-59.plesk.page\/pianta\/osmanthus-aquifolium\/"},"modified":"2025-09-22T11:55:13","modified_gmt":"2025-09-22T11:55:13","slug":"osmanthus-aquifolium","status":"publish","type":"product","link":"https:\/\/vivaiobaronti.com\/de\/pianta\/osmanthus-aquifolium\/","title":{"rendered":"OSMANTHUS AQUIFOLIUM"},"content":{"rendered":"<p><span style=\"font-weight: 400\">Osmanthus heterophyllus, allgemein bekannt als Stechpalmenbl\u00e4ttriger Osmanthus oder &#8222;Osmanthus aquifolium&#8220;, ist ein immergr\u00fcner Zierstrauch, der f\u00fcr seine Robustheit, sein dekoratives Laub und seine duftende Herbstbl\u00fcte gesch\u00e4tzt wird. Die in Japan und Taiwan beheimatete Pflanze besticht durch ihren dichten, kompakten Wuchs und ihre F\u00e4higkeit, mit minimalem R\u00fcckschnitt ein gepflegtes Aussehen zu bewahren.<\/span> <span style=\"font-weight: 400\">Die ledrigen, gl\u00e4nzenden Bl\u00e4tter sind dunkelgr\u00fcn und tief gez\u00e4hnt, mit stacheligen R\u00e4ndern, insbesondere bei jungen Exemplaren. Die \u00c4hnlichkeit mit der Stechpalme (Ilex aquifolium) hat zur Verbreitung des gebr\u00e4uchlichen Namens beigetragen, doch im Gegensatz zu dieser weist Osmanthus eine feinere Textur und eine regelm\u00e4\u00dfigere Anordnung der Bl\u00e4tter auf. Mit zunehmendem Alter neigen die Bl\u00e4tter dazu, weniger stachelig und eif\u00f6rmiger zu werden.<\/span> <span style=\"font-weight: 400\">Im Herbst bl\u00fcht der Osmanthus heterophyllus diskret, aber herrlich duftend: Kleine wei\u00dfe Bl\u00fcten, die in kleinen Gruppen in den Blattachseln versammelt sind, verstr\u00f6men einen intensiven und s\u00fc\u00dfen Duft, der an Jasmin erinnert. Obwohl sie klein und optisch unauff\u00e4llig sind, werden die Bl\u00fcten wegen ihres Duftes, der sich weit um die Pflanze herum verbreitet, sehr gesch\u00e4tzt.<\/span> <span style=\"font-weight: 400\">Der Osmanthus mit den stacheligen Bl\u00e4ttern kann 3-4 Meter hoch werden und w\u00e4chst langsam und regelm\u00e4\u00dfig. Er eignet sich sowohl als Solit\u00e4r als auch f\u00fcr formale oder nat\u00fcrliche Hecken, da er schnittfest und kompakt ist. Sie bevorzugt volle Sonne oder Halbschatten auf gut durchl\u00e4ssigen, frischen und leicht sauren B\u00f6den, passt sich aber auch problemlos an weniger ideale Bedingungen an.<\/span> <span style=\"font-weight: 400\">Osmanthus heterophyllus ist eine sehr robuste, k\u00e4lte- und windresistente Pflanze, die sich dank ihrer Toleranz gegen\u00fcber Luftverschmutzung auch f\u00fcr Stadtg\u00e4rten eignet. Sie ben\u00f6tigt wenig Pflege und ist ideal f\u00fcr alle, die eine immergr\u00fcne Pflanze mit konstantem Zierwert und einer interessanten, duftenden Bl\u00fcte in der Zeit suchen, in der der Garten weniger Farbe bietet.<\/span><\/p>\n","protected":false},"excerpt":{"rendered":"<p>Osmanthus heterophyllus, allgemein bekannt als Stechpalmenbl\u00e4ttriger Osmanthus oder &#8222;Osmanthus aquifolium&#8220;, ist ein immergr\u00fcner Zierstrauch, der f\u00fcr seine Robustheit, sein dekoratives Laub und seine duftende Herbstbl\u00fcte gesch\u00e4tzt wird. Die in Japan und Taiwan beheimatete Pflanze besticht durch ihren dichten, kompakten Wuchs und ihre F\u00e4higkeit, mit minimalem R\u00fcckschnitt ein gepflegtes Aussehen zu bewahren. Die ledrigen, gl\u00e4nzenden Bl\u00e4tter [&hellip;]<\/p>\n","protected":false},"featured_media":7163,"template":"","meta":{"_acf_changed":false},"product_brand":[],"product_cat":[141,147],"product_tag":[],"class_list":{"0":"post-16998","1":"product","2":"type-product","3":"status-publish","4":"has-post-thumbnail","6":"product_cat-pflanzen","7":"product_cat-strauch","8":"pa_forma-strauch","10":"first","11":"instock","12":"purchasable","13":"product-type-variable"},"acf":[],"_links":{"self":[{"href":"https:\/\/vivaiobaronti.com\/de\/wp-json\/wp\/v2\/product\/16998","targetHints":{"allow":["GET"]}}],"collection":[{"href":"https:\/\/vivaiobaronti.com\/de\/wp-json\/wp\/v2\/product"}],"about":[{"href":"https:\/\/vivaiobaronti.com\/de\/wp-json\/wp\/v2\/types\/product"}],"wp:featuredmedia":[{"embeddable":true,"href":"https:\/\/vivaiobaronti.com\/de\/wp-json\/wp\/v2\/media\/7163"}],"wp:attachment":[{"href":"https:\/\/vivaiobaronti.com\/de\/wp-json\/wp\/v2\/media?parent=16998"}],"wp:term":[{"taxonomy":"product_brand","embeddable":true,"href":"https:\/\/vivaiobaronti.com\/de\/wp-json\/wp\/v2\/product_brand?post=16998"},{"taxonomy":"product_cat","embeddable":true,"href":"https:\/\/vivaiobaronti.com\/de\/wp-json\/wp\/v2\/product_cat?post=16998"},{"taxonomy":"product_tag","embeddable":true,"href":"https:\/\/vivaiobaronti.com\/de\/wp-json\/wp\/v2\/product_tag?post=16998"}],"curies":[{"name":"wp","href":"https:\/\/api.w.org\/{rel}","templated":true}]}}